{"id":1020605,"date":"2024-06-17T15:29:41","date_gmt":"2024-06-17T07:29:41","guid":{"rendered":"https:\/\/vimaterial.de\/product\/telururo-de-molibdeno-3\/"},"modified":"2024-10-11T15:40:11","modified_gmt":"2024-10-11T07:40:11","slug":"telururo-de-molibdeno-3","status":"publish","type":"product","link":"https:\/\/vimaterial.de\/es\/product\/telururo-de-molibdeno-3\/","title":{"rendered":"Telururo de molibdeno"},"content":{"rendered":"<p>El polvo de telururo de molibdeno es un material compuesto inorg\u00e1nico importante.<\/p>\n<p>&nbsp;<\/p>\n<p>Informaci\u00f3n b\u00e1sica:<\/p>\n<p>&nbsp;<\/p>\n<p>F\u00f3rmula qu\u00edmica: MoTe\u2082, formado por dos elementos, molibdeno (Mo) y telurio (Te).<\/p>\n<p>Peso molecular: 351,14 g\/mol.<\/p>\n<p>N\u00famero CAS: 12058-20-7.<\/p>\n<p>Aspecto: Generalmente gris, s\u00f3lido pulverulento hexagonal.<\/p>\n<p>Estructura cristalina: estructura estratificada<\/p>\n<p>Densidad: Alrededor de 7,7 g\/cm\u00b3.<\/p>\n<p>Punto de fusi\u00f3n: Se producir\u00e1 una descomposici\u00f3n y los datos espec\u00edficos del punto de fusi\u00f3n son dif\u00edciles de determinar.<\/p>\n<p>&nbsp;<\/p>\n<p>M\u00e9todo de preparaci\u00f3n:<\/p>\n<p>&nbsp;<\/p>\n<p>M\u00e9todo f\u00edsico: El material de telururo de molibdeno a granel se muele hasta convertirlo en polvo mediante molienda mec\u00e1nica, molienda de bolas, etc., pero el tama\u00f1o y la pureza del polvo obtenidos por este m\u00e9todo pueden ser limitados.<\/p>\n<p>&nbsp;<\/p>\n<p>M\u00e9todo qu\u00edmico: como el m\u00e9todo de deposici\u00f3n qu\u00edmica de vapor, polvo de molibdeno y polvo de telurio como materias primas, reacci\u00f3n a cierta temperatura, atm\u00f3sfera de gas y otras condiciones para producir polvo de teluro de molibdeno, el m\u00e9todo puede controlar mejor la pureza y morfolog\u00eda del producto.<\/p>\n<p>&nbsp;<\/p>\n<p>Campo de aplicaci\u00f3n:<\/p>\n<p>&nbsp;<\/p>\n<p>Electr\u00f3nica: Debido a sus propiedades semiconductoras, se puede utilizar para preparar dispositivos electr\u00f3nicos como transistores de efecto de campo (FET) y circuitos integrados, y tiene perspectivas de aplicaci\u00f3n en el campo de la nanoelectr\u00f3nica.<\/p>\n<p>&nbsp;<\/p>\n<p>Optoelectr\u00f3nica: Debido a su excelente rendimiento \u00f3ptico, se puede aplicar a dispositivos fotoelectr\u00f3nicos como detectores de luz y c\u00e9lulas fotovoltaicas, que pueden lograr una conversi\u00f3n eficiente de la luz en energ\u00eda el\u00e9ctrica.<\/p>\n<p>&nbsp;<\/p>\n<p>Campo catal\u00edtico: Tiene actividad catal\u00edtica en algunas reacciones qu\u00edmicas y se puede utilizar como catalizador en la refinaci\u00f3n de petr\u00f3leo, la fabricaci\u00f3n de productos qu\u00edmicos y otros procesos industriales para hacer que la reacci\u00f3n sea m\u00e1s eficiente y sostenible.<\/p>\n<p>&nbsp;<\/p>\n<p>Almacenamiento de energ\u00eda: Los investigadores est\u00e1n explorando su uso en dispositivos de almacenamiento de energ\u00eda, como las bater\u00edas de iones de litio, para mejorar la capacidad y el rendimiento del almacenamiento de energ\u00eda.<\/p>\n<p>&nbsp;<\/p>\n<p>Sensores: Los sensores basados en telururo de molibdeno se pueden utilizar en campos como la detecci\u00f3n de gases y la biodetecci\u00f3n, con alta sensibilidad y selectividad.<\/p>\n","protected":false},"excerpt":{"rendered":"<p>El polvo de telururo de molibdeno es un material compuesto inorg\u00e1nico importante.<\/p>\n<p>Electr\u00f3nica: Debido a sus propiedades semiconductoras, se puede utilizar para preparar dispositivos electr\u00f3nicos como transistores de efecto de campo (FET) y circuitos integrados, y tiene perspectivas de aplicaci\u00f3n en el campo de la nanoelectr\u00f3nica.<\/p>\n<p>Optoelectr\u00f3nica: Debido a su excelente rendimiento \u00f3ptico, se puede aplicar a dispositivos fotoelectr\u00f3nicos como detectores de luz y c\u00e9lulas fotovoltaicas, que pueden lograr una conversi\u00f3n eficiente de la luz en energ\u00eda el\u00e9ctrica.<\/p>\n","protected":false},"featured_media":1031912,"comment_status":"open","ping_status":"closed","template":"","meta":{"_acf_changed":false},"product_brand":[],"product_cat":[181],"product_tag":[],"class_list":{"0":"post-1020605","1":"product","2":"type-product","3":"status-publish","4":"has-post-thumbnail","6":"product_cat-materiales-calcogenuros","8":"first","9":"instock","10":"shipping-taxable","11":"purchasable","12":"product-type-variable"},"acf":[],"_links":{"self":[{"href":"https:\/\/vimaterial.de\/es\/wp-json\/wp\/v2\/product\/1020605","targetHints":{"allow":["GET"]}}],"collection":[{"href":"https:\/\/vimaterial.de\/es\/wp-json\/wp\/v2\/product"}],"about":[{"href":"https:\/\/vimaterial.de\/es\/wp-json\/wp\/v2\/types\/product"}],"replies":[{"embeddable":true,"href":"https:\/\/vimaterial.de\/es\/wp-json\/wp\/v2\/comments?post=1020605"}],"wp:featuredmedia":[{"embeddable":true,"href":"https:\/\/vimaterial.de\/es\/wp-json\/wp\/v2\/media\/1031912"}],"wp:attachment":[{"href":"https:\/\/vimaterial.de\/es\/wp-json\/wp\/v2\/media?parent=1020605"}],"wp:term":[{"taxonomy":"product_brand","embeddable":true,"href":"https:\/\/vimaterial.de\/es\/wp-json\/wp\/v2\/product_brand?post=1020605"},{"taxonomy":"product_cat","embeddable":true,"href":"https:\/\/vimaterial.de\/es\/wp-json\/wp\/v2\/product_cat?post=1020605"},{"taxonomy":"product_tag","embeddable":true,"href":"https:\/\/vimaterial.de\/es\/wp-json\/wp\/v2\/product_tag?post=1020605"}],"curies":[{"name":"wp","href":"https:\/\/api.w.org\/{rel}","templated":true}]}}