{"id":1020599,"date":"2024-06-17T15:29:41","date_gmt":"2024-06-17T07:29:41","guid":{"rendered":"https:\/\/vimaterial.de\/product\/telururo-de-molibdeno-2\/"},"modified":"2024-10-11T16:59:40","modified_gmt":"2024-10-11T08:59:40","slug":"telururo-de-molibdeno-2","status":"publish","type":"product","link":"https:\/\/vimaterial.de\/es\/product\/telururo-de-molibdeno-2\/","title":{"rendered":"Telururo de molibdeno"},"content":{"rendered":"<p>La part\u00edcula de teluro de molibdeno es un material compuesto inorg\u00e1nico importante.<\/p>\n<p>&nbsp;<\/p>\n<p>Informaci\u00f3n b\u00e1sica:<\/p>\n<p>&nbsp;<\/p>\n<p>F\u00f3rmula qu\u00edmica: MoTe\u2082.<\/p>\n<p>Peso molecular: 351,14 g\/mol.<\/p>\n<p>N\u00famero CAS: 12058-20-7.<\/p>\n<p>Aspecto: Generalmente gris, s\u00f3lido pulverulento hexagonal.<\/p>\n<p>Densidad: Aproximadamente 7,7 g\/cm\u00b3.<\/p>\n<p>Punto de fusi\u00f3n: Telururo de molibdeno los datos espec\u00edficos del punto de fusi\u00f3n son dif\u00edciles de determinar y pueden producirse cambios como la descomposici\u00f3n a altas temperaturas.<\/p>\n<p>&nbsp;<\/p>\n<p>Propiedades qu\u00edmicas:<\/p>\n<p>&nbsp;<\/p>\n<p>Estabilidad: puede ser estable en el aire, pero se descompondr\u00e1 en el vac\u00edo alcalino o a alta temperatura.<\/p>\n<p>Solubilidad: insoluble en agua, soluble en \u00e1cidos fuertes como el \u00e1cido n\u00edtrico.<\/p>\n<p>Reactividad: Tiene cierta reducibilidad.<\/p>\n<p>&nbsp;<\/p>\n<p>M\u00e9todo de preparaci\u00f3n:<\/p>\n<p>&nbsp;<\/p>\n<p>M\u00e9todo f\u00edsico: El material de telururo de molibdeno a granel se muele en part\u00edculas en polvo mediante molienda mec\u00e1nica, molienda de bolas, etc., pero el tama\u00f1o de part\u00edcula y la pureza obtenidos por este m\u00e9todo pueden ser limitados.<\/p>\n<p>&nbsp;<\/p>\n<p>M\u00e9todo qu\u00edmico: como el m\u00e9todo de deposici\u00f3n qu\u00edmica de vapor, la fuente de molibdeno y la fuente de telurio como materias primas, bajo ciertas condiciones de temperatura, presi\u00f3n y atm\u00f3sfera bajo la reacci\u00f3n qu\u00edmica, se generan part\u00edculas de teluro de molibdeno.<\/p>\n<p>&nbsp;<\/p>\n<p>Campo de aplicaci\u00f3n:<\/p>\n<p>&nbsp;<\/p>\n<p>Electr\u00f3nica: Debido a sus propiedades semiconductoras, se puede utilizar para preparar dispositivos electr\u00f3nicos como transistores de efecto de campo y circuitos integrados. Especialmente en el campo de la nanoelectr\u00f3nica en el futuro, las part\u00edculas de teluro de molibdeno tienen un gran potencial de aplicaci\u00f3n.<\/p>\n<p>&nbsp;<\/p>\n<p>Optoelectr\u00f3nica: Debido a su excelente rendimiento \u00f3ptico, se puede aplicar a dispositivos fotoelectr\u00f3nicos como detectores de luz y c\u00e9lulas fotovoltaicas para lograr una conversi\u00f3n eficiente de la luz en energ\u00eda el\u00e9ctrica.<\/p>\n<p>&nbsp;<\/p>\n<p>Campo catal\u00edtico: Tiene actividad catal\u00edtica en algunas reacciones qu\u00edmicas y se puede utilizar como catalizador en la refinaci\u00f3n de petr\u00f3leo, la fabricaci\u00f3n de productos qu\u00edmicos y otros procesos industriales.<\/p>\n","protected":false},"excerpt":{"rendered":"<p>La part\u00edcula de teluro de molibdeno es un material compuesto inorg\u00e1nico importante. Electr\u00f3nica: Debido a sus propiedades semiconductoras, se puede utilizar para preparar dispositivos electr\u00f3nicos como transistores de efecto de campo y circuitos integrados. Especialmente en el campo de la nanoelectr\u00f3nica en el futuro, las part\u00edculas de teluro de molibdeno tienen un gran potencial de aplicaci\u00f3n. Optoelectr\u00f3nica: Debido a su excelente rendimiento \u00f3ptico, se puede aplicar a dispositivos fotoelectr\u00f3nicos como detectores de luz y c\u00e9lulas fotovoltaicas para lograr una conversi\u00f3n eficiente de la luz en energ\u00eda el\u00e9ctrica.<\/p>\n","protected":false},"featured_media":1031912,"comment_status":"open","ping_status":"closed","template":"","meta":{"_acf_changed":false},"product_brand":[],"product_cat":[179],"product_tag":[],"class_list":{"0":"post-1020599","1":"product","2":"type-product","3":"status-publish","4":"has-post-thumbnail","6":"product_cat-materiales-de-evaporacion","8":"first","9":"instock","10":"shipping-taxable","11":"product-type-variable"},"acf":[],"_links":{"self":[{"href":"https:\/\/vimaterial.de\/es\/wp-json\/wp\/v2\/product\/1020599","targetHints":{"allow":["GET"]}}],"collection":[{"href":"https:\/\/vimaterial.de\/es\/wp-json\/wp\/v2\/product"}],"about":[{"href":"https:\/\/vimaterial.de\/es\/wp-json\/wp\/v2\/types\/product"}],"replies":[{"embeddable":true,"href":"https:\/\/vimaterial.de\/es\/wp-json\/wp\/v2\/comments?post=1020599"}],"wp:featuredmedia":[{"embeddable":true,"href":"https:\/\/vimaterial.de\/es\/wp-json\/wp\/v2\/media\/1031912"}],"wp:attachment":[{"href":"https:\/\/vimaterial.de\/es\/wp-json\/wp\/v2\/media?parent=1020599"}],"wp:term":[{"taxonomy":"product_brand","embeddable":true,"href":"https:\/\/vimaterial.de\/es\/wp-json\/wp\/v2\/product_brand?post=1020599"},{"taxonomy":"product_cat","embeddable":true,"href":"https:\/\/vimaterial.de\/es\/wp-json\/wp\/v2\/product_cat?post=1020599"},{"taxonomy":"product_tag","embeddable":true,"href":"https:\/\/vimaterial.de\/es\/wp-json\/wp\/v2\/product_tag?post=1020599"}],"curies":[{"name":"wp","href":"https:\/\/api.w.org\/{rel}","templated":true}]}}