{"id":1020582,"date":"2024-06-17T15:29:42","date_gmt":"2024-06-17T07:29:42","guid":{"rendered":"https:\/\/vimaterial.de\/product\/telururo-de-molibdeno\/"},"modified":"2024-10-11T16:06:10","modified_gmt":"2024-10-11T08:06:10","slug":"telururo-de-molibdeno","status":"publish","type":"product","link":"https:\/\/vimaterial.de\/es\/product\/telururo-de-molibdeno\/","title":{"rendered":"Telururo de molibdeno"},"content":{"rendered":"<p>El objetivo de teluro de molibdeno es un material de recubrimiento importante.<\/p>\n<p>&nbsp;<\/p>\n<p>Informaci\u00f3n b\u00e1sica:<\/p>\n<p>&nbsp;<\/p>\n<p>F\u00f3rmula qu\u00edmica: MoTe\u2082, compuesto por los elementos molibdeno (Mo) y telurio (Te)<\/p>\n<p>Peso molecular: 351.14<\/p>\n<p>N\u00famero CAS: 12058-20-7<\/p>\n<p>Apariencia: Por lo general, s\u00f3lido gris oscuro con un brillo met\u00e1lico<\/p>\n<p>Densidad: Aproximadamente 7,7 g\/cm\u00b3<\/p>\n<p>Punto de fusi\u00f3n: Los datos espec\u00edficos del punto de fusi\u00f3n son dif\u00edciles de determinar y pueden producirse cambios como la descomposici\u00f3n a altas temperaturas<\/p>\n<p>&nbsp;<\/p>\n<p>Estructura cristalina: pertenece a la estructura en capas, la fuerza de uni\u00f3n entre capas es relativamente d\u00e9bil, esta estructura hace que tenga propiedades \u00fanicas en algunas aplicaciones, como se puede preparar mediante decapado mec\u00e1nico y otros m\u00e9todos de materiales bidimensionales de pocas o una sola capa.<\/p>\n<p>&nbsp;<\/p>\n<p>M\u00e9todo de preparaci\u00f3n:<\/p>\n<p>&nbsp;<\/p>\n<p>Pulvimetalurgia: primero se prepara el polvo de telururo de molibdeno de alta pureza y luego el polvo se convierte en el material objetivo mediante prensado, sinterizaci\u00f3n y otros procesos.<\/p>\n<p>&nbsp;<\/p>\n<p>M\u00e9todo de deposici\u00f3n qu\u00edmica de vapor: el uso de la fuente de molibdeno y el gas de la fuente de telurio en una cierta temperatura, presi\u00f3n y atm\u00f3sfera bajo la reacci\u00f3n bioqu\u00edmica, depositado en el sustrato para formar una pel\u00edcula de teluro de molibdeno, y luego la pel\u00edcula se quita del sustrato para hacer un objetivo.<\/p>\n<p>&nbsp;<\/p>\n<p>Campo de aplicaci\u00f3n:<\/p>\n<p>&nbsp;<\/p>\n<p>Campo semiconductor: Como material semiconductor, los objetivos de teluro de molibdeno se pueden utilizar para preparar dispositivos semiconductores, como transistores de efecto de campo, diodos, etc. Su estructura electr\u00f3nica \u00fanica y las caracter\u00edsticas de la banda de energ\u00eda hacen que los dispositivos preparados tengan excelentes propiedades el\u00e9ctricas.<\/p>\n<p>&nbsp;<\/p>\n<p>Campo \u00f3ptico: Telururo de molibdeno se puede utilizar para preparar pel\u00edculas \u00f3pticas, como pel\u00edculas antirreflectantes, pel\u00edculas antirreflectantes, etc., pueden mejorar el rendimiento y la eficiencia de los dispositivos \u00f3pticos.<\/p>\n<p>&nbsp;<\/p>\n<p>Campo de c\u00e9lulas solares: Telururo de molibdeno se puede utilizar como material de electrodo o material de pel\u00edcula delgada para c\u00e9lulas solares, lo que ayuda a mejorar la eficiencia de conversi\u00f3n fotoel\u00e9ctrica y la estabilidad de las c\u00e9lulas solares.<\/p>\n<p>&nbsp;<\/p>\n<p>Requisitos de calidad:<\/p>\n<p>&nbsp;<\/p>\n<p>Pureza: La alta pureza es un \u00edndice de calidad importante del objetivo de teluro de molibdeno, y generalmente se requiere que la pureza est\u00e9 por encima del 99.9% para garantizar que la pel\u00edcula preparada tenga un buen rendimiento y estabilidad.<\/p>\n<p>&nbsp;<\/p>\n<p>Densidad: La densidad m\u00e1s alta puede garantizar la estabilidad y uniformidad del objetivo en el proceso de pulverizaci\u00f3n cat\u00f3dica y reducir el proceso de pulverizaci\u00f3n cat\u00f3dica de part\u00edculas y defectos.<\/p>\n<p>&nbsp;<\/p>\n<p>Tama\u00f1o y forma: Telururo de molibdeno de acuerdo con los diferentes requisitos de la aplicaci\u00f3n, los objetivos de teluro de molibdeno deben prepararse en diferentes tama\u00f1os y formas, como redondos, cuadrados, rectangulares, etc., y la precisi\u00f3n dimensional debe cumplir con ciertos requisitos.<\/p>\n","protected":false},"excerpt":{"rendered":"<p>El objetivo de teluro de molibdeno es un material de recubrimiento importante.<\/p>\n<p>Campo semiconductor: Como material semiconductor, los objetivos de teluro de molibdeno se pueden utilizar para preparar dispositivos semiconductores, como transistores de efecto de campo, diodos, etc. Su estructura electr\u00f3nica \u00fanica y las caracter\u00edsticas de la banda de energ\u00eda hacen que los dispositivos preparados tengan excelentes propiedades el\u00e9ctricas.<\/p>\n<p>Campo \u00f3ptico: Telururo de molibdeno se puede utilizar para preparar pel\u00edculas \u00f3pticas, como pel\u00edculas antirreflectantes, pel\u00edculas antirreflectantes, etc., pueden mejorar el rendimiento y la eficiencia de los dispositivos \u00f3pticos.<\/p>\n","protected":false},"featured_media":1031912,"comment_status":"open","ping_status":"closed","template":"","meta":{"_acf_changed":false},"product_brand":[],"product_cat":[178],"product_tag":[],"class_list":{"0":"post-1020582","1":"product","2":"type-product","3":"status-publish","4":"has-post-thumbnail","6":"product_cat-catodos-para-sputtering-planar","8":"first","9":"instock","10":"shipping-taxable","11":"product-type-variable"},"acf":[],"_links":{"self":[{"href":"https:\/\/vimaterial.de\/es\/wp-json\/wp\/v2\/product\/1020582","targetHints":{"allow":["GET"]}}],"collection":[{"href":"https:\/\/vimaterial.de\/es\/wp-json\/wp\/v2\/product"}],"about":[{"href":"https:\/\/vimaterial.de\/es\/wp-json\/wp\/v2\/types\/product"}],"replies":[{"embeddable":true,"href":"https:\/\/vimaterial.de\/es\/wp-json\/wp\/v2\/comments?post=1020582"}],"wp:featuredmedia":[{"embeddable":true,"href":"https:\/\/vimaterial.de\/es\/wp-json\/wp\/v2\/media\/1031912"}],"wp:attachment":[{"href":"https:\/\/vimaterial.de\/es\/wp-json\/wp\/v2\/media?parent=1020582"}],"wp:term":[{"taxonomy":"product_brand","embeddable":true,"href":"https:\/\/vimaterial.de\/es\/wp-json\/wp\/v2\/product_brand?post=1020582"},{"taxonomy":"product_cat","embeddable":true,"href":"https:\/\/vimaterial.de\/es\/wp-json\/wp\/v2\/product_cat?post=1020582"},{"taxonomy":"product_tag","embeddable":true,"href":"https:\/\/vimaterial.de\/es\/wp-json\/wp\/v2\/product_tag?post=1020582"}],"curies":[{"name":"wp","href":"https:\/\/api.w.org\/{rel}","templated":true}]}}