{"id":1019697,"date":"2024-06-17T15:22:53","date_gmt":"2024-06-17T07:22:53","guid":{"rendered":"https:\/\/vimaterial.de\/product\/cloruro-de-circonio\/"},"modified":"2024-09-25T16:14:08","modified_gmt":"2024-09-25T08:14:08","slug":"cloruro-de-circonio","status":"publish","type":"product","link":"https:\/\/vimaterial.de\/es\/product\/cloruro-de-circonio\/","title":{"rendered":"Cloruro de circonio"},"content":{"rendered":"<p>El polvo de cloruro de circonio (ZrCl\u2084) es un compuesto inorg\u00e1nico compuesto de circonio y cloro.Est\u00e1 com\u00fanmente disponible como un polvo blanco y cristalino que es altamente reactivo y desempe\u00f1a un papel clave en varios procesos qu\u00edmicos.<\/p>\n<p>Propiedades<\/p>\n<p>F\u00f3rmula qu\u00edmica: ZrCl\u2084<\/p>\n<p>Masa molar: 233,04 g\/mol<\/p>\n<p>Aspecto: Polvo cristalino de color blanco a blanquecino<\/p>\n<p>Punto de fusi\u00f3n: 437 \u00b0C<\/p>\n<p>Punto de ebullici\u00f3n: 331,3 \u00b0C (sublimes)<\/p>\n<p>Densidad: 2,8 g\/cm\u00b3<\/p>\n<p>Solubilidad: Hidroliza en agua; soluble en disolventes org\u00e1nicos como etanol, benceno y \u00e9ter.<\/p>\n<p>Reactividad: Reacciona con el agua, formando \u00f3xido de circonio y liberando cloruro de hidr\u00f3geno.<\/p>\n<p>Aplicaciones<\/p>\n<p>Catalizador en qu\u00edmica org\u00e1nica Catalizador de \u00e1cido de Lewis: El cloruro de circonio se utiliza como \u00e1cido de Lewis en la s\u00edntesis org\u00e1nica, lo que facilita diversas reacciones como la alquilaci\u00f3n, la acilaci\u00f3n y la polimerizaci\u00f3n.<\/p>\n<p>Catalizador de polimerizaci\u00f3n: Se utiliza en catalizadores Ziegler-Natta para polimerizar olefinas, como en la producci\u00f3n de polietileno y polipropileno.<\/p>\n<p>Recubrimiento de circonio por deposici\u00f3n qu\u00edmica de vapor (CVD): El cloruro de circonio se utiliza en procesos de deposici\u00f3n qu\u00edmica de vapor para producir recubrimientos de circonio de alta pureza.Estos recubrimientos se aplican para mejorar las propiedades de los metales u otros materiales, como la resistencia al calor y la corrosi\u00f3n.<\/p>\n<p>Reducci\u00f3n de la producci\u00f3n de metal de circonio a circonio met\u00e1lico: El cloruro de circonio se utiliza como precursor en la producci\u00f3n de circonio met\u00e1lico a trav\u00e9s del proceso Kroll.Este proceso implica la reducci\u00f3n de ZrCl\u2084 utilizando magnesio o sodio para producir zirconio met\u00e1lico, que se usa ampliamente en la industria aeroespacial, reactores nucleares y otras industrias.<\/p>\n<p>Material de revestimiento de la industria nuclear para barras de combustible nuclear: ZrCl\u2084 sirve como precursor del metal circonio, que se utiliza en la industria nuclear como material de revestimiento para barras de combustible debido a su baja absorci\u00f3n de neutrones y alta resistencia a la corrosi\u00f3n.<\/p>\n<p>Aditivo cer\u00e1mico para la fabricaci\u00f3n de cer\u00e1mica y vidrio: ZrCl\u2084 se utiliza como fuente de circonio en la producci\u00f3n de cer\u00e1micas a base de circonio, como el zirconio (ZrO\u2082), que son conocidas por su dureza, resistencia t\u00e9rmica y resistencia al desgaste.Las cer\u00e1micas de circonio se utilizan ampliamente en materiales estructurales, implantes dentales y herramientas de corte.<\/p>\n<p>Recubrimientos resistentes a la corrosi\u00f3n Resistencia a la corrosi\u00f3n: ZrCl\u2084 se utiliza para producir recubrimientos que mejoran la resistencia a la corrosi\u00f3n de los metales, lo que lo hace \u00fatil en aplicaciones de alto rendimiento donde la exposici\u00f3n a entornos hostiles es una preocupaci\u00f3n.<\/p>\n<p>Investigaci\u00f3n y desarrollo de reactivos de laboratorio: ZrCl\u2084 se utiliza como reactivo en diversas aplicaciones de investigaci\u00f3n, especialmente en qu\u00edmica inorg\u00e1nica y de coordinaci\u00f3n, para preparar compuestos de circonio o estudiar las interacciones metal-ligando.<\/p>\n<p>Deposici\u00f3n de pel\u00edcula delgada electr\u00f3nica y \u00f3ptica: Se utiliza en procesos de deposici\u00f3n de pel\u00edcula delgada para la producci\u00f3n de recubrimientos \u00f3pticos y componentes electr\u00f3nicos.Las pel\u00edculas a base de circonio son muy valoradas por su \u00edndice de refracci\u00f3n y sus propiedades protectoras.<\/p>\n<p>Consideraciones de seguridad: Manejo: ZrCl\u2084 es sensible a la humedad y reacciona vigorosamente con el agua, liberando gas cloruro de hidr\u00f3geno.<br \/>\nPor lo tanto, debe manipularse con precauci\u00f3n en un ambiente seco y es necesario un equipo de protecci\u00f3n adecuado.<\/p>\n","protected":false},"excerpt":{"rendered":"<p>El polvo de cloruro de circonio (ZrCl\u2084) es un compuesto inorg\u00e1nico compuesto de circonio y cloro.<br \/>\nEst\u00e1 com\u00fanmente disponible como un polvo blanco y cristalino que es altamente reactivo y desempe\u00f1a un papel clave en varios procesos qu\u00edmicos.<\/p>\n","protected":false},"featured_media":1031506,"comment_status":"open","ping_status":"closed","template":"","meta":{"_acf_changed":false},"product_brand":[],"product_cat":[182],"product_tag":[],"class_list":{"0":"post-1019697","1":"product","2":"type-product","3":"status-publish","4":"has-post-thumbnail","6":"product_cat-materiales-halogenados","8":"first","9":"instock","10":"shipping-taxable","11":"purchasable","12":"product-type-variable"},"acf":[],"_links":{"self":[{"href":"https:\/\/vimaterial.de\/es\/wp-json\/wp\/v2\/product\/1019697","targetHints":{"allow":["GET"]}}],"collection":[{"href":"https:\/\/vimaterial.de\/es\/wp-json\/wp\/v2\/product"}],"about":[{"href":"https:\/\/vimaterial.de\/es\/wp-json\/wp\/v2\/types\/product"}],"replies":[{"embeddable":true,"href":"https:\/\/vimaterial.de\/es\/wp-json\/wp\/v2\/comments?post=1019697"}],"wp:featuredmedia":[{"embeddable":true,"href":"https:\/\/vimaterial.de\/es\/wp-json\/wp\/v2\/media\/1031506"}],"wp:attachment":[{"href":"https:\/\/vimaterial.de\/es\/wp-json\/wp\/v2\/media?parent=1019697"}],"wp:term":[{"taxonomy":"product_brand","embeddable":true,"href":"https:\/\/vimaterial.de\/es\/wp-json\/wp\/v2\/product_brand?post=1019697"},{"taxonomy":"product_cat","embeddable":true,"href":"https:\/\/vimaterial.de\/es\/wp-json\/wp\/v2\/product_cat?post=1019697"},{"taxonomy":"product_tag","embeddable":true,"href":"https:\/\/vimaterial.de\/es\/wp-json\/wp\/v2\/product_tag?post=1019697"}],"curies":[{"name":"wp","href":"https:\/\/api.w.org\/{rel}","templated":true}]}}