{"id":1019405,"date":"2024-06-17T15:14:10","date_gmt":"2024-06-17T07:14:10","guid":{"rendered":"https:\/\/vimaterial.de\/product\/sulfuro-de-germanio-6\/"},"modified":"2024-07-12T11:51:29","modified_gmt":"2024-07-12T03:51:29","slug":"sulfuro-de-germanio-6","status":"publish","type":"product","link":"https:\/\/vimaterial.de\/es\/product\/sulfuro-de-germanio-6\/","title":{"rendered":"Sulfuro de germanio"},"content":{"rendered":"<p>Caracter\u00edsticaEl disulfuro de germanio o sulfuro de germanio (IV) es el compuesto inorg\u00e1nico con la f\u00f3rmula GeS2. Es un s\u00f3lido cristalino blanco de alto punto de fusi\u00f3n. F\u00f3rmula qu\u00edmica:GeS2Masa molar:136,75 g\u00b7mol\u22121Aspecto:Cristales blancos y transl\u00facidosDensidad:2,94 g cm\u22123Punto de fusi\u00f3n:840 \u00b0C (1.540 \u00b0F; 1.110 K)Punto de ebullici\u00f3n:1.530 \u00b0C (2.790 \u00b0F; 1.800 K)Solubilidad en agua:0,45 g\/100 mLSolubilidad:soluble en amon\u00edaco l\u00edquido:\u221253,3\u00b710\u22126cm3\/molEstructura cristalina:monocl\u00ednico, mP36<\/p>\n","protected":false},"excerpt":{"rendered":"<p>Caracter\u00edsticaEl disulfuro de germanio o sulfuro de germanio (IV) es el compuesto inorg\u00e1nico con la f\u00f3rmula GeS2. Es un s\u00f3lido cristalino blanco de alto punto de fusi\u00f3n. F\u00f3rmula qu\u00edmica:GeS2Masa molar:136,75 g\u00b7mol\u22121Aspecto:Cristales blancos y transl\u00facidosDensidad:2,94 g cm\u22123Punto de fusi\u00f3n:840 \u00b0C (1.540 \u00b0F; 1.110 K)Punto de ebullici\u00f3n:1.530 \u00b0C (2.790 \u00b0F; 1.800 K)Solubilidad en agua:0,45 g\/100 mLSolubilidad:soluble en [&hellip;]<\/p>\n","protected":false},"featured_media":1004224,"comment_status":"open","ping_status":"closed","template":"","meta":{"_acf_changed":false},"product_brand":[],"product_cat":[179],"product_tag":[],"class_list":{"0":"post-1019405","1":"product","2":"type-product","3":"status-publish","4":"has-post-thumbnail","6":"product_cat-materiales-de-evaporacion","8":"first","9":"instock","10":"shipping-taxable","11":"product-type-variable"},"acf":[],"_links":{"self":[{"href":"https:\/\/vimaterial.de\/es\/wp-json\/wp\/v2\/product\/1019405","targetHints":{"allow":["GET"]}}],"collection":[{"href":"https:\/\/vimaterial.de\/es\/wp-json\/wp\/v2\/product"}],"about":[{"href":"https:\/\/vimaterial.de\/es\/wp-json\/wp\/v2\/types\/product"}],"replies":[{"embeddable":true,"href":"https:\/\/vimaterial.de\/es\/wp-json\/wp\/v2\/comments?post=1019405"}],"wp:featuredmedia":[{"embeddable":true,"href":"https:\/\/vimaterial.de\/es\/wp-json\/wp\/v2\/media\/1004224"}],"wp:attachment":[{"href":"https:\/\/vimaterial.de\/es\/wp-json\/wp\/v2\/media?parent=1019405"}],"wp:term":[{"taxonomy":"product_brand","embeddable":true,"href":"https:\/\/vimaterial.de\/es\/wp-json\/wp\/v2\/product_brand?post=1019405"},{"taxonomy":"product_cat","embeddable":true,"href":"https:\/\/vimaterial.de\/es\/wp-json\/wp\/v2\/product_cat?post=1019405"},{"taxonomy":"product_tag","embeddable":true,"href":"https:\/\/vimaterial.de\/es\/wp-json\/wp\/v2\/product_tag?post=1019405"}],"curies":[{"name":"wp","href":"https:\/\/api.w.org\/{rel}","templated":true}]}}