{"id":1019401,"date":"2024-06-17T15:14:10","date_gmt":"2024-06-17T07:14:10","guid":{"rendered":"https:\/\/vimaterial.de\/product\/sulfuro-de-germanio-5\/"},"modified":"2024-10-11T14:13:17","modified_gmt":"2024-10-11T06:13:17","slug":"sulfuro-de-germanio-5","status":"publish","type":"product","link":"https:\/\/vimaterial.de\/es\/product\/sulfuro-de-germanio-5\/","title":{"rendered":"Sulfuro de germanio"},"content":{"rendered":"<p>El objetivo GeS es un material importante utilizado en la deposici\u00f3n de pel\u00edculas delgadas y otros procesos.<\/p>\n<p>&nbsp;<\/p>\n<p>Informaci\u00f3n b\u00e1sica:<\/p>\n<p>&nbsp;<\/p>\n<p>Composici\u00f3n qu\u00edmica: Compuesto principalmente por germanio (Ge) y azufre (S) dos elementos.<\/p>\n<p>&nbsp;<\/p>\n<p>Caracter\u00edsticas de apariencia: Por lo general, escamas redondas o cuadradas s\u00f3lidas, el color puede variar seg\u00fan la pureza y la composici\u00f3n espec\u00edfica, por ejemplo, puede aparecer gris, negro, etc.<\/p>\n<p>&nbsp;<\/p>\n<p>Punto de fusi\u00f3n: Tener un punto de fusi\u00f3n alto<\/p>\n<p>&nbsp;<\/p>\n<p>Estructura cristalina: Tiene una estructura cristalina espec\u00edfica, que determina sus propiedades f\u00edsicas y qu\u00edmicas, y tiene un impacto importante en el crecimiento y el rendimiento de la pel\u00edcula durante la pulverizaci\u00f3n cat\u00f3dica.<\/p>\n<p>&nbsp;<\/p>\n<p>Estabilidad: Relativamente estable a temperatura ambiente, pero pueden producirse reacciones qu\u00edmicas a alta temperatura, aire h\u00famedo o entornos qu\u00edmicos espec\u00edficos. Por ejemplo, puede oxidarse cuando se calienta en el aire.<\/p>\n<p>&nbsp;<\/p>\n<p>Reactividad: Puede reaccionar con algunos oxidantes fuertes, agentes reductores o sustancias qu\u00edmicas espec\u00edficas, pero sus propiedades qu\u00edmicas son relativamente estables y no es f\u00e1cil reaccionar violentamente con sustancias qu\u00edmicas comunes.<\/p>\n<p>&nbsp;<\/p>\n<p>M\u00e9todo de preparaci\u00f3n:<\/p>\n<p>&nbsp;<\/p>\n<p>M\u00e9todo de pulvimetalurgia: el polvo de germanio de alta pureza y el polvo de azufre de acuerdo con una cierta proporci\u00f3n de mezcla, molienda, prensado y otros procesos para hacer palanquillas, y luego sinterizaci\u00f3n en condiciones de alta temperatura y alta presi\u00f3n para obtener un objetivo de sulfuro de germanio. Este m\u00e9todo puede preparar el material objetivo con una composici\u00f3n uniforme y alta densidad.<\/p>\n<p>&nbsp;<\/p>\n<p>M\u00e9todo de deposici\u00f3n qu\u00edmica de vapor: utilizando compuestos de germanio y compuestos de azufre como precursores, bajo ciertas condiciones de temperatura y atm\u00f3sfera, a trav\u00e9s del m\u00e9todo de deposici\u00f3n qu\u00edmica de vapor para crecer en el sustrato de la pel\u00edcula de sulfuro de germanio, y luego la pel\u00edcula se despega del sustrato para hacer material objetivo de sulfuro de germanio.<\/p>\n<p>&nbsp;<\/p>\n<p>Campo de aplicaci\u00f3n:<\/p>\n<p>&nbsp;<\/p>\n<p>Industria de semiconductores: en la fabricaci\u00f3n de dispositivos semiconductores, los objetivos de GeS se pueden usar para preparar pel\u00edculas delgadas, estas pel\u00edculas se pueden usar como capa funcional de dispositivos semiconductores, como c\u00e9lulas solares, fotodetectores y otros dispositivos, las pel\u00edculas de GeS pueden desempe\u00f1ar un papel en la absorci\u00f3n de luz, la conversi\u00f3n de energ\u00eda, etc.<\/p>\n<p>&nbsp;<\/p>\n<p>Campo \u00f3ptico: Debido a que el sulfuro de germanio tiene ciertas propiedades \u00f3pticas, se puede usar para preparar pel\u00edculas \u00f3pticas, como en dispositivos \u00f3pticos infrarrojos, las pel\u00edculas de sulfuro de germanio se pueden usar como pel\u00edculas antirreflectantes, pel\u00edculas reflectantes, etc., para mejorar el rendimiento de los dispositivos \u00f3pticos.<\/p>\n<p>&nbsp;<\/p>\n<p>Investigaci\u00f3n en ciencia de materiales: Como un nuevo tipo de material, el objetivo de sulfuro de germanio tambi\u00e9n est\u00e1 recibiendo atenci\u00f3n en la investigaci\u00f3n de ciencia de materiales, y los investigadores lo utilizan para explorar las propiedades f\u00edsicas y qu\u00edmicas de nuevos materiales, as\u00ed como para desarrollar nuevas \u00e1reas de aplicaci\u00f3n.<\/p>\n","protected":false},"excerpt":{"rendered":"<p>El objetivo GeS es un material importante utilizado en la deposici\u00f3n de pel\u00edculas delgadas y otros procesos.<\/p>\n<p>Industria de semiconductores: en la fabricaci\u00f3n de dispositivos semiconductores, los objetivos de GeS se pueden usar para preparar pel\u00edculas delgadas, estas pel\u00edculas se pueden usar como capa funcional de dispositivos semiconductores, como c\u00e9lulas solares, fotodetectores y otros dispositivos, las pel\u00edculas de sulfuro de germanio pueden desempe\u00f1ar un papel en la absorci\u00f3n de luz, la conversi\u00f3n de energ\u00eda, etc.<\/p>\n<p>Campo \u00f3ptico: Debido a que GeS tiene ciertas propiedades \u00f3pticas, se puede usar para preparar pel\u00edculas \u00f3pticas, como en dispositivos \u00f3pticos infrarrojos, las pel\u00edculas de sulfuro de germanio se pueden usar como pel\u00edculas antirreflectantes, pel\u00edculas reflectantes, etc., para mejorar el rendimiento de los dispositivos \u00f3pticos.<\/p>\n<p>&nbsp;<\/p>\n","protected":false},"featured_media":1004210,"comment_status":"open","ping_status":"closed","template":"","meta":{"_acf_changed":false},"product_brand":[],"product_cat":[178],"product_tag":[],"class_list":{"0":"post-1019401","1":"product","2":"type-product","3":"status-publish","4":"has-post-thumbnail","6":"product_cat-catodos-para-sputtering-planar","8":"first","9":"instock","10":"shipping-taxable","11":"purchasable","12":"product-type-variable"},"acf":[],"_links":{"self":[{"href":"https:\/\/vimaterial.de\/es\/wp-json\/wp\/v2\/product\/1019401","targetHints":{"allow":["GET"]}}],"collection":[{"href":"https:\/\/vimaterial.de\/es\/wp-json\/wp\/v2\/product"}],"about":[{"href":"https:\/\/vimaterial.de\/es\/wp-json\/wp\/v2\/types\/product"}],"replies":[{"embeddable":true,"href":"https:\/\/vimaterial.de\/es\/wp-json\/wp\/v2\/comments?post=1019401"}],"wp:featuredmedia":[{"embeddable":true,"href":"https:\/\/vimaterial.de\/es\/wp-json\/wp\/v2\/media\/1004210"}],"wp:attachment":[{"href":"https:\/\/vimaterial.de\/es\/wp-json\/wp\/v2\/media?parent=1019401"}],"wp:term":[{"taxonomy":"product_brand","embeddable":true,"href":"https:\/\/vimaterial.de\/es\/wp-json\/wp\/v2\/product_brand?post=1019401"},{"taxonomy":"product_cat","embeddable":true,"href":"https:\/\/vimaterial.de\/es\/wp-json\/wp\/v2\/product_cat?post=1019401"},{"taxonomy":"product_tag","embeddable":true,"href":"https:\/\/vimaterial.de\/es\/wp-json\/wp\/v2\/product_tag?post=1019401"}],"curies":[{"name":"wp","href":"https:\/\/api.w.org\/{rel}","templated":true}]}}