{"id":1019014,"date":"2024-06-17T15:16:05","date_gmt":"2024-06-17T07:16:05","guid":{"rendered":"https:\/\/vimaterial.de\/product\/germanio-selenio-telurio-calcogenuro-vidrio\/"},"modified":"2024-07-12T11:53:09","modified_gmt":"2024-07-12T03:53:09","slug":"germanio-selenio-telurio-calcogenuro-vidrio","status":"publish","type":"product","link":"https:\/\/vimaterial.de\/es\/product\/germanio-selenio-telurio-calcogenuro-vidrio\/","title":{"rendered":"Germanio Selenio Telurio &#8211; Calcogenuro-Vidrio"},"content":{"rendered":"<p>VI HALBLEITERMATERIAL se especializa en producir varias especificaciones de polvos qu\u00edmicos inorg\u00e1nicos de alta pureza, materiales de evaporaci\u00f3n, objetivos de pulverizaci\u00f3n cat\u00f3dica. Incluyendo todo tipo de materiales met\u00e1licos, materiales cer\u00e1micos, materiales cristalinos: telurio (Te) de alta pureza 4N-7N, cadmio (Cd), azufre (S), indio (In), selenio (Se), galio (Ga), antimonio (Sb), esta\u00f1o (Sn), plomo (Pb), germanio (Ge), cobre (Cu), zinc (Zn), etc.4N-7N telurio, azufre, selenio, compuestos y materiales y objetivos de cobre, indio y galio selenio (CIGS). Los productos se aplican a varios campos por diversos m\u00e9todos: investigaci\u00f3n cient\u00edfica, aeroespacial, automotriz, microelectr\u00f3nica, industria de circuitos integrados, fuente de luz, \u00f3ptica, decoraci\u00f3n, industria de pantallas planas, industria de almacenamiento de informaci\u00f3n, almacenamiento de datos, etc. Los productos de nuestra empresa con excelente calidad, modelo completo, servicio atento, por la mayor\u00eda de los usuarios conf\u00edan, los productos se venden en todo el mundo, tiene una buena reputaci\u00f3n. Tambi\u00e9n proporcionamos personalizaci\u00f3n de acuerdo con sus requisitosNuestra empresa basada en la integridad, la calidad primero, damos una calurosa bienvenida a los clientes para consultar.<\/p>\n","protected":false},"excerpt":{"rendered":"<p>VI HALBLEITERMATERIAL se especializa en producir varias especificaciones de polvos qu\u00edmicos inorg\u00e1nicos de alta pureza, materiales de evaporaci\u00f3n, objetivos de pulverizaci\u00f3n cat\u00f3dica. Incluyendo todo tipo de materiales met\u00e1licos, materiales cer\u00e1micos, materiales cristalinos: telurio (Te) de alta pureza 4N-7N, cadmio (Cd), azufre (S), indio (In), selenio (Se), galio (Ga), antimonio (Sb), esta\u00f1o (Sn), plomo (Pb), germanio [&hellip;]<\/p>\n","protected":false},"featured_media":999849,"comment_status":"open","ping_status":"closed","template":"","meta":{"_acf_changed":false},"product_brand":[],"product_cat":[181],"product_tag":[],"class_list":{"0":"post-1019014","1":"product","2":"type-product","3":"status-publish","4":"has-post-thumbnail","6":"product_cat-materiales-calcogenuros","8":"first","9":"instock","10":"shipping-taxable","11":"product-type-variable"},"acf":[],"_links":{"self":[{"href":"https:\/\/vimaterial.de\/es\/wp-json\/wp\/v2\/product\/1019014","targetHints":{"allow":["GET"]}}],"collection":[{"href":"https:\/\/vimaterial.de\/es\/wp-json\/wp\/v2\/product"}],"about":[{"href":"https:\/\/vimaterial.de\/es\/wp-json\/wp\/v2\/types\/product"}],"replies":[{"embeddable":true,"href":"https:\/\/vimaterial.de\/es\/wp-json\/wp\/v2\/comments?post=1019014"}],"wp:featuredmedia":[{"embeddable":true,"href":"https:\/\/vimaterial.de\/es\/wp-json\/wp\/v2\/media\/999849"}],"wp:attachment":[{"href":"https:\/\/vimaterial.de\/es\/wp-json\/wp\/v2\/media?parent=1019014"}],"wp:term":[{"taxonomy":"product_brand","embeddable":true,"href":"https:\/\/vimaterial.de\/es\/wp-json\/wp\/v2\/product_brand?post=1019014"},{"taxonomy":"product_cat","embeddable":true,"href":"https:\/\/vimaterial.de\/es\/wp-json\/wp\/v2\/product_cat?post=1019014"},{"taxonomy":"product_tag","embeddable":true,"href":"https:\/\/vimaterial.de\/es\/wp-json\/wp\/v2\/product_tag?post=1019014"}],"curies":[{"name":"wp","href":"https:\/\/api.w.org\/{rel}","templated":true}]}}