{"id":1018938,"date":"2024-06-17T15:16:10","date_gmt":"2024-06-17T07:16:10","guid":{"rendered":"https:\/\/vimaterial.de\/product\/telururo-de-germanio\/"},"modified":"2024-07-12T11:53:30","modified_gmt":"2024-07-12T03:53:30","slug":"telururo-de-germanio","status":"publish","type":"product","link":"https:\/\/vimaterial.de\/es\/product\/telururo-de-germanio\/","title":{"rendered":"Telururo de germanio"},"content":{"rendered":"<p>Caracter\u00edsticaEl teluro de germanio (GeTe) es un compuesto qu\u00edmico de germanio y telurio y es un componente de los vidrios de calcogenuro. Muestra conducci\u00f3n semimet\u00e1lica y comportamiento ferroel\u00e9ctrico. F\u00f3rmula qu\u00edmica:GeTeMasa molar:200.21 g\/molApariencia:s\u00f3lidoDensidad:6.14 g\/cm3Punto de fusi\u00f3n:725 \u00b0C (1,337 \u00b0F; 998 K)Banda prohibida:0.6 eVR\u00edndigo de efractividad (nD):5Estructura cristalina:Rombo\u00e9drico, hR6Aplicaci\u00f3nEl teluro de germanio dopado es un superconductor de baja temperatura.<\/p>\n","protected":false},"excerpt":{"rendered":"<p>Caracter\u00edsticaEl teluro de germanio (GeTe) es un compuesto qu\u00edmico de germanio y telurio y es un componente de los vidrios de calcogenuro. Muestra conducci\u00f3n semimet\u00e1lica y comportamiento ferroel\u00e9ctrico. F\u00f3rmula qu\u00edmica:GeTeMasa molar:200.21 g\/molApariencia:s\u00f3lidoDensidad:6.14 g\/cm3Punto de fusi\u00f3n:725 \u00b0C (1,337 \u00b0F; 998 K)Banda prohibida:0.6 eVR\u00edndigo de efractividad (nD):5Estructura cristalina:Rombo\u00e9drico, hR6Aplicaci\u00f3nEl teluro de germanio dopado es un superconductor de [&hellip;]<\/p>\n","protected":false},"featured_media":1004334,"comment_status":"open","ping_status":"closed","template":"","meta":{"_acf_changed":false},"product_brand":[],"product_cat":[181],"product_tag":[],"class_list":{"0":"post-1018938","1":"product","2":"type-product","3":"status-publish","4":"has-post-thumbnail","6":"product_cat-materiales-calcogenuros","8":"first","9":"instock","10":"shipping-taxable","11":"product-type-variable"},"acf":[],"_links":{"self":[{"href":"https:\/\/vimaterial.de\/es\/wp-json\/wp\/v2\/product\/1018938","targetHints":{"allow":["GET"]}}],"collection":[{"href":"https:\/\/vimaterial.de\/es\/wp-json\/wp\/v2\/product"}],"about":[{"href":"https:\/\/vimaterial.de\/es\/wp-json\/wp\/v2\/types\/product"}],"replies":[{"embeddable":true,"href":"https:\/\/vimaterial.de\/es\/wp-json\/wp\/v2\/comments?post=1018938"}],"wp:featuredmedia":[{"embeddable":true,"href":"https:\/\/vimaterial.de\/es\/wp-json\/wp\/v2\/media\/1004334"}],"wp:attachment":[{"href":"https:\/\/vimaterial.de\/es\/wp-json\/wp\/v2\/media?parent=1018938"}],"wp:term":[{"taxonomy":"product_brand","embeddable":true,"href":"https:\/\/vimaterial.de\/es\/wp-json\/wp\/v2\/product_brand?post=1018938"},{"taxonomy":"product_cat","embeddable":true,"href":"https:\/\/vimaterial.de\/es\/wp-json\/wp\/v2\/product_cat?post=1018938"},{"taxonomy":"product_tag","embeddable":true,"href":"https:\/\/vimaterial.de\/es\/wp-json\/wp\/v2\/product_tag?post=1018938"}],"curies":[{"name":"wp","href":"https:\/\/api.w.org\/{rel}","templated":true}]}}