{"id":1018906,"date":"2024-06-17T15:16:15","date_gmt":"2024-06-17T07:16:15","guid":{"rendered":"https:\/\/vimaterial.de\/product\/sulfuro-de-arsenico-3\/"},"modified":"2024-07-12T11:53:45","modified_gmt":"2024-07-12T03:53:45","slug":"sulfuro-de-arsenico-3","status":"publish","type":"product","link":"https:\/\/vimaterial.de\/es\/product\/sulfuro-de-arsenico-3\/","title":{"rendered":"Sulfuro de ars\u00e9nico"},"content":{"rendered":"<p>Caracter\u00edsticaEl trisulfuro de ars\u00e9nico es el compuesto inorg\u00e1nico con la f\u00f3rmula As2S3. Es un s\u00f3lido de color amarillo brillante que es insoluble en agua. F\u00f3rmula qu\u00edmica:As2S3Masa molar:246.02 g\u00b7mol\u22121Apariencia:Cristales anaranjadosDensidad:3.43 g cm\u22123Punto de fusi\u00f3n:310 \u00b0C (590 \u00b0F; 583 K)Punto de ebullici\u00f3n:707 \u00b0C (1,305 \u00b0F; 980 K)Susceptibilidad magn\u00e9tica (\u03c7):-70.0\u00b710\u22126 cm3\/molAplicaci\u00f3nLos minerales de ars\u00e9nico se utilizan principalmente para extraer el elemento ars\u00e9nico y para producir arseniato y compuestos de ars\u00e9nico, como arseniato de calcio, arseniato de sodio, arseniato de plomo, etc. Se utiliza en la refinaci\u00f3n de aleaciones de ars\u00e9nico en la industria metal\u00fargica; Las aleaciones de ars\u00e9nico y plomo se utilizan en la industria militar para fabricar balas, venenos militares y fuegos artificiales; Las aleaciones de ars\u00e9nico y cobre se utilizan para fabricar piezas de radares y autom\u00f3viles; Se utiliza en la industria ligera para la fabricaci\u00f3n de vidrio opalescente, decoloraci\u00f3n de vidrio, remojo y lavado de lana, agentes curtientes y para la anticorrosi\u00f3n de la madera; Plaguicidas agr\u00edcolas, herbicidas, rodenticidas y otros plaguicidas que contienen ars\u00e9nico; El nombre medicinal de los productos chinos de ars\u00e9nico es ars\u00e9nico. El polvo concentrado de Realgar se puede usar para hacer petardos, fuegos artificiales.<\/p>\n","protected":false},"excerpt":{"rendered":"<p>Caracter\u00edsticaEl trisulfuro de ars\u00e9nico es el compuesto inorg\u00e1nico con la f\u00f3rmula As2S3. Es un s\u00f3lido de color amarillo brillante que es insoluble en agua. F\u00f3rmula qu\u00edmica:As2S3Masa molar:246.02 g\u00b7mol\u22121Apariencia:Cristales anaranjadosDensidad:3.43 g cm\u22123Punto de fusi\u00f3n:310 \u00b0C (590 \u00b0F; 583 K)Punto de ebullici\u00f3n:707 \u00b0C (1,305 \u00b0F; 980 K)Susceptibilidad magn\u00e9tica (\u03c7):-70.0\u00b710\u22126 cm3\/molAplicaci\u00f3nLos minerales de ars\u00e9nico se utilizan principalmente para [&hellip;]<\/p>\n","protected":false},"featured_media":1004359,"comment_status":"open","ping_status":"closed","template":"","meta":{"_acf_changed":false},"product_brand":[],"product_cat":[179],"product_tag":[],"class_list":{"0":"post-1018906","1":"product","2":"type-product","3":"status-publish","4":"has-post-thumbnail","6":"product_cat-materiales-de-evaporacion","8":"first","9":"instock","10":"shipping-taxable","11":"purchasable","12":"product-type-variable"},"acf":[],"_links":{"self":[{"href":"https:\/\/vimaterial.de\/es\/wp-json\/wp\/v2\/product\/1018906","targetHints":{"allow":["GET"]}}],"collection":[{"href":"https:\/\/vimaterial.de\/es\/wp-json\/wp\/v2\/product"}],"about":[{"href":"https:\/\/vimaterial.de\/es\/wp-json\/wp\/v2\/types\/product"}],"replies":[{"embeddable":true,"href":"https:\/\/vimaterial.de\/es\/wp-json\/wp\/v2\/comments?post=1018906"}],"wp:featuredmedia":[{"embeddable":true,"href":"https:\/\/vimaterial.de\/es\/wp-json\/wp\/v2\/media\/1004359"}],"wp:attachment":[{"href":"https:\/\/vimaterial.de\/es\/wp-json\/wp\/v2\/media?parent=1018906"}],"wp:term":[{"taxonomy":"product_brand","embeddable":true,"href":"https:\/\/vimaterial.de\/es\/wp-json\/wp\/v2\/product_brand?post=1018906"},{"taxonomy":"product_cat","embeddable":true,"href":"https:\/\/vimaterial.de\/es\/wp-json\/wp\/v2\/product_cat?post=1018906"},{"taxonomy":"product_tag","embeddable":true,"href":"https:\/\/vimaterial.de\/es\/wp-json\/wp\/v2\/product_tag?post=1018906"}],"curies":[{"name":"wp","href":"https:\/\/api.w.org\/{rel}","templated":true}]}}