{"id":1018789,"date":"2024-06-17T15:17:14","date_gmt":"2024-06-17T07:17:14","guid":{"rendered":"https:\/\/vimaterial.de\/product\/selenio-metalico-2\/"},"modified":"2024-07-12T11:54:21","modified_gmt":"2024-07-12T03:54:21","slug":"selenio-metalico-2","status":"publish","type":"product","link":"https:\/\/vimaterial.de\/es\/product\/selenio-metalico-2\/","title":{"rendered":"Selenio met\u00e1lico"},"content":{"rendered":"<p>Debido a la peligrosidad de los materiales, la fecha de entrega no se puede garantizar por completo (puede extenderse). No dude en ponerse en contacto con nosotros para obtener m\u00e1s detalles. El selenio es un no metal (m\u00e1s raramente considerado un metaloide) con propiedades intermedias entre los elementos por encima y por debajo en la tabla peri\u00f3dica, el azufre y el telurio, y tambi\u00e9n tiene similitudes con el ars\u00e9nico. Propiedades:Punto de fusi\u00f3n 494 K (221 \u00b0C, 430 \u00b0F)Punto de ebullici\u00f3n 958 K (685 \u00b0C, 1265 \u00b0F)Densidad (cerca de r.t.) gris: 4,81 g\/cm3\/alfa: 4,39 g\/cm3\/v\u00edtreo: 4,28 g\/cm3Aplicaci\u00f3nLos principales usos comerciales del selenio en la actualidad son la fabricaci\u00f3n de vidrio y pigmentos. El selenio es un semiconductor y se utiliza en fotoc\u00e9lulas. Las aplicaciones en electr\u00f3nica, que alguna vez fueron importantes, han sido reemplazadas en su mayor\u00eda por dispositivos semiconductores de silicio. El selenio todav\u00eda se usa en algunos tipos de protectores contra sobretensiones de CC y un tipo de punto cu\u00e1ntico fluorescente.<\/p>\n","protected":false},"excerpt":{"rendered":"<p>Debido a la peligrosidad de los materiales, la fecha de entrega no se puede garantizar por completo (puede extenderse). No dude en ponerse en contacto con nosotros para obtener m\u00e1s detalles. El selenio es un no metal (m\u00e1s raramente considerado un metaloide) con propiedades intermedias entre los elementos por encima y por debajo en la [&hellip;]<\/p>\n","protected":false},"featured_media":1004402,"comment_status":"open","ping_status":"closed","template":"","meta":{"_acf_changed":false},"product_brand":[],"product_cat":[193],"product_tag":[],"class_list":{"0":"post-1018789","1":"product","2":"type-product","3":"status-publish","4":"has-post-thumbnail","6":"product_cat-polvo-de-aleaciones-y-metales-puros","8":"first","9":"instock","10":"shipping-taxable","11":"purchasable","12":"product-type-variable"},"acf":[],"_links":{"self":[{"href":"https:\/\/vimaterial.de\/es\/wp-json\/wp\/v2\/product\/1018789","targetHints":{"allow":["GET"]}}],"collection":[{"href":"https:\/\/vimaterial.de\/es\/wp-json\/wp\/v2\/product"}],"about":[{"href":"https:\/\/vimaterial.de\/es\/wp-json\/wp\/v2\/types\/product"}],"replies":[{"embeddable":true,"href":"https:\/\/vimaterial.de\/es\/wp-json\/wp\/v2\/comments?post=1018789"}],"wp:featuredmedia":[{"embeddable":true,"href":"https:\/\/vimaterial.de\/es\/wp-json\/wp\/v2\/media\/1004402"}],"wp:attachment":[{"href":"https:\/\/vimaterial.de\/es\/wp-json\/wp\/v2\/media?parent=1018789"}],"wp:term":[{"taxonomy":"product_brand","embeddable":true,"href":"https:\/\/vimaterial.de\/es\/wp-json\/wp\/v2\/product_brand?post=1018789"},{"taxonomy":"product_cat","embeddable":true,"href":"https:\/\/vimaterial.de\/es\/wp-json\/wp\/v2\/product_cat?post=1018789"},{"taxonomy":"product_tag","embeddable":true,"href":"https:\/\/vimaterial.de\/es\/wp-json\/wp\/v2\/product_tag?post=1018789"}],"curies":[{"name":"wp","href":"https:\/\/api.w.org\/{rel}","templated":true}]}}