{"id":1018579,"date":"2024-06-17T15:04:29","date_gmt":"2024-06-17T07:04:29","guid":{"rendered":"https:\/\/vimaterial.de\/product\/aleacion-de-aluminio-y-zinc-4\/"},"modified":"2025-03-26T16:01:49","modified_gmt":"2025-03-26T08:01:49","slug":"aleacion-de-aluminio-y-zinc-4","status":"publish","type":"product","link":"https:\/\/vimaterial.de\/es\/product\/aleacion-de-aluminio-y-zinc-4\/","title":{"rendered":"Aleaci\u00f3n de zinc y aluminio"},"content":{"rendered":"<p><span style=\"font-family: arial, helvetica, sans-serif; font-size: 12pt;\">El polvo de aleaci\u00f3n de zinc y aluminio es una aleaci\u00f3n para la que no existe una f\u00f3rmula molecular \u00fanica; se compone principalmente de zinc (Zn) y aluminio (Al), y suele contener peque\u00f1as cantidades de otros elementos.<\/span><\/p>\n<p><span style=\"font-family: arial, helvetica, sans-serif; font-size: 12pt;\">VIMATERIAL puede suministrar aleaci\u00f3n de zinc y aluminio en varios paquetes y especificaciones, la aleaci\u00f3n de zinc y aluminio producida por nuestra empresa tiene las caracter\u00edsticas de alta pureza y excelente calidad, y la respuesta de nuestros clientes al producto es muy buena. <\/span><\/p>\n<p><span style=\"font-family: arial, helvetica, sans-serif; font-size: 12pt;\">Tiene las propiedades de estabilidad qu\u00edmica y resistencia a la oxidaci\u00f3n, y tiene un papel indispensable en la producci\u00f3n industrial pr\u00e1ctica. Tiene estabilidad qu\u00edmica y propiedades antioxidantes, y tiene un papel indispensable en la producci\u00f3n industrial pr\u00e1ctica. <\/span><\/p>\n<p><a href=\"https:\/\/vimaterial.de\/es\/contacto\/\"><span style=\"font-family: arial, helvetica, sans-serif; font-size: 12pt; color: #0000ff;\">Cont\u00e1ctenos.<\/span><\/a><\/p>\n<h2><span style=\"font-family: arial, helvetica, sans-serif; font-size: 14pt;\">Propiedades f\u00edsicas:<\/span><\/h2>\n<p><span style=\"font-family: arial, helvetica, sans-serif; font-size: 12pt;\">F\u00f3rmula molecular: ZnAl<\/span><\/p>\n<p><span style=\"font-family: arial, helvetica, sans-serif; font-size: 12pt;\">Apariencia y morfolog\u00eda: El polvo de aleaci\u00f3n de zinc-aluminio tiene una variedad de apariencia y morfolog\u00eda, los comunes son esf\u00e9ricos, escamosos, en forma de aguja, etc.<\/span><\/p>\n<p><span style=\"font-family: arial, helvetica, sans-serif; font-size: 12pt;\">Densidad: Los polvos de aleaci\u00f3n de zinc y aluminio tienen una densidad relativamente baja, normalmente entre 2,5 y 6,0 g\/cm\u00b3.<\/span><\/p>\n<p><span style=\"font-family: arial, helvetica, sans-serif; font-size: 12pt;\">Punto de fusi\u00f3n: Las aleaciones de zinc y aluminio tienen un punto de fusi\u00f3n relativamente bajo, normalmente entre 300 y 400 \u00b0C.<\/span><\/p>\n<h2><span style=\"font-family: arial, helvetica, sans-serif; font-size: 14pt;\">Aplicaci\u00f3n:<\/span><\/h2>\n<p><span style=\"font-family: arial, helvetica, sans-serif; font-size: 12pt;\">Campo de recubrimientos: el polvo de aleaci\u00f3n de zinc-aluminio se puede utilizar como relleno en recubrimientos anticorrosivos para proteger las estructuras met\u00e1licas de la corrosi\u00f3n.<\/span><\/p>\n<p><span style=\"font-family: arial, helvetica, sans-serif; font-size: 12pt;\">Campo de soldadura: El polvo de aleaci\u00f3n de zinc-aluminio se puede utilizar como material de soldadura para soldar metales como el aluminio y el zinc.<\/span><\/p>\n<p><span style=\"font-family: arial, helvetica, sans-serif; font-size: 12pt;\">Campo de pulvimetalurgia: El polvo de aleaci\u00f3n de zinc-aluminio se puede preparar en varias partes, como engranajes, cojinetes, deslizadores, etc., mediante el proceso de pulvimetalurgia.<\/span><\/p>\n<p><span style=\"font-family: arial, helvetica, sans-serif; font-size: 12pt;\">Campo electr\u00f3nico: En el campo electr\u00f3nico, el polvo de aleaci\u00f3n de zinc-aluminio se puede utilizar para preparar pastas electr\u00f3nicas, adhesivos conductores y otros materiales para la encapsulaci\u00f3n y conexi\u00f3n de componentes electr\u00f3nicos.<\/span><\/p>\n<h2><span style=\"font-family: arial, helvetica, sans-serif; font-size: 14pt;\">Embalaje y almacenamiento:<\/span><\/h2>\n<p><span style=\"font-family: arial, helvetica, sans-serif; font-size: 12pt;\">El embalaje se puede personalizar. Los materiales en polvo se pueden envasar en bolsas de vac\u00edo, frascos de vac\u00edo, botellas de vac\u00edo, etc. <\/span><\/p>\n<p><span style=\"font-family: arial, helvetica, sans-serif; font-size: 12pt;\">Los materiales en polvo se almacenan secos y se empaquetan en paquetes sellados para garantizar la estabilidad del material.<\/span><\/p>\n<h2><span style=\"font-family: arial, helvetica, sans-serif; font-size: 14pt;\">Control de calidad:<\/span><\/h2>\n<p><span style=\"font-family: arial, helvetica, sans-serif; font-size: 12pt;\">Cada lote de productos tiene un COA adjunto y un informe de an\u00e1lisis, todos los productos est\u00e1n calificados, tenga la seguridad de que el pedido.<\/span><\/p>\n","protected":false},"excerpt":{"rendered":"<p><span style=\"font-family: arial, helvetica, sans-serif; font-size: 12pt;\">El polvo de aleaci\u00f3n de zinc y aluminio es una aleaci\u00f3n para la que no existe una f\u00f3rmula molecular \u00fanica; se compone principalmente de zinc (Zn) y aluminio (Al), y suele contener peque\u00f1as cantidades de otros elementos.<\/span><\/p>\n<p><span style=\"font-family: arial, helvetica, sans-serif; font-size: 12pt;\">VIMATERIAL puede suministrar aleaci\u00f3n de zinc y aluminio en varios paquetes y especificaciones, la aleaci\u00f3n de zinc y aluminio producida por nuestra empresa tiene las caracter\u00edsticas de alta pureza y excelente calidad, y la respuesta de nuestros clientes al producto es muy buena.<\/span><\/p>\n","protected":false},"featured_media":1003527,"comment_status":"open","ping_status":"closed","template":"","meta":{"_acf_changed":false},"product_brand":[],"product_cat":[193],"product_tag":[],"class_list":{"0":"post-1018579","1":"product","2":"type-product","3":"status-publish","4":"has-post-thumbnail","6":"product_cat-polvo-de-aleaciones-y-metales-puros","8":"first","9":"instock","10":"shipping-taxable","11":"purchasable","12":"product-type-variable"},"acf":[],"_links":{"self":[{"href":"https:\/\/vimaterial.de\/es\/wp-json\/wp\/v2\/product\/1018579","targetHints":{"allow":["GET"]}}],"collection":[{"href":"https:\/\/vimaterial.de\/es\/wp-json\/wp\/v2\/product"}],"about":[{"href":"https:\/\/vimaterial.de\/es\/wp-json\/wp\/v2\/types\/product"}],"replies":[{"embeddable":true,"href":"https:\/\/vimaterial.de\/es\/wp-json\/wp\/v2\/comments?post=1018579"}],"wp:featuredmedia":[{"embeddable":true,"href":"https:\/\/vimaterial.de\/es\/wp-json\/wp\/v2\/media\/1003527"}],"wp:attachment":[{"href":"https:\/\/vimaterial.de\/es\/wp-json\/wp\/v2\/media?parent=1018579"}],"wp:term":[{"taxonomy":"product_brand","embeddable":true,"href":"https:\/\/vimaterial.de\/es\/wp-json\/wp\/v2\/product_brand?post=1018579"},{"taxonomy":"product_cat","embeddable":true,"href":"https:\/\/vimaterial.de\/es\/wp-json\/wp\/v2\/product_cat?post=1018579"},{"taxonomy":"product_tag","embeddable":true,"href":"https:\/\/vimaterial.de\/es\/wp-json\/wp\/v2\/product_tag?post=1018579"}],"curies":[{"name":"wp","href":"https:\/\/api.w.org\/{rel}","templated":true}]}}