{"id":1018562,"date":"2024-06-17T15:18:33","date_gmt":"2024-06-17T07:18:33","guid":{"rendered":"https:\/\/vimaterial.de\/product\/vanadato-de-estroncio\/"},"modified":"2025-09-18T13:16:37","modified_gmt":"2025-09-18T05:16:37","slug":"vanadato-de-estroncio","status":"publish","type":"product","link":"https:\/\/vimaterial.de\/es\/product\/vanadato-de-estroncio\/","title":{"rendered":"Vanadato de estroncio"},"content":{"rendered":"<h2><span style=\"font-size: 14pt;\">Descripci\u00f3n general del producto de blanco de pulverizaci\u00f3n cat\u00f3dica de vanadato de estroncio (Sr\u2082V\u2082O\u2087)<\/span><\/h2>\n<p>El blanco de pulverizaci\u00f3n cat\u00f3dica de <span style=\"color: #0000ff;\"><a style=\"color: #0000ff;\" href=\"https:\/\/vimaterial.de\/es\/search\/?type=name&#038;keyword=Sr%E2%82%82V%E2%82%82O%E2%82%87\">vanadato de estroncio<\/a> <\/span>es un \u00f3xido inorg\u00e1nico de alta pureza, com\u00fanmente utilizado en la deposici\u00f3n de pel\u00edculas delgadas, recubrimientos \u00f3pticos y la fabricaci\u00f3n de dispositivos electr\u00f3nicos avanzados. Su singular estructura cristalina de vanadato le confiere excelentes propiedades \u00f3pticas y el\u00e9ctricas, lo que lo hace ideal para aplicaciones en cer\u00e1micas funcionales y pel\u00edculas delgadas optoelectr\u00f3nicas.<\/p>\n<h2><span style=\"font-size: 14pt;\">Especificaciones t\u00e9cnicas del vanadato de estroncio<\/span><\/h2>\n<table style=\"border-collapse: collapse; width: 44.044%; height: 168px;\">\n<tbody>\n<tr style=\"height: 24px;\">\n<td style=\"width: 14.6817%; height: 24px; text-align: center;\">Elemento<\/td>\n<td style=\"width: 29.3635%; height: 24px; text-align: center;\">Par\u00e1metro<\/td>\n<\/tr>\n<tr style=\"height: 24px;\">\n<td style=\"width: 14.6817%; height: 24px; text-align: center;\">F\u00f3rmula qu\u00edmica<\/td>\n<td style=\"width: 29.3635%; height: 24px; text-align: center;\">Sr\u2082V\u2082O\u2087<\/td>\n<\/tr>\n<tr style=\"height: 24px;\">\n<td style=\"width: 14.6817%; height: 24px; text-align: center;\">Pureza<\/td>\n<td style=\"width: 29.3635%; height: 24px; text-align: center;\">99.9%<\/td>\n<\/tr>\n<tr style=\"height: 24px;\">\n<td style=\"width: 14.6817%; height: 24px; text-align: center;\">Morfolog\u00eda<\/td>\n<td style=\"width: 29.3635%; height: 24px; text-align: center;\">Blanco redondo \/ Blanco cuadrado \/ Personalizado<\/td>\n<\/tr>\n<tr style=\"height: 24px;\">\n<td style=\"width: 14.6817%; height: 24px; text-align: center;\">Densidad<\/td>\n<td style=\"width: 29.3635%; height: 24px; text-align: center;\">\u226595% Densidad te\u00f3rica<\/td>\n<\/tr>\n<tr style=\"height: 24px;\">\n<td style=\"width: 14.6817%; height: 24px; text-align: center;\">Dimensiones<\/td>\n<td style=\"width: 29.3635%; height: 24px; text-align: center;\">Personalizable<\/td>\n<\/tr>\n<tr style=\"height: 24px;\">\n<td style=\"width: 14.6817%; height: 24px; text-align: center;\">Placa de soporte<\/td>\n<td style=\"width: 29.3635%; height: 24px; text-align: center;\">Opcional<\/td>\n<\/tr>\n<\/tbody>\n<\/table>\n<h2><span style=\"font-size: 14pt;\">Ventajas de los blancos de pulverizaci\u00f3n cat\u00f3dica de Sr2V2O7 de VIMATERIAL<\/span><\/h2>\n<p><strong>Excelente estabilidad cristalina:<\/strong> Rendimiento fiable en condiciones de pulverizaci\u00f3n cat\u00f3dica a alta temperatura, lo que garantiza una calidad uniforme de pel\u00edcula delgada.<\/p>\n<p><strong>Alto rendimiento \u00f3ptico:<\/strong> Mejora la transmitancia y la reflectividad de las pel\u00edculas \u00f3pticas, reduciendo la p\u00e9rdida \u00f3ptica.<\/p>\n<p><strong>Excelentes propiedades el\u00e9ctricas:<\/strong> Adecuado para la deposici\u00f3n de pel\u00edculas delgadas de cer\u00e1micas funcionales y componentes optoelectr\u00f3nicos.<\/p>\n<p><strong>Alta densidad y baja porosidad:<\/strong> Reduce las salpicaduras y la contaminaci\u00f3n por part\u00edculas, adecuado para equipos de pulverizaci\u00f3n cat\u00f3dica planetaria y rotatoria.<\/p>\n<p><strong>Tama\u00f1os y formas personalizables:<\/strong> Compatible con objetivos redondos y cuadrados, as\u00ed como con especificaciones especiales, con opciones de placa de soporte.<\/p>\n<p><strong>Suministro estable a largo plazo:<\/strong> Nuestros sistemas de producci\u00f3n y control de calidad consolidados garantizan la consistencia de los lotes.<\/p>\n<h2><span style=\"font-size: 14pt;\">Principales aplicaciones de los objetivos de vanadato de estroncio<\/span><\/h2>\n<p><strong>Pel\u00edculas delgadas de semiconductores:<\/strong> Se utilizan para la deposici\u00f3n de pel\u00edculas delgadas en dispositivos electr\u00f3nicos y microelectr\u00f3nicos.<\/p>\n<p><strong><span style=\"color: #0000ff;\"><a style=\"color: #0000ff;\" href=\"https:\/\/en.wikipedia.org\/wiki\/Optical_coating\" rel=\"nofollow noopener\" target=\"_blank\">Recubrimientos \u00f3pticos:<\/a> <\/span><\/strong>Mejoran el rendimiento \u00f3ptico en filtros \u00f3pticos, pel\u00edculas transmisivas y pel\u00edculas reflectantes. Cer\u00e1mica funcional: Sr\u2082V\u2082O\u2087, un material de vanadato, presenta una excelente estabilidad t\u00e9rmica.<\/p>\n<p><strong>Dispositivos electro\u00f3pticos:<\/strong> Se utiliza en l\u00e1seres, sensores y dispositivos de conversi\u00f3n fotoel\u00e9ctrica.<\/p>\n<h2><span style=\"font-size: 14pt;\">Empaquetado y entrega de objetivos de pulverizaci\u00f3n cat\u00f3dica de vanadato de estroncio<\/span><\/h2>\n<p>Para garantizar que los objetivos est\u00e9n protegidos contra la contaminaci\u00f3n y los da\u00f1os durante el transporte, utilizamos embalajes sellados al vac\u00edo y a prueba de golpes y humedad. Se proporcionan hojas de datos de seguridad (MSDS) e informes de inspecci\u00f3n de calidad.<\/p>\n<h2><span style=\"font-size: 14pt;\">Productos recomendados<\/span><\/h2>\n<p><span style=\"color: #0000ff;\"><a style=\"color: #0000ff;\" href=\"https:\/\/vimaterial.de\/es\/product\/titanato-de-estroncio-oxido-de-estroncio-y-titanio\/\">Blanco de pulverizaci\u00f3n cat\u00f3dica de SrTiO\u2083<\/a><\/span><\/p>\n<p><span style=\"color: #0000ff;\"><a style=\"color: #0000ff;\" href=\"https:\/\/vimaterial.de\/es\/search\/?type=name&#038;keyword=V%E2%82%82O%E2%82%85\">Blanco de pulverizaci\u00f3n cat\u00f3dica de V\u2082O\u2085<\/a><\/span><\/p>\n<p><span style=\"color: #0000ff;\"><a style=\"color: #0000ff;\" href=\"https:\/\/vimaterial.de\/es\/product\/bario-oxido-de-titanio\/\">Blanco de pulverizaci\u00f3n cat\u00f3dica de BaTiO\u2083<\/a><\/span><\/p>\n<h2><span style=\"font-size: 14pt;\">Preguntas frecuentes sobre los blancos de pulverizaci\u00f3n cat\u00f3dica de Sr2V2O7<\/span><\/h2>\n<h3><span style=\"font-size: 12pt;\">P1: \u00bfQu\u00e9 niveles de pureza est\u00e1n disponibles para los blancos de Sr\u2082V\u2082O\u2087?<\/span><\/h3>\n<p>R1: Normalmente ofrecemos un grado de pureza del 99,9 % y aceptamos requisitos personalizados para purezas superiores.<\/p>\n<h3><span style=\"font-size: 12pt;\">P2: \u00bfOfrecen tama\u00f1os o formas personalizados?<\/span><\/h3>\n<p>R2: S\u00ed, podemos personalizar diferentes di\u00e1metros, espesores y formas seg\u00fan los requisitos del equipo de recubrimiento del cliente.<\/p>\n<h3><span style=\"font-size: 12pt;\">P3: \u00bfQu\u00e9 tipos de placas de soporte est\u00e1n disponibles?<\/span><\/h3>\n<p>R3: Ofrecemos una variedad de opciones de placas de soporte, incluyendo Mo, Cu y Ti. Consulte las opciones de placas de soporte para obtener m\u00e1s informaci\u00f3n.<\/p>\n<h2><span style=\"font-size: 14pt;\">\u00bfPor qu\u00e9 elegirnos?<\/span><\/h2>\n<h3><span style=\"font-size: 12pt;\">Elegir los blancos de pulverizaci\u00f3n cat\u00f3dica de Sr\u2082V\u2082O7 de VIMATERIAL ofrece las siguientes ventajas:<\/span><\/h3>\n<p><strong>Garant\u00eda de alta pureza:<\/strong> Ofrecemos blancos de pulverizaci\u00f3n cat\u00f3dica de Sr\u2082V\u2082O7 con una pureza del 99,9 % o superior, lo que garantiza la calidad y consistencia de la deposici\u00f3n de pel\u00edcula delgada.<\/p>\n<p><strong>Personalizaci\u00f3n:<\/strong> Ofrecemos una variedad de formas y tama\u00f1os, incluyendo blancos redondos y cuadrados, as\u00ed como especificaciones personalizadas. Se pueden seleccionar diferentes placas de soporte seg\u00fan el equipo del cliente.<\/p>\n<p><span style=\"color: #0000ff;\"><a style=\"color: #0000ff;\" href=\"https:\/\/vimaterial.de\/es\/contacto\/\"><strong>Estricto control de calidad:<\/strong> <\/a><\/span>Cada lote de productos se somete a medici\u00f3n de densidad, an\u00e1lisis de composici\u00f3n qu\u00edmica e inspecci\u00f3n visual para garantizar el cumplimiento de las normas internacionales. Se proporciona una hoja de datos de seguridad (MSDS) completa y un informe de inspecci\u00f3n de calidad.<\/p>\n<p><strong>Embalaje seguro y fiable:<\/strong> El embalaje sellado al vac\u00edo, a prueba de humedad y resistente a los golpes garantiza que los blancos permanezcan intactos durante el transporte.<\/p>\n<p><strong><span style=\"color: #0000ff;\"><a style=\"color: #0000ff;\" href=\"https:\/\/vimaterial.de\/es\/sobre-nosotros\/\">Amplia experiencia en el sector<\/a><\/span>:<\/strong> Contamos con muchos a\u00f1os de experiencia en el campo de los blancos de pulverizaci\u00f3n cat\u00f3dica, atendiendo a clientes de todo el mundo y ofreciendo asesoramiento <span style=\"color: #0000ff;\"><a style=\"color: #0000ff;\" href=\"https:\/\/vimaterial.de\/es\/contacto\/\">t\u00e9cnico y soporte posventa.<\/a><\/span><\/p>\n","protected":false},"excerpt":{"rendered":"<p>El blanco de pulverizaci\u00f3n cat\u00f3dica de <span style=\"color: #0000ff;\"><a style=\"color: #0000ff;\" href=\"https:\/\/vimaterial.de\/es\/search\/?type=name&#038;keyword=Sr%E2%82%82V%E2%82%82O%E2%82%87\">vanadato de estroncio<\/a> <\/span>es un \u00f3xido inorg\u00e1nico de alta pureza, com\u00fanmente utilizado en la deposici\u00f3n de pel\u00edculas delgadas, recubrimientos \u00f3pticos y la fabricaci\u00f3n de dispositivos electr\u00f3nicos avanzados. Su singular estructura cristalina de vanadato le confiere excelentes propiedades \u00f3pticas y el\u00e9ctricas, lo que lo hace ideal para aplicaciones en cer\u00e1micas funcionales y pel\u00edculas delgadas optoelectr\u00f3nicas.<\/p>\n","protected":false},"featured_media":1004542,"comment_status":"open","ping_status":"closed","template":"","meta":{"_acf_changed":false},"product_brand":[],"product_cat":[178],"product_tag":[],"class_list":{"0":"post-1018562","1":"product","2":"type-product","3":"status-publish","4":"has-post-thumbnail","6":"product_cat-catodos-para-sputtering-planar","8":"first","9":"instock","10":"shipping-taxable","11":"product-type-variable"},"acf":[],"_links":{"self":[{"href":"https:\/\/vimaterial.de\/es\/wp-json\/wp\/v2\/product\/1018562","targetHints":{"allow":["GET"]}}],"collection":[{"href":"https:\/\/vimaterial.de\/es\/wp-json\/wp\/v2\/product"}],"about":[{"href":"https:\/\/vimaterial.de\/es\/wp-json\/wp\/v2\/types\/product"}],"replies":[{"embeddable":true,"href":"https:\/\/vimaterial.de\/es\/wp-json\/wp\/v2\/comments?post=1018562"}],"wp:featuredmedia":[{"embeddable":true,"href":"https:\/\/vimaterial.de\/es\/wp-json\/wp\/v2\/media\/1004542"}],"wp:attachment":[{"href":"https:\/\/vimaterial.de\/es\/wp-json\/wp\/v2\/media?parent=1018562"}],"wp:term":[{"taxonomy":"product_brand","embeddable":true,"href":"https:\/\/vimaterial.de\/es\/wp-json\/wp\/v2\/product_brand?post=1018562"},{"taxonomy":"product_cat","embeddable":true,"href":"https:\/\/vimaterial.de\/es\/wp-json\/wp\/v2\/product_cat?post=1018562"},{"taxonomy":"product_tag","embeddable":true,"href":"https:\/\/vimaterial.de\/es\/wp-json\/wp\/v2\/product_tag?post=1018562"}],"curies":[{"name":"wp","href":"https:\/\/api.w.org\/{rel}","templated":true}]}}