{"id":1018338,"date":"2024-06-17T15:04:29","date_gmt":"2024-06-17T07:04:29","guid":{"rendered":"https:\/\/vimaterial.de\/product\/aleacion-de-aluminio-y-zinc-3\/"},"modified":"2025-03-26T15:45:06","modified_gmt":"2025-03-26T07:45:06","slug":"aleacion-de-zinc-y-aluminio-3","status":"publish","type":"product","link":"https:\/\/vimaterial.de\/es\/product\/aleacion-de-zinc-y-aluminio-3\/","title":{"rendered":"Aleaci\u00f3n de zinc y aluminio"},"content":{"rendered":"<p><span style=\"font-family: arial, helvetica, sans-serif; font-size: 12pt;\">Los gr\u00e1nulos de aleaci\u00f3n de zinc y aluminio son materiales granulares hechos de una mezcla de dos metales, zinc (Zn) y aluminio (Al), en una cierta proporci\u00f3n.<\/span><\/p>\n<p><span style=\"font-family: arial, helvetica, sans-serif; font-size: 12pt;\">VIMATERIAL puede suministrar gr\u00e1nulos de aleaci\u00f3n de zinc y aluminio en varios paquetes y especificaciones, los gr\u00e1nulos de aleaci\u00f3n de zinc y aluminio producidos por nuestra empresa se caracterizan por su alta pureza y excelente calidad, y la respuesta de nuestros clientes a este producto es muy buena. <\/span><\/p>\n<p><span style=\"font-family: arial, helvetica, sans-serif; font-size: 12pt;\">Los gr\u00e1nulos de aleaci\u00f3n de zinc y aluminio tienen fuertes propiedades oxidantes y pueden utilizarse como aditivos para mejorar las propiedades de los materiales, que desempe\u00f1an un papel indispensable en la producci\u00f3n industrial pr\u00e1ctica. Los gr\u00e1nulos de aleaci\u00f3n de zinc y aluminio son qu\u00edmicamente estables y resistentes a la corrosi\u00f3n, y desempe\u00f1an un papel indispensable en la producci\u00f3n industrial pr\u00e1ctica. <\/span><\/p>\n<p><span style=\"color: #0000ff; font-family: arial, helvetica, sans-serif; font-size: 12pt;\"><a style=\"color: #0000ff;\" href=\"https:\/\/vimaterial.de\/es\/contacto\/\"> Cont\u00e1ctenos.<\/a><\/span><\/p>\n<h2><span style=\"font-family: arial, helvetica, sans-serif; font-size: 14pt;\">Propiedades f\u00edsicas:<\/span><\/h2>\n<p><span style=\"font-family: arial, helvetica, sans-serif; font-size: 12pt;\">Aspecto: Por lo general, gr\u00e1nulos de color gris plateado o blanquecino.<\/span><\/p>\n<p><span style=\"font-family: arial, helvetica, sans-serif; font-size: 12pt;\">Densidad: La densidad est\u00e1 entre la del zinc y la del aluminio. La densidad de las part\u00edculas de aleaci\u00f3n de zinc y aluminio var\u00eda con la proporci\u00f3n de zinc y aluminio. <\/span><\/p>\n<p><span style=\"font-family: arial, helvetica, sans-serif; font-size: 12pt;\">Punto de fusi\u00f3n: Tiene un punto de fusi\u00f3n m\u00e1s bajo que el zinc puro.<\/span><\/p>\n<h2><span style=\"font-family: arial, helvetica, sans-serif; font-size: 14pt;\">Aplicaci\u00f3n:<\/span><\/h2>\n<p><span style=\"font-family: arial, helvetica, sans-serif; font-size: 12pt;\">Industria de fundici\u00f3n a presi\u00f3n: Los gr\u00e1nulos de aleaci\u00f3n de zinc y aluminio son materias primas importantes en el proceso de fundici\u00f3n a presi\u00f3n.<\/span><\/p>\n<p><span style=\"font-family: arial, helvetica, sans-serif; font-size: 12pt;\">Material anticorrosivo: se puede utilizar para hacer un recubrimiento anticorrosi\u00f3n.<\/span><\/p>\n<p><span style=\"font-family: arial, helvetica, sans-serif; font-size: 12pt;\">Materiales de impresi\u00f3n 3D: Con el desarrollo de la tecnolog\u00eda de impresi\u00f3n 3D, las part\u00edculas de aleaci\u00f3n de zinc y aluminio tambi\u00e9n se utilizan como materia prima para la impresi\u00f3n 3D.<\/span><\/p>\n<h2><span style=\"font-family: arial, helvetica, sans-serif; font-size: 14pt;\">Embalaje y almacenamiento:<\/span><\/h2>\n<p><span style=\"font-family: arial, helvetica, sans-serif; font-size: 12pt;\">El embalaje puede ser personalizable. Seleccionaremos el material de embalaje adecuado de acuerdo con la naturaleza del material granular. <\/span><\/p>\n<p><span style=\"font-family: arial, helvetica, sans-serif; font-size: 12pt;\">Los materiales de pellets se proporcionan en bolsas, botellas y envases al vac\u00edo para garantizar la estabilidad de los materiales.<\/span><\/p>\n<h2><span style=\"font-family: arial, helvetica, sans-serif; font-size: 14pt;\">Control de calidad:<\/span><\/h2>\n<p><span style=\"font-family: arial, helvetica, sans-serif; font-size: 12pt;\">Cada lote de productos va acompa\u00f1ado de un COA y un informe de an\u00e1lisis, todos los productos est\u00e1n calificados, no dude en realizar un pedido.<\/span><\/p>\n","protected":false},"excerpt":{"rendered":"<p><span style=\"font-family: arial, helvetica, sans-serif; font-size: 12pt;\">Los gr\u00e1nulos de aleaci\u00f3n de zinc y aluminio son materiales granulares hechos de una mezcla de dos metales, zinc (Zn) y aluminio (Al), en una cierta proporci\u00f3n.<\/span><\/p>\n<p><span style=\"font-family: arial, helvetica, sans-serif; font-size: 12pt;\">VIMATERIAL puede suministrar gr\u00e1nulos de aleaci\u00f3n de zinc y aluminio en varios paquetes y especificaciones, los gr\u00e1nulos de aleaci\u00f3n de zinc y aluminio producidos por nuestra empresa se caracterizan por su alta pureza y excelente calidad, y la respuesta de nuestros clientes a este producto es muy buena.<\/span><\/p>\n","protected":false},"featured_media":1003535,"comment_status":"open","ping_status":"closed","template":"","meta":{"_acf_changed":false},"product_brand":[],"product_cat":[179],"product_tag":[],"class_list":{"0":"post-1018338","1":"product","2":"type-product","3":"status-publish","4":"has-post-thumbnail","6":"product_cat-materiales-de-evaporacion","8":"first","9":"instock","10":"shipping-taxable","11":"purchasable","12":"product-type-variable"},"acf":[],"_links":{"self":[{"href":"https:\/\/vimaterial.de\/es\/wp-json\/wp\/v2\/product\/1018338","targetHints":{"allow":["GET"]}}],"collection":[{"href":"https:\/\/vimaterial.de\/es\/wp-json\/wp\/v2\/product"}],"about":[{"href":"https:\/\/vimaterial.de\/es\/wp-json\/wp\/v2\/types\/product"}],"replies":[{"embeddable":true,"href":"https:\/\/vimaterial.de\/es\/wp-json\/wp\/v2\/comments?post=1018338"}],"wp:featuredmedia":[{"embeddable":true,"href":"https:\/\/vimaterial.de\/es\/wp-json\/wp\/v2\/media\/1003535"}],"wp:attachment":[{"href":"https:\/\/vimaterial.de\/es\/wp-json\/wp\/v2\/media?parent=1018338"}],"wp:term":[{"taxonomy":"product_brand","embeddable":true,"href":"https:\/\/vimaterial.de\/es\/wp-json\/wp\/v2\/product_brand?post=1018338"},{"taxonomy":"product_cat","embeddable":true,"href":"https:\/\/vimaterial.de\/es\/wp-json\/wp\/v2\/product_cat?post=1018338"},{"taxonomy":"product_tag","embeddable":true,"href":"https:\/\/vimaterial.de\/es\/wp-json\/wp\/v2\/product_tag?post=1018338"}],"curies":[{"name":"wp","href":"https:\/\/api.w.org\/{rel}","templated":true}]}}