{"id":1018306,"date":"2024-06-17T15:04:30","date_gmt":"2024-06-17T07:04:30","guid":{"rendered":"https:\/\/vimaterial.de\/product\/bromuro-de-zinc\/"},"modified":"2025-03-26T15:05:08","modified_gmt":"2025-03-26T07:05:08","slug":"bromuro-de-zinc","status":"publish","type":"product","link":"https:\/\/vimaterial.de\/es\/product\/bromuro-de-zinc\/","title":{"rendered":"Bromuro de zinc"},"content":{"rendered":"<p><span style=\"font-family: arial, helvetica, sans-serif;\">El bromuro de zinc es un compuesto inorg\u00e1nico con la f\u00f3rmula qu\u00edmica ZnBr<sub>2<\/sub>. Es cristalino incoloro o amarillento y s\u00f3lido a temperatura ambiente. <\/span><\/p>\n<p><span style=\"font-family: arial, helvetica, sans-serif;\">VIMATERIAL puede suministrar polvo de bromuro de zinc en una variedad de paquetes y especificaciones. El polvo de bromuro de zinc producido por nuestra empresa se caracteriza por su alta pureza y excelente calidad, y la respuesta de nuestros clientes a este producto es muy buena. El bromuro de zinc como catalizador puede mejorar la promoci\u00f3n de la reacci\u00f3n, en la producci\u00f3n industrial real tiene un papel indispensable. <\/span><\/p>\n<p><span style=\"color: #0000ff;\"><a style=\"color: #0000ff;\" href=\"https:\/\/vimaterial.de\/es\/contacto\/\"><span style=\"font-family: arial, helvetica, sans-serif;\">Cont\u00e1ctenos.<\/span><\/a><\/span><\/p>\n<h2><span style=\"font-family: arial, helvetica, sans-serif; font-size: 14pt;\">Propiedades f\u00edsicas<\/span><\/h2>\n<p><span style=\"font-family: arial, helvetica, sans-serif;\">F\u00f3rmula molecular: ZnBr<sub>2<\/sub><\/span><\/p>\n<p><span style=\"font-family: arial, helvetica, sans-serif;\">Peso molecular: 225.217.<\/span><\/p>\n<p><span style=\"font-family: arial, helvetica, sans-serif;\">Aspecto: polvo cristalino r\u00f3mbico blanco, tambi\u00e9n hay casos de cristales del sistema cristalino rombo\u00e9drico incoloro.<\/span><\/p>\n<p><span style=\"font-family: arial, helvetica, sans-serif;\">Densidad: la densidad relativa es de 4,22 kg\/m\u00b3; a 25\u00b0C la densidad es de 4,201 g\/cm\u00b3.<\/span><\/p>\n<p><span style=\"font-family: arial, helvetica, sans-serif;\">Punto de fusi\u00f3n: 394\u00b0C.<\/span><\/p>\n<p><span style=\"font-family: arial, helvetica, sans-serif;\">Punto de ebullici\u00f3n: 697 \u00b0C; Tambi\u00e9n se ha informado de un punto de ebullici\u00f3n de 650 \u00b0C.<\/span><\/p>\n<p><span style=\"font-family: arial, helvetica, sans-serif;\">Estructura cristalina: cristales incoloros del sistema rombo\u00e9drico o cristales r\u00f3mbicos blancos.<\/span><\/p>\n<h2><span style=\"font-family: arial, helvetica, sans-serif; font-size: 14pt;\">Aplicaciones<\/span><\/h2>\n<p><span style=\"font-family: arial, helvetica, sans-serif;\">1. El bromuro de zinc se usa com\u00fanmente en reacciones de s\u00edntesis org\u00e1nica, especialmente como reactivo halogenado.<\/span><\/p>\n<p><span style=\"font-family: arial, helvetica, sans-serif;\">2. Se puede utilizar como material de \u00e1nodo para bater\u00edas de zinc para mejorar el rendimiento de la bater\u00eda.<\/span><\/p>\n<p><span style=\"font-family: arial, helvetica, sans-serif;\">3. Tambi\u00e9n tiene aplicaciones en la preparaci\u00f3n de catalizadores para la activaci\u00f3n de la luz visible.<\/span><\/p>\n<h2><span style=\"font-size: 14pt; font-family: arial, helvetica, sans-serif;\">Embalaje y almacenamiento<\/span><\/h2>\n<p><span style=\"font-family: arial, helvetica, sans-serif;\">El embalaje se puede personalizar. Los materiales en polvo se pueden envasar en bolsas de vac\u00edo, frascos de vac\u00edo, botellas de vac\u00edo, etc. <\/span><\/p>\n<p><span style=\"font-family: arial, helvetica, sans-serif;\">Los materiales en polvo se almacenan secos y se empaquetan en paquetes sellados para garantizar la estabilidad del material.<\/span><\/p>\n<h2><span style=\"font-size: 14pt; font-family: arial, helvetica, sans-serif;\">Control de calidad<\/span><\/h2>\n<p><span style=\"font-family: arial, helvetica, sans-serif;\">Cada lote de productos tiene un COA adjunto y un informe de an\u00e1lisis, todos los productos est\u00e1n calificados, tenga la seguridad de que el pedido.<\/span><\/p>\n","protected":false},"excerpt":{"rendered":"<p><span style=\"font-family: arial, helvetica, sans-serif;\">El bromuro de zinc es un compuesto inorg\u00e1nico con la f\u00f3rmula qu\u00edmica ZnBr<sub>2<\/sub>. Es cristalino incoloro o amarillento y s\u00f3lido a temperatura ambiente. <\/span><\/p>\n<p><span style=\"font-family: arial, helvetica, sans-serif;\">VIMATERIAL puede suministrar polvo de bromuro de zinc en una variedad de paquetes y especificaciones. El polvo de bromuro de zinc producido por nuestra empresa se caracteriza por su alta pureza y excelente calidad, y la respuesta de nuestros clientes a este producto es muy buena. El bromuro de zinc como catalizador puede mejorar la promoci\u00f3n de la reacci\u00f3n, en la producci\u00f3n industrial real tiene un papel indispensable.<\/span><\/p>\n","protected":false},"featured_media":1003555,"comment_status":"open","ping_status":"closed","template":"","meta":{"_acf_changed":false},"product_brand":[],"product_cat":[182],"product_tag":[],"class_list":{"0":"post-1018306","1":"product","2":"type-product","3":"status-publish","4":"has-post-thumbnail","6":"product_cat-materiales-halogenados","8":"first","9":"instock","10":"shipping-taxable","11":"purchasable","12":"product-type-variable"},"acf":[],"_links":{"self":[{"href":"https:\/\/vimaterial.de\/es\/wp-json\/wp\/v2\/product\/1018306","targetHints":{"allow":["GET"]}}],"collection":[{"href":"https:\/\/vimaterial.de\/es\/wp-json\/wp\/v2\/product"}],"about":[{"href":"https:\/\/vimaterial.de\/es\/wp-json\/wp\/v2\/types\/product"}],"replies":[{"embeddable":true,"href":"https:\/\/vimaterial.de\/es\/wp-json\/wp\/v2\/comments?post=1018306"}],"wp:featuredmedia":[{"embeddable":true,"href":"https:\/\/vimaterial.de\/es\/wp-json\/wp\/v2\/media\/1003555"}],"wp:attachment":[{"href":"https:\/\/vimaterial.de\/es\/wp-json\/wp\/v2\/media?parent=1018306"}],"wp:term":[{"taxonomy":"product_brand","embeddable":true,"href":"https:\/\/vimaterial.de\/es\/wp-json\/wp\/v2\/product_brand?post=1018306"},{"taxonomy":"product_cat","embeddable":true,"href":"https:\/\/vimaterial.de\/es\/wp-json\/wp\/v2\/product_cat?post=1018306"},{"taxonomy":"product_tag","embeddable":true,"href":"https:\/\/vimaterial.de\/es\/wp-json\/wp\/v2\/product_tag?post=1018306"}],"curies":[{"name":"wp","href":"https:\/\/api.w.org\/{rel}","templated":true}]}}