{"id":1018297,"date":"2024-06-17T15:04:29","date_gmt":"2024-06-17T07:04:29","guid":{"rendered":"https:\/\/vimaterial.de\/product\/aleacion-de-aluminio-y-zinc-2\/"},"modified":"2025-03-26T15:26:50","modified_gmt":"2025-03-26T07:26:50","slug":"aleacion-de-aluminio-y-zinc-2","status":"publish","type":"product","link":"https:\/\/vimaterial.de\/es\/product\/aleacion-de-aluminio-y-zinc-2\/","title":{"rendered":"Aleaci\u00f3n de zinc y aluminio"},"content":{"rendered":"<p><span style=\"font-family: arial, helvetica, sans-serif; font-size: 12pt;\">El objetivo de aleaci\u00f3n de zinc y aluminio es un importante objetivo de pulverizaci\u00f3n cat\u00f3dica de aleaci\u00f3n con muchas propiedades y una amplia gama de aplicaciones.<\/span><\/p>\n<p><span style=\"font-family: arial, helvetica, sans-serif; font-size: 12pt;\">VIMATERIAL puede suministrar un objetivo de aleaci\u00f3n de zinc y aluminio en varios paquetes y especificaciones, producido por nuestra empresa tiene las caracter\u00edsticas de alta pureza y excelente calidad, y la respuesta de nuestros clientes a este producto es muy buena. Tiene una alta pureza y excelentes propiedades de pulverizaci\u00f3n cat\u00f3dica, que son indispensables en la producci\u00f3n industrial pr\u00e1ctica.<\/span><\/p>\n<p><span style=\"color: #0000ff;\"><a style=\"color: #0000ff;\" href=\"https:\/\/vimaterial.de\/es\/contacto\/\">Cont\u00e1ctenos.<\/a><\/span><\/p>\n<h2><span style=\"font-family: arial, helvetica, sans-serif; font-size: 14pt;\">Propiedades f\u00edsicas:<\/span><\/h2>\n<p><span style=\"font-family: arial, helvetica, sans-serif; font-size: 12pt;\">Aspecto: Por lo general, gr\u00e1nulos de color gris plateado o blanquecino.<\/span><\/p>\n<p><span style=\"font-family: arial, helvetica, sans-serif; font-size: 12pt;\">Densidad: La densidad est\u00e1 entre la del zinc y la del aluminio. La densidad de las part\u00edculas de aleaci\u00f3n de zinc y aluminio var\u00eda con la proporci\u00f3n de zinc y aluminio. <\/span><\/p>\n<p><span style=\"font-family: arial, helvetica, sans-serif; font-size: 12pt;\">Punto de fusi\u00f3n: Tiene un punto de fusi\u00f3n m\u00e1s bajo que el zinc puro.<\/span><\/p>\n<h2><span style=\"font-family: arial, helvetica, sans-serif; font-size: 14pt;\">Aplicaci\u00f3n:<\/span><\/h2>\n<p><span style=\"font-family: arial, helvetica, sans-serif; font-size: 12pt;\">Industria electr\u00f3nica: En la fabricaci\u00f3n de circuitos integrados de semiconductores, los objetivos de aleaci\u00f3n de zinc y aluminio se pueden utilizar para preparar pel\u00edculas conductoras.<\/span><\/p>\n<p><span style=\"font-family: arial, helvetica, sans-serif; font-size: 12pt;\">Campo \u00f3ptico: se puede utilizar para la preparaci\u00f3n de pel\u00edculas \u00f3pticas, como pel\u00edculas de mejora de transmitancia y pel\u00edculas reflectantes.<\/span><\/p>\n<p><span style=\"font-family: arial, helvetica, sans-serif; font-size: 12pt;\">Campo de energ\u00eda solar: en la fabricaci\u00f3n de c\u00e9lulas solares, los objetivos de aleaci\u00f3n de zinc y aluminio se pueden utilizar en la preparaci\u00f3n de c\u00e9lulas solares.<\/span><\/p>\n<p><span style=\"font-family: arial, helvetica, sans-serif; font-size: 12pt;\">Campo de recubrimiento decorativo: se puede utilizar para recubrimiento decorativo en la superficie de metal, vidrio, cer\u00e1mica y otros materiales.<\/span><\/p>\n<h2><span style=\"font-family: arial, helvetica, sans-serif; font-size: 14pt;\">Embalaje y almacenamiento:<\/span><\/h2>\n<p><span style=\"font-family: arial, helvetica, sans-serif; font-size: 12pt;\">El embalaje y el almacenamiento de los materiales objetivo se operar\u00e1n en estricta conformidad con los requisitos pertinentes, seleccionando los materiales de embalaje y las condiciones de almacenamiento adecuados, adoptando m\u00e9todos de almacenamiento cient\u00edficos y razonables, y llevando a cabo inspecciones y mantenimiento regulares, a fin de garantizar que la calidad y el rendimiento de los materiales objetivo sean estables, prolonguen su vida \u00fatil y satisfagan las necesidades de producci\u00f3n e investigaci\u00f3n cient\u00edfica.<\/span><\/p>\n<h2><span style=\"font-family: arial, helvetica, sans-serif; font-size: 14pt;\">Control de calidad:<\/span><\/h2>\n<p><span style=\"font-family: arial, helvetica, sans-serif; font-size: 12pt;\">Cada lote de productos tiene un COA adjunto y un informe de an\u00e1lisis, todos los productos est\u00e1n calificados, tenga la seguridad de que el pedido.<\/span><\/p>\n","protected":false},"excerpt":{"rendered":"<p><span style=\"font-family: arial, helvetica, sans-serif; font-size: 12pt;\">El objetivo de aleaci\u00f3n de zinc y aluminio es un importante objetivo de pulverizaci\u00f3n cat\u00f3dica de aleaci\u00f3n con muchas propiedades y una amplia gama de aplicaciones.<\/span><\/p>\n<p><span style=\"font-family: arial, helvetica, sans-serif; font-size: 12pt;\">VIMATERIAL puede suministrar un objetivo de aleaci\u00f3n de zinc y aluminio en varios paquetes y especificaciones, producido por nuestra empresa tiene las caracter\u00edsticas de alta pureza y excelente calidad, y la respuesta de nuestros clientes a este producto es muy buena. Tiene una alta pureza y excelentes propiedades de pulverizaci\u00f3n cat\u00f3dica, que son indispensables en la producci\u00f3n industrial pr\u00e1ctica.<\/span><\/p>\n","protected":false},"featured_media":1003542,"comment_status":"open","ping_status":"closed","template":"","meta":{"_acf_changed":false},"product_brand":[],"product_cat":[178],"product_tag":[],"class_list":{"0":"post-1018297","1":"product","2":"type-product","3":"status-publish","4":"has-post-thumbnail","6":"product_cat-catodos-para-sputtering-planar","8":"first","9":"instock","10":"shipping-taxable","11":"product-type-variable"},"acf":[],"_links":{"self":[{"href":"https:\/\/vimaterial.de\/es\/wp-json\/wp\/v2\/product\/1018297","targetHints":{"allow":["GET"]}}],"collection":[{"href":"https:\/\/vimaterial.de\/es\/wp-json\/wp\/v2\/product"}],"about":[{"href":"https:\/\/vimaterial.de\/es\/wp-json\/wp\/v2\/types\/product"}],"replies":[{"embeddable":true,"href":"https:\/\/vimaterial.de\/es\/wp-json\/wp\/v2\/comments?post=1018297"}],"wp:featuredmedia":[{"embeddable":true,"href":"https:\/\/vimaterial.de\/es\/wp-json\/wp\/v2\/media\/1003542"}],"wp:attachment":[{"href":"https:\/\/vimaterial.de\/es\/wp-json\/wp\/v2\/media?parent=1018297"}],"wp:term":[{"taxonomy":"product_brand","embeddable":true,"href":"https:\/\/vimaterial.de\/es\/wp-json\/wp\/v2\/product_brand?post=1018297"},{"taxonomy":"product_cat","embeddable":true,"href":"https:\/\/vimaterial.de\/es\/wp-json\/wp\/v2\/product_cat?post=1018297"},{"taxonomy":"product_tag","embeddable":true,"href":"https:\/\/vimaterial.de\/es\/wp-json\/wp\/v2\/product_tag?post=1018297"}],"curies":[{"name":"wp","href":"https:\/\/api.w.org\/{rel}","templated":true}]}}