{"id":1018288,"date":"2024-06-17T15:05:17","date_gmt":"2024-06-17T07:05:17","guid":{"rendered":"https:\/\/vimaterial.de\/product\/cloruro-de-zinc\/"},"modified":"2025-03-26T14:32:15","modified_gmt":"2025-03-26T06:32:15","slug":"cloruro-de-zinc","status":"publish","type":"product","link":"https:\/\/vimaterial.de\/es\/product\/cloruro-de-zinc\/","title":{"rendered":"Cloruro de zinc"},"content":{"rendered":"<p><span style=\"color: #3366ff;\"><a style=\"color: #3366ff;\" href=\"https:\/\/vimaterial.de\/es\/product\/zinc-metalico\/\">El polvo de cloruro de zinc<\/a><\/span> es un polvo compuesto inorg\u00e1nico blanco, higrosc\u00f3pico e inodoro con la f\u00f3rmula qu\u00edmica ZnCl\u2082, f\u00e1cilmente soluble en agua y acetona, y tiene una amplia gama de aplicaciones en muchos campos, como productos qu\u00edmicos, medicina y agricultura.<\/p>\n<p>El polvo de \u00f3xido de zinc de VIMATERIAL est\u00e1 disponible tanto en general como en alta pureza, nuestros productos de baja pureza son baratos y de buena calidad. Los productos de alta pureza tienen un excelente rendimiento, alta pureza y stock completo de productos. Si lo necesita, no dude<span style=\"color: #3366ff;\"><a style=\"color: #3366ff;\" href=\"https:\/\/vimaterial.de\/fr\/contact\/\"> en contactarnos.<\/a><\/span><\/p>\n<h2><span style=\"font-size: 14pt;\">Propiedades f\u00edsicas<\/span><\/h2>\n<p><span style=\"font-size: 12pt;\">F\u00f3rmula molecular: ZnCl\u2082<\/span><\/p>\n<p><span style=\"font-size: 12pt;\">Peso molecular: 136.3<\/span><\/p>\n<p><span style=\"font-size: 12pt;\">Aspecto: Polvo granular del sistema de cristal hexagonal blanco<\/span><\/p>\n<p><span style=\"font-size: 12pt;\">Densidad: Densidad relativa 2.905-2.91, es decir, 2.905-2.91g\/cm\u00b3, densidad relativa 2.91 a 25\u00b0C (25\/4\u00b0C)<\/span><\/p>\n<p><span style=\"font-size: 12pt;\">Punto de fusi\u00f3n: 283\u00b0C<\/span><\/p>\n<p><span style=\"font-size: 12pt;\">Punto de ebullici\u00f3n: 732\u00b0C<\/span><\/p>\n<p><span style=\"font-size: 12pt;\">Estructura cristalina: El cloruro de zinc es un compuesto i\u00f3nico con una estructura cristalina en la que los iones de zinc (Zn\u00b2\u207a) y los iones de cloruro (Cl-) est\u00e1n unidos por enlaces i\u00f3nicos. Cada ion de zinc est\u00e1 rodeado por seis iones de cloruro, formando una estructura de coordinaci\u00f3n octa\u00e9drica, mientras que cada ion de cloruro est\u00e1 coordinado con tres iones de zinc, formando una estructura de red tridimensional. <\/span><\/p>\n<h2><span style=\"font-size: 14pt;\">Composici\u00f3n qu\u00edmica<\/span><\/h2>\n<table style=\"border-collapse: collapse; width: 100%; height: 100px;\">\n<tbody>\n<tr style=\"height: 52px;\">\n<td style=\"width: 99.9999%; height: 52px;\" colspan=\"9\">\n<p style=\"text-align: center;\"><strong><span style=\"font-size: 12pt;\">composici\u00f3n de cloruro de zinc (% en peso)<\/span><\/strong><\/p>\n<\/td>\n<\/tr>\n<tr style=\"height: 24px;\">\n<td style=\"width: 11.1111%; height: 24px; text-align: center;\"><span style=\"font-size: 12pt;\">ZnCl\u2082<\/span><\/td>\n<td style=\"width: 11.1111%; height: 24px; text-align: center;\">Fe<\/td>\n<td style=\"width: 11.1111%; height: 24px; text-align: center;\">Al<\/td>\n<td style=\"width: 11.1111%; height: 24px; text-align: center;\">Cu<\/td>\n<td style=\"width: 11.1111%; height: 24px; text-align: center;\">Mg<\/td>\n<td style=\"width: 11.1111%; height: 24px; text-align: center;\">Na<\/td>\n<td style=\"width: 11.1111%; height: 24px; text-align: center;\">K<\/td>\n<td style=\"width: 11.1111%; height: 24px; text-align: center;\">Pb<\/td>\n<td style=\"width: 11.1111%; height: 24px; text-align: center;\">Cd<\/td>\n<\/tr>\n<tr style=\"height: 24px;\">\n<td style=\"width: 11.1111%; height: 24px; text-align: center;\">99.99<\/td>\n<td style=\"width: 11.1111%; height: 24px; text-align: center;\">0.0005<\/td>\n<td style=\"width: 11.1111%; height: 24px; text-align: center;\">0.0003<\/td>\n<td style=\"width: 11.1111%; height: 24px; text-align: center;\">0.0001<\/td>\n<td style=\"width: 11.1111%; height: 24px; text-align: center;\">0.0001<\/td>\n<td style=\"width: 11.1111%; height: 24px; text-align: center;\">0.0001<\/td>\n<td style=\"width: 11.1111%; height: 24px; text-align: center;\">0.0001<\/td>\n<td style=\"width: 11.1111%; height: 24px; text-align: center;\">0.00003<\/td>\n<td style=\"width: 11.1111%; height: 24px; text-align: center;\">0.0003<\/td>\n<\/tr>\n<\/tbody>\n<\/table>\n<h2><span style=\"font-size: 14pt;\">Aplicaciones<\/span><\/h2>\n<p><span style=\"font-size: 12pt;\">Industria qu\u00edmica: se utiliza en la s\u00edntesis org\u00e1nica como agente deshidratante y agente condensador para promover la reacci\u00f3n; Act\u00faan como catalizadores para acelerar la reacci\u00f3n qu\u00edmica, como en la reacci\u00f3n entre el metanol y el cloruro de hidr\u00f3geno para formar diclorometano.<\/span><\/p>\n<p><span style=\"font-size: 12pt;\">Industria de impresi\u00f3n y te\u00f1ido textil: se utiliza como mordiente para mejorar la fuerza de uni\u00f3n entre los tintes y las fibras, mejorar la firmeza y la viveza del te\u00f1ido; utilizado como agente mercerizante para mejorar el brillo y la sensaci\u00f3n de las fibras de algod\u00f3n; Tambi\u00e9n se utiliza como agente de encolado y agente de ponderaci\u00f3n para aumentar la resistencia de los hilos y la textura de las telas.<\/span><\/p>\n<p><span style=\"font-size: 12pt;\">Campo farmac\u00e9utico: como astringente medicinal en baja concentraci\u00f3n, se puede utilizar para formular una soluci\u00f3n astringente t\u00f3pica para promover la cicatrizaci\u00f3n de heridas; Como desinfectante en alta concentraci\u00f3n, se utiliza para desinfectar equipos m\u00e9dicos; Tambi\u00e9n es la materia prima para sintetizar algunos medicamentos.<\/span><\/p>\n<p><span style=\"font-size: 12pt;\">Industria de galvanoplastia: Se utiliza como aditivo de iones de zinc en el galvanizado con sal de amonio para garantizar la calidad de la capa de galvanoplastia y hacer que la superficie de las piezas chapadas obtenga un recubrimiento de zinc de adhesi\u00f3n uniforme, suave y fuerte.<\/span><\/p>\n<h2><span style=\"font-size: 14pt;\">Embalaje<\/span><\/h2>\n<p><span style=\"font-size: 12pt;\">Bolsa o botella de vac\u00edo de doble capa, la capacidad de la unidad m\u00e1s peque\u00f1a es de 10 g. Tambor o caja de 25 kg para grandes cantidades. <\/span><\/p>\n<h2><span style=\"font-size: 14pt;\">Control de calidad<\/span><\/h2>\n<p><span style=\"font-size: 12pt;\"><span style=\"color: #3366ff;\"><a style=\"color: #3366ff;\" href=\"https:\/\/vimaterial.de\/es\/control-de-calidad\/\">Cada lote<\/a> <\/span>de producto se prueba y se acompa\u00f1a de informes de prueba, incluidos GDMS, PSD, XRD y otros informes, tambi\u00e9n admitimos pruebas de terceros. Cada lote de productos va acompa\u00f1ado de muestras, y apoyamos a los clientes para que vuelvan a inspeccionar. <\/span><\/p>\n<h2><span style=\"font-size: 14pt;\">Almacenamiento<\/span><\/h2>\n<p><span style=\"font-size: 12pt;\">El polvo de cloruro de zinc debe almacenarse en un almac\u00e9n seco y bien ventilado, lejos del fuego y las fuentes de calor, el embalaje debe estar sellado, debe almacenarse separado de oxidantes y productos qu\u00edmicos comestibles, y debe estar equipado con las variaciones<\/span>y cantidades adecuadas de equipo de extinci\u00f3n de incendios.<\/p>\n","protected":false},"excerpt":{"rendered":"<p><span style=\"color: #3366ff;\"><a style=\"color: #3366ff;\" href=\"https:\/\/vimaterial.de\/es\/product\/zinc-metalico\/\">El polvo de cloruro de zinc<\/a><\/span> es un polvo compuesto inorg\u00e1nico blanco, higrosc\u00f3pico e inodoro con la f\u00f3rmula qu\u00edmica ZnCl\u2082, f\u00e1cilmente soluble en agua y acetona, y tiene una amplia gama de aplicaciones en muchos campos, como productos qu\u00edmicos, medicina y agricultura.<\/p>\n<p>El polvo de \u00f3xido de zinc de VIMATERIAL est\u00e1 disponible tanto en general como en alta pureza, nuestros productos de baja pureza son baratos y de buena calidad. Los productos de alta pureza tienen un excelente rendimiento, alta pureza y stock completo de productos. Si lo necesita, no dude<span style=\"color: #3366ff;\"><a style=\"color: #3366ff;\" href=\"https:\/\/vimaterial.de\/fr\/contact\/\"> en contactarnos.<\/a><\/span><\/p>\n<p>&nbsp;<\/p>\n","protected":false},"featured_media":1003564,"comment_status":"open","ping_status":"closed","template":"","meta":{"_acf_changed":false},"product_brand":[],"product_cat":[182],"product_tag":[],"class_list":{"0":"post-1018288","1":"product","2":"type-product","3":"status-publish","4":"has-post-thumbnail","6":"product_cat-materiales-halogenados","8":"first","9":"instock","10":"shipping-taxable","11":"purchasable","12":"product-type-variable"},"acf":[],"_links":{"self":[{"href":"https:\/\/vimaterial.de\/es\/wp-json\/wp\/v2\/product\/1018288","targetHints":{"allow":["GET"]}}],"collection":[{"href":"https:\/\/vimaterial.de\/es\/wp-json\/wp\/v2\/product"}],"about":[{"href":"https:\/\/vimaterial.de\/es\/wp-json\/wp\/v2\/types\/product"}],"replies":[{"embeddable":true,"href":"https:\/\/vimaterial.de\/es\/wp-json\/wp\/v2\/comments?post=1018288"}],"wp:featuredmedia":[{"embeddable":true,"href":"https:\/\/vimaterial.de\/es\/wp-json\/wp\/v2\/media\/1003564"}],"wp:attachment":[{"href":"https:\/\/vimaterial.de\/es\/wp-json\/wp\/v2\/media?parent=1018288"}],"wp:term":[{"taxonomy":"product_brand","embeddable":true,"href":"https:\/\/vimaterial.de\/es\/wp-json\/wp\/v2\/product_brand?post=1018288"},{"taxonomy":"product_cat","embeddable":true,"href":"https:\/\/vimaterial.de\/es\/wp-json\/wp\/v2\/product_cat?post=1018288"},{"taxonomy":"product_tag","embeddable":true,"href":"https:\/\/vimaterial.de\/es\/wp-json\/wp\/v2\/product_tag?post=1018288"}],"curies":[{"name":"wp","href":"https:\/\/api.w.org\/{rel}","templated":true}]}}