{"id":1018282,"date":"2024-06-17T15:04:30","date_gmt":"2024-06-17T07:04:30","guid":{"rendered":"https:\/\/vimaterial.de\/product\/bromuro-de-zinc-hidrato\/"},"modified":"2025-03-26T14:53:27","modified_gmt":"2025-03-26T06:53:27","slug":"bromuro-de-zinc-hidrato","status":"publish","type":"product","link":"https:\/\/vimaterial.de\/es\/product\/bromuro-de-zinc-hidrato\/","title":{"rendered":"Hidrato de bromuro de zinc"},"content":{"rendered":"<p><span style=\"font-family: arial, helvetica, sans-serif;\">El hidrato de bromuro de zinc es un hidrato de bromuro de zinc, es decir, un compuesto de bromuro de zinc que contiene agua de cristalizaci\u00f3n.<\/span><\/p>\n<p><span style=\"font-family: arial, helvetica, sans-serif;\">VIMATERIAL puede proporcionar polvo de \u00f3xido de zinc en varios paquetes y especificaciones, nuestra empresa produce polvo hidratado de bromuro de zinc con alta pureza y excelente calidad, nuestros clientes tienen una buena respuesta a la calidad del producto. El hidrato de bromuro de zinc se puede utilizar como catalizador para mejorar las propiedades del material, y tiene un hidrato de bromuro de zinc como catalizador que puede mejorar las propiedades de los materiales y tiene un papel indispensable en la producci\u00f3n industrial pr\u00e1ctica.<\/span><\/p>\n<p><span style=\"color: #0000ff;\"><a style=\"color: #0000ff;\" href=\"https:\/\/vimaterial.de\/es\/contacto\/\">Cont\u00e1ctenos.<\/a><\/span><\/p>\n<h2><span style=\"font-family: arial, helvetica, sans-serif; font-size: 14pt;\"> Propiedades f\u00edsicas:<\/span><\/h2>\n<p><span style=\"font-family: arial, helvetica, sans-serif;\">F\u00f3rmula molecular: generalmente se expresa como ZnBr<sub>2-xH<\/sub> <sub>2<\/sub>O, donde x es el n\u00famero de mol\u00e9culas hidratadas, com\u00fanmente para el bromuro de zinc dihidratado, es decir, x = 2, momento en el que la f\u00f3rmula molecular es ZnBr 2-2H<sub>2<\/sub>O<sub>.<\/sub><\/span><\/p>\n<p><span style=\"font-family: arial, helvetica, sans-serif;\">Peso molecular: Para el bromuro de zinc dihidratado, el peso molecular es 261,22.<\/span><\/p>\n<p><span style=\"font-family: arial, helvetica, sans-serif;\">Aspecto: Generalmente cristales blancos.<\/span><\/p>\n<p><span style=\"font-family: arial, helvetica, sans-serif;\">Densidad: La densidad del hidrato de bromuro de zinc puede variar en funci\u00f3n del grado de hidrataci\u00f3n, pero no se dispone de datos exactos.<\/span><\/p>\n<p><span style=\"font-family: arial, helvetica, sans-serif;\">Punto de fusi\u00f3n: El bromuro de zinc dihidratado tiene un punto de fusi\u00f3n superior a 300 \u00b0C.<\/span><\/p>\n<p><span style=\"font-family: arial, helvetica, sans-serif;\">Punto de ebullici\u00f3n: No se dispone de informaci\u00f3n espec\u00edfica.<\/span><\/p>\n<p><span style=\"font-family: arial, helvetica, sans-serif;\">Estructura cristalina: Los datos espec\u00edficos de la estructura cristalina son m\u00e1s especializados y complejos, y generalmente deben determinarse mediante m\u00e9todos de investigaci\u00f3n cristalogr\u00e1fica especializados.<\/span><\/p>\n<h2><span style=\"font-family: arial, helvetica, sans-serif; font-size: 14pt;\">Aplicaciones:<\/span><\/h2>\n<p><span style=\"font-family: arial, helvetica, sans-serif;\">Catalizador: Se puede utilizar como catalizador para participar en una variedad de reacciones org\u00e1nicas, como en la reacci\u00f3n de alquilaci\u00f3n de Friedel-Crafts, la reacci\u00f3n de eterificaci\u00f3n de Friedel-Crafts, etc. Promueve la reacci\u00f3n de condensaci\u00f3n entre hidrocarburos arom\u00e1ticos y alcoholes, \u00e1cidos o \u00e9teres, y se utiliza para la s\u00edntesis de compuestos arom\u00e1ticos, y estos productos son ampliamente utilizados en las industrias farmac\u00e9utica, fragancias y tintes. <\/span><\/p>\n<p><span style=\"font-family: arial, helvetica, sans-serif;\">Reactivos de bromaci\u00f3n: Proporcionan iones de bromo para participar en la reacci\u00f3n de bromaci\u00f3n de compuestos org\u00e1nicos, ayudando a introducir \u00e1tomos de bromo en mol\u00e9culas org\u00e1nicas, para sintetizar bromuros org\u00e1nicos con estructuras y funciones espec\u00edficas.<\/span><\/p>\n<p><span style=\"font-family: arial, helvetica, sans-serif;\">Participar en la construcci\u00f3n de compuestos heteroc\u00edclicos: Tiene un efecto facilitador en la reacci\u00f3n sint\u00e9tica de algunos compuestos heteroc\u00edclicos como el carbazol y el tiofeno, lo cual es de gran importancia en la investigaci\u00f3n y desarrollo de f\u00e1rmacos y la s\u00edntesis de materiales org\u00e1nicos.<\/span><\/p>\n<h2><span style=\"font-family: arial, helvetica, sans-serif; font-size: 14pt;\">Embalaje y almacenamiento:<\/span><\/h2>\n<p><span style=\"font-family: arial, helvetica, sans-serif;\">El embalaje se puede personalizar. Los materiales en polvo se pueden envasar en bolsas de vac\u00edo, frascos de vac\u00edo, botellas de vac\u00edo, etc. <\/span><\/p>\n<p><span style=\"font-family: arial, helvetica, sans-serif;\">Los materiales en polvo se almacenan secos y se empaquetan en paquetes sellados para garantizar la estabilidad del material.<\/span><\/p>\n<h2><span style=\"font-family: arial, helvetica, sans-serif; font-size: 14pt;\">Control de calidad:<\/span><\/h2>\n<p><span style=\"font-family: arial, helvetica, sans-serif;\">Cada lote de productos tiene un COA adjunto y un informe de an\u00e1lisis, todos los productos est\u00e1n calificados, tenga la seguridad de que el pedido.<\/span><\/p>\n","protected":false},"excerpt":{"rendered":"<p><span style=\"font-family: arial, helvetica, sans-serif;\">El hidrato de bromuro de zinc es un hidrato de bromuro de zinc, es decir, un compuesto de bromuro de zinc que contiene agua de cristalizaci\u00f3n.<\/span><\/p>\n<p><span style=\"font-family: arial, helvetica, sans-serif;\">VIMATERIAL puede proporcionar polvo de \u00f3xido de zinc en varios paquetes y especificaciones, nuestra empresa produce polvo hidratado de bromuro de zinc con alta pureza y excelente calidad, nuestros clientes tienen una buena respuesta a la calidad del producto. El hidrato de bromuro de zinc se puede utilizar como catalizador para mejorar las propiedades del material, y tiene un hidrato de bromuro de zinc como catalizador que puede mejorar las propiedades de los materiales y tiene un papel indispensable en la producci\u00f3n industrial pr\u00e1ctica.<\/span><\/p>\n","protected":false},"featured_media":1003555,"comment_status":"open","ping_status":"closed","template":"","meta":{"_acf_changed":false},"product_brand":[],"product_cat":[182],"product_tag":[],"class_list":{"0":"post-1018282","1":"product","2":"type-product","3":"status-publish","4":"has-post-thumbnail","6":"product_cat-materiales-halogenados","8":"first","9":"instock","10":"shipping-taxable","11":"product-type-variable"},"acf":[],"_links":{"self":[{"href":"https:\/\/vimaterial.de\/es\/wp-json\/wp\/v2\/product\/1018282","targetHints":{"allow":["GET"]}}],"collection":[{"href":"https:\/\/vimaterial.de\/es\/wp-json\/wp\/v2\/product"}],"about":[{"href":"https:\/\/vimaterial.de\/es\/wp-json\/wp\/v2\/types\/product"}],"replies":[{"embeddable":true,"href":"https:\/\/vimaterial.de\/es\/wp-json\/wp\/v2\/comments?post=1018282"}],"wp:featuredmedia":[{"embeddable":true,"href":"https:\/\/vimaterial.de\/es\/wp-json\/wp\/v2\/media\/1003555"}],"wp:attachment":[{"href":"https:\/\/vimaterial.de\/es\/wp-json\/wp\/v2\/media?parent=1018282"}],"wp:term":[{"taxonomy":"product_brand","embeddable":true,"href":"https:\/\/vimaterial.de\/es\/wp-json\/wp\/v2\/product_brand?post=1018282"},{"taxonomy":"product_cat","embeddable":true,"href":"https:\/\/vimaterial.de\/es\/wp-json\/wp\/v2\/product_cat?post=1018282"},{"taxonomy":"product_tag","embeddable":true,"href":"https:\/\/vimaterial.de\/es\/wp-json\/wp\/v2\/product_tag?post=1018282"}],"curies":[{"name":"wp","href":"https:\/\/api.w.org\/{rel}","templated":true}]}}