{"id":1018270,"date":"2024-06-17T15:05:17","date_gmt":"2024-06-17T07:05:17","guid":{"rendered":"https:\/\/vimaterial.de\/product\/cromato-de-zinc-oxido-de-cromo-y-zinc\/"},"modified":"2025-03-26T14:19:51","modified_gmt":"2025-03-26T06:19:51","slug":"cromato-de-zinc-oxido-de-cromo-y-zinc","status":"publish","type":"product","link":"https:\/\/vimaterial.de\/es\/product\/cromato-de-zinc-oxido-de-cromo-y-zinc\/","title":{"rendered":"cromato de zinc (\u00f3xido de zinc y cromo)"},"content":{"rendered":"<p><span style=\"font-family: arial, helvetica, sans-serif;\">El cromato de zinc es un compuesto de sal que se presenta como un polvo amarillo inodoro o cristales de color amarillo verdoso. Tiene aplicaciones industriales, como en pigmentos, recubrimientos y acabados met\u00e1licos. <\/span><\/p>\n<p><span style=\"font-family: arial, helvetica, sans-serif;\">VIMATERIAL puede proporcionar polvo de cromato de zinc en varios paquetes y especificaciones, nuestra empresa produce polvo de cromato de zinc con alta pureza y excelente calidad, la respuesta de nuestros clientes al producto es muy buena, tiene propiedades oxidantes y se utiliza como pigmento, que es indispensable en la producci\u00f3n industrial pr\u00e1ctica. <\/span><\/p>\n<p><span style=\"color: #0000ff;\"><a style=\"color: #0000ff;\" href=\"https:\/\/vimaterial.de\/es\/contacto\/\"><span style=\"font-family: arial, helvetica, sans-serif;\">Cont\u00e1ctenos.<\/span><\/a><\/span><\/p>\n<h2><span style=\"font-family: arial, helvetica, sans-serif; font-size: 14pt;\">Propiedades f\u00edsicas:<\/span><\/h2>\n<p><span style=\"font-family: arial, helvetica, sans-serif;\">F\u00f3rmula molecular: ZnCrO4<\/span><\/p>\n<p><span style=\"font-family: arial, helvetica, sans-serif;\">Peso molecular: 181.403 g\/mol<\/span><\/p>\n<p><span style=\"font-family: arial, helvetica, sans-serif;\">Aspecto: suele aparecer como un polvo cristalino amarillo o cristales de color amarillo verdoso.<\/span><\/p>\n<p><span style=\"font-family: arial, helvetica, sans-serif;\">Densidad: alrededor de 3,40-3,43 g\/cm\u00b3<\/span><\/p>\n<p><span style=\"font-family: arial, helvetica, sans-serif;\">Punto de fusi\u00f3n: 316\u00b0C<\/span><\/p>\n<p><span style=\"font-family: arial, helvetica, sans-serif;\">Punto de ebullici\u00f3n: 732\u00b0C<\/span><\/p>\n<p><span style=\"font-family: arial, helvetica, sans-serif;\">Estructura cristalina: tipo espinela, perteneciente al sistema cristalino c\u00fabico.1 En su estructura cristalina, los iones de zinc (Zn\u00b2\u207a) ocupan los vac\u00edos tetra\u00e9dricos y los iones de cromo (Cr\u00b3\u207a) ocupan los vac\u00edos octa\u00e9dricos. Esta estructura le da al cromato de zinc una alta estabilidad y dureza. <\/span><\/p>\n<h2><span style=\"font-family: arial, helvetica, sans-serif; font-size: 14pt;\">Aplicaciones:<\/span><\/h2>\n<p><span style=\"font-family: arial, helvetica, sans-serif;\"><span style=\"color: #000000;\">Conservante: El cromato de zinc<\/span> tiene ciertas propiedades corrosivas, com\u00fanmente utilizadas en recubrimientos anticorrosivos, pueden proteger las superficies met\u00e1licas de la oxidaci\u00f3n y la corrosi\u00f3n.<\/span><\/p>\n<p><span style=\"font-family: arial, helvetica, sans-serif;\">Pigmento: Es un tipo de pigmento amarillo, com\u00fanmente utilizado en pinturas, recubrimientos, pl\u00e1sticos y otros campos para dar a los productos un color amarillo.<\/span><\/p>\n<p><span style=\"font-family: arial, helvetica, sans-serif;\">Industria de galvanoplastia: Tambi\u00e9n se usa com\u00fanmente en la industria de galvanoplastia para el tratamiento de superficies met\u00e1licas como el galvanizado.<\/span><\/p>\n<h2><span style=\"font-family: arial, helvetica, sans-serif; font-size: 14pt;\">Embalaje y almacenamiento:<\/span><\/h2>\n<p><span style=\"font-family: arial, helvetica, sans-serif;\">El embalaje se puede personalizar. Los materiales en polvo se pueden envasar en bolsas de vac\u00edo, frascos de vac\u00edo, botellas de vac\u00edo, etc. <\/span><\/p>\n<p><span style=\"font-family: arial, helvetica, sans-serif;\">Los materiales en polvo se almacenan secos y se empaquetan en paquetes sellados para garantizar la estabilidad del material.<\/span><\/p>\n<h2><span style=\"font-size: 14pt; font-family: arial, helvetica, sans-serif;\">Control de calidad:<\/span><\/h2>\n<p><span style=\"font-family: arial, helvetica, sans-serif;\">Cada lote de productos tiene un COA adjunto y un informe de an\u00e1lisis, todos los productos est\u00e1n calificados, tenga la seguridad de que el pedido.<\/span><\/p>\n","protected":false},"excerpt":{"rendered":"<p><span style=\"font-family: arial, helvetica, sans-serif;\">El cromato de zinc es un compuesto de sal que se presenta como un polvo amarillo inodoro o cristales de color amarillo verdoso. Tiene aplicaciones industriales, como en pigmentos, recubrimientos y acabados met\u00e1licos. <\/span><\/p>\n<p><span style=\"font-family: arial, helvetica, sans-serif;\">VIMATERIAL puede proporcionar polvo de cromato de zinc en varios paquetes y especificaciones, nuestra empresa produce polvo de cromato de zinc con alta pureza y excelente calidad, la respuesta de nuestros clientes al producto es muy buena, tiene propiedades oxidantes y se utiliza como pigmento, que es indispensable en la producci\u00f3n industrial pr\u00e1ctica.<\/span><\/p>\n","protected":false},"featured_media":1003572,"comment_status":"open","ping_status":"closed","template":"","meta":{"_acf_changed":false},"product_brand":[],"product_cat":[187],"product_tag":[257],"class_list":{"0":"post-1018270","1":"product","2":"type-product","3":"status-publish","4":"has-post-thumbnail","6":"product_cat-otros-materiales","7":"product_tag-cromato-de-zinc","9":"first","10":"instock","11":"shipping-taxable","12":"product-type-variable"},"acf":[],"_links":{"self":[{"href":"https:\/\/vimaterial.de\/es\/wp-json\/wp\/v2\/product\/1018270","targetHints":{"allow":["GET"]}}],"collection":[{"href":"https:\/\/vimaterial.de\/es\/wp-json\/wp\/v2\/product"}],"about":[{"href":"https:\/\/vimaterial.de\/es\/wp-json\/wp\/v2\/types\/product"}],"replies":[{"embeddable":true,"href":"https:\/\/vimaterial.de\/es\/wp-json\/wp\/v2\/comments?post=1018270"}],"wp:featuredmedia":[{"embeddable":true,"href":"https:\/\/vimaterial.de\/es\/wp-json\/wp\/v2\/media\/1003572"}],"wp:attachment":[{"href":"https:\/\/vimaterial.de\/es\/wp-json\/wp\/v2\/media?parent=1018270"}],"wp:term":[{"taxonomy":"product_brand","embeddable":true,"href":"https:\/\/vimaterial.de\/es\/wp-json\/wp\/v2\/product_brand?post=1018270"},{"taxonomy":"product_cat","embeddable":true,"href":"https:\/\/vimaterial.de\/es\/wp-json\/wp\/v2\/product_cat?post=1018270"},{"taxonomy":"product_tag","embeddable":true,"href":"https:\/\/vimaterial.de\/es\/wp-json\/wp\/v2\/product_tag?post=1018270"}],"curies":[{"name":"wp","href":"https:\/\/api.w.org\/{rel}","templated":true}]}}