{"id":1018240,"date":"2024-06-17T15:05:19","date_gmt":"2024-06-17T07:05:19","guid":{"rendered":"https:\/\/vimaterial.de\/product\/yoduro-de-zinc\/"},"modified":"2025-03-25T08:57:39","modified_gmt":"2025-03-25T00:57:39","slug":"yoduro-de-zinc","status":"publish","type":"product","link":"https:\/\/vimaterial.de\/es\/product\/yoduro-de-zinc\/","title":{"rendered":"Yoduro de zinc"},"content":{"rendered":"<p><span style=\"color: #0000ff;\"><a style=\"color: #0000ff;\" href=\"https:\/\/vimaterial.de\/es\/product\/zinc-metalico-3\/\">El polvo de yoduro de zinc<\/a> <\/span>es un olor a sal blanco o casi blanco, f\u00e1cilmente delicuescente, picante, f\u00e1cilmente soluble en agua y una variedad de solventes org\u00e1nicos, expuesto al aire y a la luz puede escapar del yodo y volverse marr\u00f3n, utilizado principalmente para la preparaci\u00f3n de reactivo de almid\u00f3n de yodo y en s\u00edntesis org\u00e1nica como catalizador, desinfectante antis\u00e9ptico y otros compuestos inorg\u00e1nicos.<\/p>\n<p>Nuestra empresa puede proporcionar polvo de yoduro de zinc con una pureza del 98%, -100mesh. VIMATERIIAL produce polvo de yoduro de zinc de buena calidad, el empaque del producto se puede personalizar, si necesita otras especificaciones y tama\u00f1os, puede contactarnos, aceptamos un servicio personalizado, no dude en<span style=\"color: #0000ff;\"><a style=\"color: #0000ff;\" href=\"https:\/\/vimaterial.de\/es\/contacto\/\"> contactarnos.<\/a><\/span><\/p>\n<h2><span style=\"font-size: 14pt;\">Propiedades f\u00edsicas<\/span><\/h2>\n<p>F\u00f3rmula molecular: ZnI\u2082<\/p>\n<p>Peso molecular: 319,18 g\/mol<\/p>\n<p>Aspecto: polvo blanco<\/p>\n<p>Densidad: 4,74 g\/cm\u00b3<\/p>\n<p>Punto de fusi\u00f3n: 446\u00b0C<\/p>\n<p>Punto de ebullici\u00f3n: 1150\u00b0C<\/p>\n<p>Estructura cristalina: Estructura cristalina hexagonal<\/p>\n<h2><span style=\"font-size: 14pt;\">Composici\u00f3n qu\u00edmica<\/span><\/h2>\n<table style=\"border-collapse: collapse; width: 100%; height: 91px;\">\n<tbody>\n<tr style=\"height: 74px;\">\n<td style=\"width: 100%; height: 44px;\" colspan=\"10\">\n<p style=\"text-align: center;\"><span style=\"font-size: 12pt;\"><strong>composici\u00f3n de yoduro de zinc (% en peso)<\/strong><\/span><\/p>\n<\/td>\n<\/tr>\n<tr style=\"height: 24px;\">\n<td style=\"width: 10%; height: 24px; text-align: center;\">ZnI\u2082<\/td>\n<td style=\"width: 10%; height: 24px; text-align: center;\">Fe<\/td>\n<td style=\"width: 10%; height: 24px; text-align: center;\">Cu<\/td>\n<td style=\"width: 10%; height: 24px; text-align: center;\">Si<\/td>\n<td style=\"width: 10%; height: 24px; text-align: center;\">Na<\/td>\n<td style=\"width: 10%; height: 24px; text-align: center;\">K<\/td>\n<td style=\"width: 10%; height: 24px; text-align: center;\">Al<\/td>\n<td style=\"width: 10%; height: 24px; text-align: center;\">Ni<\/td>\n<td style=\"width: 10%; height: 24px; text-align: center;\">Pb<\/td>\n<td style=\"width: 10%; height: 24px; text-align: center;\">Cd<\/td>\n<\/tr>\n<tr style=\"height: 23px;\">\n<td style=\"width: 10%; height: 23px; text-align: center;\">98.9<\/td>\n<td style=\"width: 10%; height: 23px; text-align: center;\">0.5<\/td>\n<td style=\"width: 10%; height: 23px; text-align: center;\">0.2<\/td>\n<td style=\"width: 10%; height: 23px; text-align: center;\">0.3<\/td>\n<td style=\"width: 10%; height: 23px; text-align: center;\">0.03<\/td>\n<td style=\"width: 10%; height: 23px; text-align: center;\">0.01<\/td>\n<td style=\"width: 10%; height: 23px; text-align: center;\">0.01<\/td>\n<td style=\"width: 10%; height: 23px; text-align: center;\">0.01<\/td>\n<td style=\"width: 10%; height: 23px; text-align: center;\">0.003<\/td>\n<td style=\"width: 10%; height: 23px; text-align: center;\">0.003<\/td>\n<\/tr>\n<\/tbody>\n<\/table>\n<h2><span style=\"font-size: 14pt;\">Aplicaciones<\/span><\/h2>\n<p>Catalizador: En la s\u00edntesis org\u00e1nica, el yoduro de zinc es un excelente catalizador para la conversi\u00f3n de metanol en tripenano y la s\u00edntesis de hexametilbenceno, lo que puede acelerar el progreso de estas reacciones qu\u00edmicas y mejorar la eficiencia de la reacci\u00f3n y la selectividad del producto.<\/p>\n<p>En la detecci\u00f3n de fallas industriales: en radiolog\u00eda industrial, el yoduro de zinc se utiliza como penetrante opaco de rayos X, lo que puede mejorar el contraste de los rayos X con el da\u00f1o interno y la parte intacta del material, y ayudar a detectar los defectos y problemas estructurales dentro del material, lo cual es de gran importancia para las pruebas no destructivas de materiales met\u00e1licos, materiales compuestos, y as\u00ed sucesivamente.<\/p>\n<p>Agente de tinci\u00f3n para microscopio electr\u00f3nico: Combinado con tetr\u00f3xido de osmio, el yoduro de zinc se puede utilizar como agente de tinci\u00f3n para microscopio electr\u00f3nico, lo que puede mejorar el contraste y la visibilidad de muestras o materiales biol\u00f3gicos bajo el microscopio electr\u00f3nico, y ayudar a los investigadores a observar y analizar la microestructura con mayor claridad.<\/p>\n<p>Campo de la bater\u00eda: Se puede utilizar como electrolito en bater\u00edas recargables acuosas de zinc-hal\u00f3geno, que desempe\u00f1a el papel de transportar iones durante el proceso de carga y descarga de las bater\u00edas, y ayuda a mejorar el rendimiento y el ciclo de vida de las bater\u00edas.<\/p>\n<h2><span style=\"font-size: 14pt;\">Embalaje<\/span><\/h2>\n<p>Bolsas o botellas de doble capa al vac\u00edo, capacidad seg\u00fan requerimientos del cliente, unidad m\u00ednima de embalaje 10g.<\/p>\n<h2><span style=\"font-size: 14pt;\">Control de calidad<\/span><\/h2>\n<p><a href=\"https:\/\/vimaterial.de\/es\/control-de-calidad\/\"><span style=\"color: #0000ff;\">Cada lote<\/span><\/a> de productos se probar\u00e1 para determinar el tama\u00f1o y la composici\u00f3n de las part\u00edculas, y el informe de inspecci\u00f3n se adjuntar\u00e1 con el env\u00edo, y se pueden realizar otras pruebas de acuerdo con los requisitos del cliente, y el informe de inspecci\u00f3n se adjuntar\u00e1 con el env\u00edo.<\/p>\n<h2><span style=\"font-size: 14pt;\">Almacenamiento<\/span><\/h2>\n<p>El polvo de yoduro de zinc debe almacenarse en recipientes sellados en un ambiente fresco, seco y a prueba de luz para evitar la delicuescencia, la oxidaci\u00f3n y el cambio de propiedades debido a la luz.<\/p>\n","protected":false},"excerpt":{"rendered":"<p><span style=\"color: #0000ff;\"><a style=\"color: #0000ff;\" href=\"https:\/\/vimaterial.de\/en\/product\/zinc-metal-3\/\">El polvo de yoduro de zinc<\/a> <\/span>es un olor a sal blanco o casi blanco, f\u00e1cilmente delicuescente, picante, f\u00e1cilmente soluble en agua y una variedad de solventes org\u00e1nicos, expuesto al aire y a la luz puede escapar del yodo y volverse marr\u00f3n, utilizado principalmente para la preparaci\u00f3n de reactivo de almid\u00f3n de yodo y en s\u00edntesis org\u00e1nica como catalizador, desinfectante antis\u00e9ptico y otros compuestos inorg\u00e1nicos.<\/p>\n","protected":false},"featured_media":1040225,"comment_status":"open","ping_status":"closed","template":"","meta":{"_acf_changed":false},"product_brand":[],"product_cat":[182],"product_tag":[],"class_list":{"0":"post-1018240","1":"product","2":"type-product","3":"status-publish","4":"has-post-thumbnail","6":"product_cat-materiales-halogenados","8":"first","9":"instock","10":"shipping-taxable","11":"purchasable","12":"product-type-variable"},"acf":[],"_links":{"self":[{"href":"https:\/\/vimaterial.de\/es\/wp-json\/wp\/v2\/product\/1018240","targetHints":{"allow":["GET"]}}],"collection":[{"href":"https:\/\/vimaterial.de\/es\/wp-json\/wp\/v2\/product"}],"about":[{"href":"https:\/\/vimaterial.de\/es\/wp-json\/wp\/v2\/types\/product"}],"replies":[{"embeddable":true,"href":"https:\/\/vimaterial.de\/es\/wp-json\/wp\/v2\/comments?post=1018240"}],"wp:featuredmedia":[{"embeddable":true,"href":"https:\/\/vimaterial.de\/es\/wp-json\/wp\/v2\/media\/1040225"}],"wp:attachment":[{"href":"https:\/\/vimaterial.de\/es\/wp-json\/wp\/v2\/media?parent=1018240"}],"wp:term":[{"taxonomy":"product_brand","embeddable":true,"href":"https:\/\/vimaterial.de\/es\/wp-json\/wp\/v2\/product_brand?post=1018240"},{"taxonomy":"product_cat","embeddable":true,"href":"https:\/\/vimaterial.de\/es\/wp-json\/wp\/v2\/product_cat?post=1018240"},{"taxonomy":"product_tag","embeddable":true,"href":"https:\/\/vimaterial.de\/es\/wp-json\/wp\/v2\/product_tag?post=1018240"}],"curies":[{"name":"wp","href":"https:\/\/api.w.org\/{rel}","templated":true}]}}