{"id":1018024,"date":"2024-06-17T15:05:27","date_gmt":"2024-06-17T07:05:27","guid":{"rendered":"https:\/\/vimaterial.de\/product\/oxido-de-zinc-dopado-con-alumina\/"},"modified":"2025-04-09T17:51:23","modified_gmt":"2025-04-09T09:51:23","slug":"oxido-de-zinc-dopado-con-alumina","status":"publish","type":"product","link":"https:\/\/vimaterial.de\/es\/product\/oxido-de-zinc-dopado-con-alumina\/","title":{"rendered":"\u00d3xido de zinc dopado con al\u00famina (AZO)"},"content":{"rendered":"<p>El objetivo de pulverizaci\u00f3n cat\u00f3dica <span style=\"color: #0000ff;\"><a style=\"color: #0000ff;\" href=\"https:\/\/vimaterial.de\/en\/product\/alumina-doped-zinc-oxide\/\">de \u00f3xido de zinc dopado con al\u00famina<\/a> <\/span>es un tipo de material que convierte la al\u00famina en \u00f3xido de zinc, que tiene buena conductividad el\u00e9ctrica, estabilidad qu\u00edmica y transparencia \u00f3ptica, y se utiliza principalmente para la preparaci\u00f3n de pel\u00edculas delgadas funcionales ampliamente utilizadas en los campos de electr\u00f3nica y \u00f3ptica a trav\u00e9s del proceso de pulverizaci\u00f3n cat\u00f3dica.<\/p>\n<p>VIMATERIAL puede proporcionar objetivos de \u00f3xido de zinc dopados con al\u00famina en varias especificaciones, y nuestros objetivos AZO se caracterizan por una amplia gama de productos y un rendimiento estable. Hemos estado en la producci\u00f3n objetivo durante muchos a\u00f1os, y contamos con un equipo profesional de investigaci\u00f3n y desarrollo tecnol\u00f3gico, y podemos aceptar un servicio personalizado. Tambi\u00e9n tenemos muchos a\u00f1os de experiencia en la encuadernaci\u00f3n de objetivos, si lo necesita<span style=\"color: #0000ff;\"> <a style=\"color: #0000ff;\" href=\"https:\/\/vimaterial.de\/en\/contact-us\/\">cont\u00e1ctenos.<\/a><\/span>  <\/p>\n<h2><span style=\"font-size: 14pt;\">Propiedades f\u00edsicas<\/span><\/h2>\n<p>F\u00f3rmula molecular: AZO (ZnO-Al2O3)<\/p>\n<p>Aspecto: generalmente blancos o grises de cer\u00e1mica<\/p>\n<p>Densidad: generalmente no menos de 5,56 g\/cm\u00b3.<\/p>\n<p>Punto de fusi\u00f3n: El punto de fusi\u00f3n del objetivo de \u00f3xido de zinc dopado con al\u00famina es cercano al del \u00f3xido de zinc, aproximadamente por encima de 1900 \u00b0C.<\/p>\n<p>Estructura cristalina: Estructura hexagonal de zincita, igual que la estructura cristalina del \u00f3xido de zinc.<\/p>\n<h2><span style=\"font-size: 14pt;\">Aplicaciones<\/span><\/h2>\n<p>Campo fotovoltaico de pel\u00edcula delgada: Se utiliza en la fabricaci\u00f3n de c\u00e9lulas solares de pel\u00edcula delgada, proporcionando \u00e1tomos objetivo de \u00f3xido de zinc dopados con al\u00famina para formar una pel\u00edcula delgada para transmitir electrones generados por fotones.<\/p>\n<p>Campo de visualizaci\u00f3n de cristal l\u00edquido: electrodo conductor transparente para LCD, con bajo consumo de energ\u00eda, sin radiaci\u00f3n y otras ventajas, utilizado en una variedad de dispositivos de visualizaci\u00f3n.<\/p>\n<p>Campo de pantalla t\u00e1ctil: como la capa conductora transparente de la pantalla t\u00e1ctil, puede detectar con precisi\u00f3n la posici\u00f3n t\u00e1ctil y conducir se\u00f1ales.<\/p>\n<p>Campo de pel\u00edcula antiest\u00e1tica: Debido a su buena conductividad, se puede utilizar como pel\u00edcula antiest\u00e1tica para eliminar la electricidad est\u00e1tica en la superficie de los instrumentos electr\u00f3nicos, evitando el mal funcionamiento y la ruptura de los semiconductores.<\/p>\n<p>Campo de blindaje de ondas electromagn\u00e9ticas: puede bloquear eficazmente la interferencia de ondas electromagn\u00e9ticas, utilizado en la fabricaci\u00f3n de materiales de blindaje electromagn\u00e9tico para proteger los componentes de equipos electr\u00f3nicos.<\/p>\n<h1><span style=\"font-size: 14pt;\">Control de calidad<\/span><\/h1>\n<p><span style=\"color: #0000ff;\"><a style=\"color: #0000ff;\" href=\"https:\/\/vimaterial.de\/en\/quality-control\/\">Cada lote<\/a> <\/span>de productos ser\u00e1 inspeccionado para determinar su composici\u00f3n, microestructura, fuerza de uni\u00f3n, tama\u00f1o y otras caracter\u00edsticas y emitir\u00e1 informes de inspecci\u00f3n, y tambi\u00e9n proporcionar\u00e1 muestras de los productos. Cada lote de productos ser\u00e1 inspeccionado para determinar su composici\u00f3n, microestructura, fuerza de uni\u00f3n, tama\u00f1o y otras caracter\u00edsticas y emitir\u00e1 informes de inspecci\u00f3n, y tambi\u00e9n proporcionar\u00e1 muestras para que los clientes las vuelvan a inspeccionar. <\/p>\n<h2><span style=\"font-size: 14pt;\">Embalaje y almacenamiento<\/span><\/h2>\n<p>Utilizamos bolsas al vac\u00edo, bolsas de vac\u00edo dobles y, para objetivos especiales, tambi\u00e9n utilizamos embalajes en caja para la protecci\u00f3n.<\/p>\n<p>Los objetivos de \u00f3xido de zinc dopados con al\u00famina deben colocarse en un ambiente seco, limpio, a temperatura constante y bien ventilado, evitar la humedad, el polvo, el contacto con sustancias corrosivas y, al mismo tiempo, para evitar da\u00f1os f\u00edsicos como colisiones, extrusi\u00f3n, etc., lo mejor es utilizar estantes especializados para el almacenamiento y, si es posible, puede controlar la humedad y la temperatura ambiente en el rango adecuado para garantizar que su rendimiento no se da\u00f1e.<\/p>\n","protected":false},"excerpt":{"rendered":"<p>El objetivo de pulverizaci\u00f3n cat\u00f3dica de \u00f3xido de zinc dopado con al\u00famina es un tipo de material que convierte la al\u00famina en \u00f3xido de zinc, que tiene buena conductividad el\u00e9ctrica, estabilidad qu\u00edmica y transparencia \u00f3ptica, y se utiliza principalmente para la preparaci\u00f3n de pel\u00edculas delgadas funcionales ampliamente utilizadas en los campos de electr\u00f3nica y \u00f3ptica a trav\u00e9s del proceso de pulverizaci\u00f3n cat\u00f3dica.<\/p>\n","protected":false},"featured_media":1003660,"comment_status":"open","ping_status":"closed","template":"","meta":{"_acf_changed":false},"product_brand":[],"product_cat":[178],"product_tag":[],"class_list":{"0":"post-1018024","1":"product","2":"type-product","3":"status-publish","4":"has-post-thumbnail","6":"product_cat-catodos-para-sputtering-planar","8":"first","9":"instock","10":"shipping-taxable","11":"product-type-variable"},"acf":[],"_links":{"self":[{"href":"https:\/\/vimaterial.de\/es\/wp-json\/wp\/v2\/product\/1018024","targetHints":{"allow":["GET"]}}],"collection":[{"href":"https:\/\/vimaterial.de\/es\/wp-json\/wp\/v2\/product"}],"about":[{"href":"https:\/\/vimaterial.de\/es\/wp-json\/wp\/v2\/types\/product"}],"replies":[{"embeddable":true,"href":"https:\/\/vimaterial.de\/es\/wp-json\/wp\/v2\/comments?post=1018024"}],"wp:featuredmedia":[{"embeddable":true,"href":"https:\/\/vimaterial.de\/es\/wp-json\/wp\/v2\/media\/1003660"}],"wp:attachment":[{"href":"https:\/\/vimaterial.de\/es\/wp-json\/wp\/v2\/media?parent=1018024"}],"wp:term":[{"taxonomy":"product_brand","embeddable":true,"href":"https:\/\/vimaterial.de\/es\/wp-json\/wp\/v2\/product_brand?post=1018024"},{"taxonomy":"product_cat","embeddable":true,"href":"https:\/\/vimaterial.de\/es\/wp-json\/wp\/v2\/product_cat?post=1018024"},{"taxonomy":"product_tag","embeddable":true,"href":"https:\/\/vimaterial.de\/es\/wp-json\/wp\/v2\/product_tag?post=1018024"}],"curies":[{"name":"wp","href":"https:\/\/api.w.org\/{rel}","templated":true}]}}