{"id":1017968,"date":"2024-06-17T15:06:39","date_gmt":"2024-06-17T07:06:39","guid":{"rendered":"https:\/\/vimaterial.de\/product\/oxido-de-zinc-y-estano-zto\/"},"modified":"2024-07-12T11:55:31","modified_gmt":"2024-07-12T03:55:31","slug":"oxido-de-zinc-y-estano-zto","status":"publish","type":"product","link":"https:\/\/vimaterial.de\/es\/product\/oxido-de-zinc-y-estano-zto\/","title":{"rendered":"\u00d3xido de zinc y esta\u00f1o (ZTO)"},"content":{"rendered":"<p>VI HALBLEITERMATERIALse especializa en producir objetivos de pulverizaci\u00f3n cat\u00f3dica de alta calidad, objetivos cer\u00e1micos, objetivos met\u00e1licos. Los productos se aplican a varios campos del recubrimiento al vac\u00edo mediante varios m\u00e9todos (pulverizaci\u00f3n cat\u00f3dica con magnetr\u00f3n, enchapado al vac\u00edo, etc.): investigaci\u00f3n cient\u00edfica, aeroespacial, automotriz, microelectr\u00f3nica, industria de circuitos integrados, fuente de luz, \u00f3ptica, decoraci\u00f3n, industria de pantallas planas, industria de almacenamiento de informaci\u00f3n, almacenamiento de datos, etc. Objetivo de metalObjetivo de n\u00edquel, objetivo de titanio, objetivo de zinc, objetivo de cromo, objetivo de magnesio, objetivo de niobio, objetivo de esta\u00f1o, objetivo de aluminio, objetivo de indio, objetivo de hierro, objetivo de circonio, objetivo de silicio, objetivo de cobre, objetivo de tantalio, objetivo de germanio, objetivo de plata, objetivo de oro, objetivo de gadolinio, objetivo de lantano, objetivo de itrio, objetivo de cerio, objetivo de hafnio, objetivo de molibdeno, objetivo de tungsteno, objetivo de acero inoxidable, objetivo de circonio y aluminio, objetivo de n\u00edquel y hierro,  Objetivo de titanio y aluminio, objetivo de n\u00edquel-cromo, cobre, indio, galio, selenio, objetivo, aluminio, silicio, objetivo, zinc, aluminio, etc.2. Objetivo de material cer\u00e1micoObjetivo ITO, Objetivo AZO, Objetivo IGZO, Objetivo de \u00f3xido de magnesio, Objetivo de \u00f3xido de itrio, Objetivo de \u00f3xido de hierro, Objetivo de \u00f3xido de n\u00edquel, Objetivo de \u00f3xido de cromo, Objetivo de \u00f3xido de zinc, Objetivo de sulfuro de zinc, Objetivo de sulfuro de cadmio, Objetivo de sulfuro de molibdeno, Objetivo de di\u00f3xido de silicio, Objetivo de mon\u00f3xido de silicio, Objetivo de \u00f3xido de cerio, Objetivo de di\u00f3xido de circonio, Objetivo de pent\u00f3xido de niobio, Objetivo de di\u00f3xido de titanio, Objetivo de disulfuro de molibdeno,  Objetivo de di\u00f3xido de hafnio, objetivo de diboruro de titanio, objetivo de diboruro de circonio, objetivo de tri\u00f3xido de tungsteno, objetivo de tri\u00f3xido de aluminio, objetivo de pent\u00f3xido de tantalio, objetivo de fluoruro de magnesio, objetivo de fluoruro de itrio, objetivo de seleniuro de zinc, objetivo de nitruro de aluminio, objetivo de nitruro de silicio, objetivo de nitruro de boro, objetivo de nitruro de titanio, objetivo de carburo de silicio, objetivo de niobato de litio, objetivo de titanato de praseodimio, objetivo de titanato de bario, objetivo de titanato de lantano, etc. Material de aleaci\u00f3nObjetivoTitanio AluminioTi-Al,Silicato de aluminio Al-Si, Aluminio Titanio Al-Ti, Plata Cobre Ag-Cu, AluminioMagnesio Al-Mg,Cobalto hierro boroCo-Fe-B, Cobre Indio Galio Cu-In-Ga,ferrimanganico Fe-Mn,Indio esta\u00f1o In-Sn, Cobalto Hierro Co-Fe, N\u00edquel Cobalto Ni-Co, N\u00edquel Hierro Ni-Fe, N\u00edquel Cromo Ni-Cr, N\u00edquel Irconio Ni-Zr, N\u00edquel Aluminio Ni-Al, N\u00edquel Cobre Ni-Cu, N\u00edquelVanadio Ni-V, Titaniotungsteno Ti-W, Zinc Aluminio Zn-Al, Aluminio Titanio Boro Al-Ti-B,  Aluminio, Vanadio, Al-V, AluminioEscandio, Al-Sc, Cobre, Esta\u00f1o, Cu-Sn, Circonio, Aluminio, Zr-Al, Boro, Hierro, etc.<\/p>\n","protected":false},"excerpt":{"rendered":"<p>VI HALBLEITERMATERIALse especializa en producir objetivos de pulverizaci\u00f3n cat\u00f3dica de alta calidad, objetivos cer\u00e1micos, objetivos met\u00e1licos. Los productos se aplican a varios campos del recubrimiento al vac\u00edo mediante varios m\u00e9todos (pulverizaci\u00f3n cat\u00f3dica con magnetr\u00f3n, enchapado al vac\u00edo, etc.): investigaci\u00f3n cient\u00edfica, aeroespacial, automotriz, microelectr\u00f3nica, industria de circuitos integrados, fuente de luz, \u00f3ptica, decoraci\u00f3n, industria de pantallas [&hellip;]<\/p>\n","protected":false},"featured_media":1003695,"comment_status":"open","ping_status":"closed","template":"","meta":{"_acf_changed":false},"product_brand":[],"product_cat":[178],"product_tag":[],"class_list":{"0":"post-1017968","1":"product","2":"type-product","3":"status-publish","4":"has-post-thumbnail","6":"product_cat-catodos-para-sputtering-planar","8":"first","9":"instock","10":"shipping-taxable","11":"purchasable","12":"product-type-variable"},"acf":[],"_links":{"self":[{"href":"https:\/\/vimaterial.de\/es\/wp-json\/wp\/v2\/product\/1017968","targetHints":{"allow":["GET"]}}],"collection":[{"href":"https:\/\/vimaterial.de\/es\/wp-json\/wp\/v2\/product"}],"about":[{"href":"https:\/\/vimaterial.de\/es\/wp-json\/wp\/v2\/types\/product"}],"replies":[{"embeddable":true,"href":"https:\/\/vimaterial.de\/es\/wp-json\/wp\/v2\/comments?post=1017968"}],"wp:featuredmedia":[{"embeddable":true,"href":"https:\/\/vimaterial.de\/es\/wp-json\/wp\/v2\/media\/1003695"}],"wp:attachment":[{"href":"https:\/\/vimaterial.de\/es\/wp-json\/wp\/v2\/media?parent=1017968"}],"wp:term":[{"taxonomy":"product_brand","embeddable":true,"href":"https:\/\/vimaterial.de\/es\/wp-json\/wp\/v2\/product_brand?post=1017968"},{"taxonomy":"product_cat","embeddable":true,"href":"https:\/\/vimaterial.de\/es\/wp-json\/wp\/v2\/product_cat?post=1017968"},{"taxonomy":"product_tag","embeddable":true,"href":"https:\/\/vimaterial.de\/es\/wp-json\/wp\/v2\/product_tag?post=1017968"}],"curies":[{"name":"wp","href":"https:\/\/api.w.org\/{rel}","templated":true}]}}