{"id":1017952,"date":"2024-06-17T15:06:41","date_gmt":"2024-06-17T07:06:41","guid":{"rendered":"https:\/\/vimaterial.de\/product\/sulfuro-de-cinc-5\/"},"modified":"2024-10-11T11:29:05","modified_gmt":"2024-10-11T03:29:05","slug":"sulfuro-de-cinc-5","status":"publish","type":"product","link":"https:\/\/vimaterial.de\/es\/product\/sulfuro-de-cinc-5\/","title":{"rendered":"Sulfuro de zinc"},"content":{"rendered":"<p>Las part\u00edculas de sulfuro de zinc son un importante material compuesto inorg\u00e1nico con diversas propiedades y amplias aplicaciones.<\/p>\n<p>&nbsp;<\/p>\n<p>Propiedades b\u00e1sicas:<\/p>\n<p>&nbsp;<\/p>\n<p>Aspecto: Las part\u00edculas de sulfuro de zinc son de color blanco a ligeramente amarillo.<\/p>\n<p>&nbsp;<\/p>\n<p>Estructura cristalina: Hay dos estructuras cristalinas principales, la variante \u03b1 y la variante \u03b2. La variante alfa es un cristal hexagonal incoloro con una densidad de 3,98 g\/cm\u00b3. La variante \u03b2 es un cristal c\u00fabico incoloro con una densidad de 4,102 g\/cm\u00b3, y se puede convertir al tipo \u03b1 a 1020 \u00b0C.<\/p>\n<p>&nbsp;<\/p>\n<p>Solubilidad: Insoluble en agua, pero soluble en \u00e1cido.<\/p>\n<p>&nbsp;<\/p>\n<p>Punto de fusi\u00f3n: Punto de fusi\u00f3n alto, alrededor de 1700 \u00b0 C (variante \u03b1).<\/p>\n<p>&nbsp;<\/p>\n<p>M\u00e9todo de preparaci\u00f3n:<\/p>\n<p>&nbsp;<\/p>\n<p>M\u00e9todo com\u00fan: Generalmente se obtiene por la interacci\u00f3n de sulfuro de hidr\u00f3geno y soluci\u00f3n de sal de zinc.<\/p>\n<p>&nbsp;<\/p>\n<p>M\u00e9todo de precipitaci\u00f3n uniforme: este es un m\u00e9todo de preparaci\u00f3n m\u00e1s especial, el uso de una reacci\u00f3n qu\u00edmica para hacer que los iones cristalinos en la soluci\u00f3n se liberen lenta y uniformemente de la soluci\u00f3n, controlando la concentraci\u00f3n de agente precipitante en la soluci\u00f3n, para garantizar que la precipitaci\u00f3n en la soluci\u00f3n est\u00e9 en un estado de equilibrio, a fin de precipitar uniformemente las part\u00edculas de sulfuro de zinc.<\/p>\n<p>&nbsp;<\/p>\n<p>Aplicaciones:<\/p>\n<p>&nbsp;<\/p>\n<p>Recubrimiento \u00f3ptico: el sulfuro de zinc tiene un alto \u00edndice de refracci\u00f3n y buena uniformidad, que se puede utilizar para el recubrimiento \u00f3ptico, como la fabricaci\u00f3n de pel\u00edculas de luz fr\u00eda, pel\u00edculas decorativas, filtros de luz, pel\u00edculas de alta reflexi\u00f3n, pel\u00edculas infrarrojas, etc.<\/p>\n<p>&nbsp;<\/p>\n<p>Componentes \u00f3pticos: Es un material importante para la fabricaci\u00f3n de ventanas infrarrojas, carenados y componentes \u00f3pticos infrarrojos, que es adecuado para sistemas de im\u00e1genes t\u00e9rmicas.<\/p>\n<p>&nbsp;<\/p>\n<p>Campo electr\u00f3nico: Tiene potencial de aplicaci\u00f3n en componentes semiconductores, piezoelectricidad, optoelectr\u00f3nica, dispositivos termoel\u00e9ctricos, etc., como materiales de sustrato que se pueden utilizar como f\u00f3sforos para dispositivos electroluminiscentes.<\/p>\n<p>&nbsp;<\/p>\n<p>Campo de pigmentos: debido a su color y poder cubriente y otras caracter\u00edsticas, se puede utilizar en la fabricaci\u00f3n de tintes, recubrimientos, pigmentos y vidrio, lo que puede proporcionar un buen color y efecto de ocultaci\u00f3n para los productos.<\/p>\n<p>&nbsp;<\/p>\n<p>Caracter\u00edsticas de fluorescencia: Agregando trazas de cobre, manganeso, plata, etc. al sulfuro de zinc cristalino como activadores, despu\u00e9s de que la luz puede emitir diferentes colores de fluorescencia, esta caracter\u00edstica hace que el sulfuro de zinc en f\u00f3sforo, materiales luminiscentes fluorescentes y otros aspectos tengan aplicaciones importantes.<\/p>\n","protected":false},"excerpt":{"rendered":"<p>Las part\u00edculas de sulfuro de zinc son un importante material compuesto inorg\u00e1nico con diversas propiedades y amplias aplicaciones.<\/p>\n<p>Recubrimiento \u00f3ptico: el sulfuro de zinc tiene un alto \u00edndice de refracci\u00f3n y buena uniformidad, que se puede utilizar para el recubrimiento \u00f3ptico, como la fabricaci\u00f3n de pel\u00edculas de luz fr\u00eda, pel\u00edculas decorativas, filtros de luz, pel\u00edculas de alta reflexi\u00f3n, pel\u00edculas infrarrojas, etc.<\/p>\n<p>Componentes \u00f3pticos: Es un material importante para la fabricaci\u00f3n de ventanas infrarrojas, carenados y componentes \u00f3pticos infrarrojos, que es adecuado para sistemas de im\u00e1genes t\u00e9rmicas.<\/p>\n<p>Campo electr\u00f3nico: Tiene potencial de aplicaci\u00f3n en componentes semiconductores, piezoelectricidad, optoelectr\u00f3nica, dispositivos termoel\u00e9ctricos, etc., como materiales de sustrato que se pueden utilizar como f\u00f3sforos para dispositivos electroluminiscentes.<\/p>\n","protected":false},"featured_media":1003716,"comment_status":"open","ping_status":"closed","template":"","meta":{"_acf_changed":false},"product_brand":[],"product_cat":[179],"product_tag":[],"class_list":{"0":"post-1017952","1":"product","2":"type-product","3":"status-publish","4":"has-post-thumbnail","6":"product_cat-materiales-de-evaporacion","8":"first","9":"instock","10":"shipping-taxable","11":"purchasable","12":"product-type-variable"},"acf":[],"_links":{"self":[{"href":"https:\/\/vimaterial.de\/es\/wp-json\/wp\/v2\/product\/1017952","targetHints":{"allow":["GET"]}}],"collection":[{"href":"https:\/\/vimaterial.de\/es\/wp-json\/wp\/v2\/product"}],"about":[{"href":"https:\/\/vimaterial.de\/es\/wp-json\/wp\/v2\/types\/product"}],"replies":[{"embeddable":true,"href":"https:\/\/vimaterial.de\/es\/wp-json\/wp\/v2\/comments?post=1017952"}],"wp:featuredmedia":[{"embeddable":true,"href":"https:\/\/vimaterial.de\/es\/wp-json\/wp\/v2\/media\/1003716"}],"wp:attachment":[{"href":"https:\/\/vimaterial.de\/es\/wp-json\/wp\/v2\/media?parent=1017952"}],"wp:term":[{"taxonomy":"product_brand","embeddable":true,"href":"https:\/\/vimaterial.de\/es\/wp-json\/wp\/v2\/product_brand?post=1017952"},{"taxonomy":"product_cat","embeddable":true,"href":"https:\/\/vimaterial.de\/es\/wp-json\/wp\/v2\/product_cat?post=1017952"},{"taxonomy":"product_tag","embeddable":true,"href":"https:\/\/vimaterial.de\/es\/wp-json\/wp\/v2\/product_tag?post=1017952"}],"curies":[{"name":"wp","href":"https:\/\/api.w.org\/{rel}","templated":true}]}}