{"id":1017921,"date":"2024-06-17T15:06:42","date_gmt":"2024-06-17T07:06:42","guid":{"rendered":"https:\/\/vimaterial.de\/product\/sulfuro-de-cinc-2\/"},"modified":"2024-10-10T17:42:07","modified_gmt":"2024-10-10T09:42:07","slug":"sulfuro-de-cinc-2","status":"publish","type":"product","link":"https:\/\/vimaterial.de\/es\/product\/sulfuro-de-cinc-2\/","title":{"rendered":"Sulfuro de zinc"},"content":{"rendered":"<p>La varilla de sulfuro de zinc es un tipo de objeto en forma de varilla hecho de material de sulfuro de zinc.<\/p>\n<p>&nbsp;<\/p>\n<p>Informaci\u00f3n b\u00e1sica:<\/p>\n<p>&nbsp;<\/p>\n<p>F\u00f3rmula qu\u00edmica: ZnS<\/p>\n<p>Apariencia: s\u00f3lido de varilla blanca a blanquecina<\/p>\n<p>Densidad: 4,1 g \/ cm3<\/p>\n<p>Dureza: dureza moderada, pero relativamente fr\u00e1gil<\/p>\n<p>Punto de fusi\u00f3n: 1700 \u00b0C<\/p>\n<p>Transparencia: Tiene un cierto grado de transparencia en un rango de longitud de onda espec\u00edfico.<\/p>\n<p>Propiedades luminosas: Cuando es excitado por longitudes de onda espec\u00edficas de luz, el ZnS puede emitir fluorescencia o f\u00f3sforo.<\/p>\n<p>Estabilidad: a temperatura y presi\u00f3n normales, la varilla de ZnS tiene buena estabilidad qu\u00edmica.<\/p>\n<p>&nbsp;<\/p>\n<p>Proceso de producci\u00f3n:<\/p>\n<p>&nbsp;<\/p>\n<p>Preparaci\u00f3n de la materia prima: el polvo de zinc de alta pureza y el polvo de azufre se seleccionan como materias primas para garantizar que la pureza de las materias primas cumpla con los requisitos de producci\u00f3n.<\/p>\n<p>&nbsp;<\/p>\n<p>Reacci\u00f3n de s\u00edntesis: Despu\u00e9s de mezclar polvo de zinc y polvo de azufre en una cierta proporci\u00f3n, la reacci\u00f3n de s\u00edntesis se lleva a cabo en condiciones espec\u00edficas como alta temperatura y alta presi\u00f3n para producir ZnS.<\/p>\n<p>&nbsp;<\/p>\n<p>Proceso de conformado: El material ZnS sintetizado se procesa en forma de varilla mediante extrusi\u00f3n, estirado y otros procesos. En el proceso de procesamiento, es necesario controlar estrictamente los par\u00e1metros del proceso para garantizar la precisi\u00f3n dimensional y la calidad de la varilla.<\/p>\n<p>&nbsp;<\/p>\n<p>Postratamiento: Despu\u00e9s de formar el tratamiento de la superficie de la varilla de ZnS, pruebas de calidad y otros procesos de postratamiento para mejorar el rendimiento y la calidad del producto.<\/p>\n<p>&nbsp;<\/p>\n<p>Aplicar<\/p>\n<p>&nbsp;<\/p>\n<p>Campo \u00f3ptico: Debido a la buena transmisi\u00f3n de ZnS en la regi\u00f3n infrarroja, las varillas de ZnS se pueden utilizar para fabricar dispositivos \u00f3pticos infrarrojos.<\/p>\n<p>&nbsp;<\/p>\n<p>Campo electr\u00f3nico: En algunos dispositivos electr\u00f3nicos, las varillas de ZnS se pueden utilizar como materiales aislantes o materiales fluorescentes.<\/p>\n<p>&nbsp;<\/p>\n<p>Investigaci\u00f3n cient\u00edfica: En el campo de la ciencia de los materiales, la f\u00edsica y otras investigaciones cient\u00edficas, las varillas de sulfuro de zinc se pueden utilizar como objetos de investigaci\u00f3n para estudiar las propiedades f\u00edsicas y qu\u00edmicas del sulfuro de zinc, las propiedades \u00f3pticas, etc.<\/p>\n","protected":false},"excerpt":{"rendered":"<p>La varilla de sulfuro de zinc es un tipo de objeto en forma de varilla hecho de material ZnS.<\/p>\n<p>Campo \u00f3ptico: Debido a la buena transmisi\u00f3n de sulfuro de zinc en la regi\u00f3n infrarroja, las varillas de sulfuro de zinc se pueden utilizar para fabricar dispositivos \u00f3pticos infrarrojos.<\/p>\n<p>Campo electr\u00f3nico: En algunos dispositivos electr\u00f3nicos, las varillas de sulfuro de zinc se pueden utilizar como materiales aislantes o materiales fluorescentes.<\/p>\n<p>&nbsp;<\/p>\n","protected":false},"featured_media":1003739,"comment_status":"open","ping_status":"closed","template":"","meta":{"_acf_changed":false},"product_brand":[],"product_cat":[188],"product_tag":[],"class_list":{"0":"post-1017921","1":"product","2":"type-product","3":"status-publish","4":"has-post-thumbnail","6":"product_cat-perfil","8":"first","9":"instock","10":"shipping-taxable","11":"product-type-variable"},"acf":[],"_links":{"self":[{"href":"https:\/\/vimaterial.de\/es\/wp-json\/wp\/v2\/product\/1017921","targetHints":{"allow":["GET"]}}],"collection":[{"href":"https:\/\/vimaterial.de\/es\/wp-json\/wp\/v2\/product"}],"about":[{"href":"https:\/\/vimaterial.de\/es\/wp-json\/wp\/v2\/types\/product"}],"replies":[{"embeddable":true,"href":"https:\/\/vimaterial.de\/es\/wp-json\/wp\/v2\/comments?post=1017921"}],"wp:featuredmedia":[{"embeddable":true,"href":"https:\/\/vimaterial.de\/es\/wp-json\/wp\/v2\/media\/1003739"}],"wp:attachment":[{"href":"https:\/\/vimaterial.de\/es\/wp-json\/wp\/v2\/media?parent=1017921"}],"wp:term":[{"taxonomy":"product_brand","embeddable":true,"href":"https:\/\/vimaterial.de\/es\/wp-json\/wp\/v2\/product_brand?post=1017921"},{"taxonomy":"product_cat","embeddable":true,"href":"https:\/\/vimaterial.de\/es\/wp-json\/wp\/v2\/product_cat?post=1017921"},{"taxonomy":"product_tag","embeddable":true,"href":"https:\/\/vimaterial.de\/es\/wp-json\/wp\/v2\/product_tag?post=1017921"}],"curies":[{"name":"wp","href":"https:\/\/api.w.org\/{rel}","templated":true}]}}