{"id":1017883,"date":"2024-06-17T15:06:45","date_gmt":"2024-06-17T07:06:45","guid":{"rendered":"https:\/\/vimaterial.de\/product\/sulfuro-de-cinc\/"},"modified":"2024-10-10T16:36:01","modified_gmt":"2024-10-10T08:36:01","slug":"sulfuro-de-cinc","status":"publish","type":"product","link":"https:\/\/vimaterial.de\/es\/product\/sulfuro-de-cinc\/","title":{"rendered":"Sulfuro de zinc"},"content":{"rendered":"<p>El objetivo de sulfuro de zinc es un material de recubrimiento importante.<\/p>\n<p>&nbsp;<\/p>\n<p>Informaci\u00f3n b\u00e1sica:<\/p>\n<p>&nbsp;<\/p>\n<p>F\u00f3rmula qu\u00edmica: ZnS<\/p>\n<p>Apariencia Caracter\u00edsticas: Aparece s\u00f3lido de color blanco a blanquecino<\/p>\n<p>Densidad: 4,1 g \/ cm\u00b3<\/p>\n<p>Punto de fusi\u00f3n: 1700 \u00b0C<\/p>\n<p>Dureza: tiene cierta dureza, pero es relativamente fr\u00e1gil<\/p>\n<p>Estabilidad: A temperatura y presi\u00f3n normales, el objetivo de sulfuro de zinc tiene buena estabilidad qu\u00edmica y no es f\u00e1cil reaccionar con ox\u00edgeno, agua y otras sustancias en el aire.<\/p>\n<p>Solubilidad: insoluble en agua, soluble en \u00e1cido inorg\u00e1nico diluido.<\/p>\n<p>&nbsp;<\/p>\n<p>Proceso de producci\u00f3n:<\/p>\n<p>&nbsp;<\/p>\n<p>Preparaci\u00f3n de la materia prima: el polvo de zinc de alta pureza y el polvo de azufre se seleccionan como materias primas para garantizar que la pureza de las materias primas cumpla con los requisitos de producci\u00f3n para garantizar la calidad del objetivo final de sulfuro de zinc.<\/p>\n<p>&nbsp;<\/p>\n<p>Reacci\u00f3n de s\u00edntesis: el polvo de zinc y el polvo de azufre se mezclan uniformemente de acuerdo con una cierta proporci\u00f3n y luego se sintetizan a alta temperatura, alta presi\u00f3n y otras condiciones para producir compuestos de sulfuro de zinc.<\/p>\n<p>&nbsp;<\/p>\n<p>Proceso de conformado: El polvo de sulfuro de zinc sintetizado se convierte en el material objetivo de la forma y el tama\u00f1o requeridos mediante prensado, sinterizaci\u00f3n y otros procesos.<\/p>\n<p>&nbsp;<\/p>\n<p>Pruebas de calidad: Pruebas de calidad estrictas del objetivo de sulfuro de zinc completado, incluido el an\u00e1lisis de composici\u00f3n, pruebas de pureza, medici\u00f3n de densidad, pruebas de precisi\u00f3n dimensional, inspecci\u00f3n de calidad de la superficie, etc., para garantizar que los indicadores de rendimiento del objetivo cumplan con los requisitos.<\/p>\n<p>&nbsp;<\/p>\n<p>Campo de aplicaci\u00f3n:<\/p>\n<p>&nbsp;<\/p>\n<p>Campo \u00f3ptico: Es un material importante para la preparaci\u00f3n de pel\u00edculas \u00f3pticas, como el recubrimiento de la superficie de lentes de vidrio, lentes \u00f3pticas, dispositivos l\u00e1ser y otros productos, que pueden mejorar la transmitancia, reflectividad, resistencia al desgaste y otras propiedades de los componentes \u00f3pticos.<\/p>\n<p>&nbsp;<\/p>\n<p>Campo electr\u00f3nico: se puede utilizar para preparar pel\u00edculas delgadas en dispositivos electr\u00f3nicos, como dispositivos semiconductores, pantallas planas, c\u00e9lulas solares y otros campos, la pel\u00edcula de sulfuro de zinc se puede utilizar como capa aislante, capa tamp\u00f3n, material de electrodo, etc., para proteger los dispositivos y mejorar el rendimiento.<\/p>\n","protected":false},"excerpt":{"rendered":"<p>El objetivo de sulfuro de zinc es un material de recubrimiento importante.<\/p>\n<p>Campo \u00f3ptico: Es un material importante para la preparaci\u00f3n de pel\u00edculas \u00f3pticas, como el recubrimiento de la superficie de lentes de vidrio, lentes \u00f3pticas, dispositivos l\u00e1ser y otros productos, que pueden mejorar la transmitancia, reflectividad, resistencia al desgaste y otras propiedades de los componentes \u00f3pticos.<\/p>\n<p>Campo electr\u00f3nico: se puede utilizar para preparar pel\u00edculas delgadas en dispositivos electr\u00f3nicos, como dispositivos semiconductores, pantallas planas, c\u00e9lulas solares y otros campos, la pel\u00edcula de sulfuro de zinc se puede utilizar como capa aislante, capa tamp\u00f3n, material de electrodo, etc., para proteger los dispositivos y mejorar el rendimiento.<\/p>\n","protected":false},"featured_media":1003746,"comment_status":"open","ping_status":"closed","template":"","meta":{"_acf_changed":false},"product_brand":[],"product_cat":[178],"product_tag":[],"class_list":{"0":"post-1017883","1":"product","2":"type-product","3":"status-publish","4":"has-post-thumbnail","6":"product_cat-catodos-para-sputtering-planar","8":"first","9":"instock","10":"shipping-taxable","11":"product-type-variable"},"acf":[],"_links":{"self":[{"href":"https:\/\/vimaterial.de\/es\/wp-json\/wp\/v2\/product\/1017883","targetHints":{"allow":["GET"]}}],"collection":[{"href":"https:\/\/vimaterial.de\/es\/wp-json\/wp\/v2\/product"}],"about":[{"href":"https:\/\/vimaterial.de\/es\/wp-json\/wp\/v2\/types\/product"}],"replies":[{"embeddable":true,"href":"https:\/\/vimaterial.de\/es\/wp-json\/wp\/v2\/comments?post=1017883"}],"wp:featuredmedia":[{"embeddable":true,"href":"https:\/\/vimaterial.de\/es\/wp-json\/wp\/v2\/media\/1003746"}],"wp:attachment":[{"href":"https:\/\/vimaterial.de\/es\/wp-json\/wp\/v2\/media?parent=1017883"}],"wp:term":[{"taxonomy":"product_brand","embeddable":true,"href":"https:\/\/vimaterial.de\/es\/wp-json\/wp\/v2\/product_brand?post=1017883"},{"taxonomy":"product_cat","embeddable":true,"href":"https:\/\/vimaterial.de\/es\/wp-json\/wp\/v2\/product_cat?post=1017883"},{"taxonomy":"product_tag","embeddable":true,"href":"https:\/\/vimaterial.de\/es\/wp-json\/wp\/v2\/product_tag?post=1017883"}],"curies":[{"name":"wp","href":"https:\/\/api.w.org\/{rel}","templated":true}]}}