{"id":1017820,"date":"2024-06-17T15:07:45","date_gmt":"2024-06-17T07:07:45","guid":{"rendered":"https:\/\/vimaterial.de\/product\/seleniuro-de-zinc\/"},"modified":"2024-07-12T11:56:39","modified_gmt":"2024-07-12T03:56:39","slug":"seleniuro-de-zinc","status":"publish","type":"product","link":"https:\/\/vimaterial.de\/es\/product\/seleniuro-de-zinc\/","title":{"rendered":"Zinc Selenide"},"content":{"rendered":"<p>Caracter\u00edsticasEl seleniuro de zinc (ZnSe) es un compuesto s\u00f3lido de color amarillo claro compuesto por zinc (Zn) y selenio (Se). Es un semiconductor intr\u00ednseco con una banda prohibida de aproximadamente 2,70 eV a 25 \u00b0C (77 \u00b0F). F\u00f3rmula qu\u00edmica:ZnSeCAS#:1315-09-9Masa molar:144.35 g\/molApariencia:s\u00f3lido amarillo claroDensidad:5.27 g\/cm3Punto de fusi\u00f3n:1,525 \u00b0C (2,777 \u00b0F)Solubilidad en agua:insignificanteBanda prohibida:2.82 eV (10 K)\u00cdndice de refracci\u00f3n (nD):2.67 (550 nm) 2.40 (10.6 \u03bcm)Estructura cristalina:Zincblenda (c\u00fabica)Aplicaci\u00f3n1. Materiales fluorescentes y dopantes semiconductores;2. Ampliamente utilizado en l\u00e1ser, medicina, astronom\u00eda, visi\u00f3n nocturna infrarroja y otros campos.<\/p>\n","protected":false},"excerpt":{"rendered":"<p>Caracter\u00edsticasEl seleniuro de zinc (ZnSe) es un compuesto s\u00f3lido de color amarillo claro compuesto por zinc (Zn) y selenio (Se). Es un semiconductor intr\u00ednseco con una banda prohibida de aproximadamente 2,70 eV a 25 \u00b0C (77 \u00b0F). F\u00f3rmula qu\u00edmica:ZnSeCAS#:1315-09-9Masa molar:144.35 g\/molApariencia:s\u00f3lido amarillo claroDensidad:5.27 g\/cm3Punto de fusi\u00f3n:1,525 \u00b0C (2,777 \u00b0F)Solubilidad en agua:insignificanteBanda prohibida:2.82 eV (10 K)\u00cdndice [&hellip;]<\/p>\n","protected":false},"featured_media":1003781,"comment_status":"open","ping_status":"closed","template":"","meta":{"_acf_changed":false},"product_brand":[],"product_cat":[178],"product_tag":[],"class_list":{"0":"post-1017820","1":"product","2":"type-product","3":"status-publish","4":"has-post-thumbnail","6":"product_cat-catodos-para-sputtering-planar","8":"first","9":"instock","10":"shipping-taxable","11":"product-type-variable"},"acf":[],"_links":{"self":[{"href":"https:\/\/vimaterial.de\/es\/wp-json\/wp\/v2\/product\/1017820","targetHints":{"allow":["GET"]}}],"collection":[{"href":"https:\/\/vimaterial.de\/es\/wp-json\/wp\/v2\/product"}],"about":[{"href":"https:\/\/vimaterial.de\/es\/wp-json\/wp\/v2\/types\/product"}],"replies":[{"embeddable":true,"href":"https:\/\/vimaterial.de\/es\/wp-json\/wp\/v2\/comments?post=1017820"}],"wp:featuredmedia":[{"embeddable":true,"href":"https:\/\/vimaterial.de\/es\/wp-json\/wp\/v2\/media\/1003781"}],"wp:attachment":[{"href":"https:\/\/vimaterial.de\/es\/wp-json\/wp\/v2\/media?parent=1017820"}],"wp:term":[{"taxonomy":"product_brand","embeddable":true,"href":"https:\/\/vimaterial.de\/es\/wp-json\/wp\/v2\/product_brand?post=1017820"},{"taxonomy":"product_cat","embeddable":true,"href":"https:\/\/vimaterial.de\/es\/wp-json\/wp\/v2\/product_cat?post=1017820"},{"taxonomy":"product_tag","embeddable":true,"href":"https:\/\/vimaterial.de\/es\/wp-json\/wp\/v2\/product_tag?post=1017820"}],"curies":[{"name":"wp","href":"https:\/\/api.w.org\/{rel}","templated":true}]}}