{"id":1017795,"date":"2024-06-17T15:04:20","date_gmt":"2024-06-17T07:04:20","guid":{"rendered":"https:\/\/vimaterial.de\/product\/estannato-de-zinc-zto-oxido-de-zinc-y-estano-2\/"},"modified":"2025-03-26T17:39:37","modified_gmt":"2025-03-26T09:39:37","slug":"estannato-de-zinc-zto-oxido-de-zinc-y-estano-2","status":"publish","type":"product","link":"https:\/\/vimaterial.de\/es\/product\/estannato-de-zinc-zto-oxido-de-zinc-y-estano-2\/","title":{"rendered":"Estannato de zinc (ZTO) (\u00f3xido de zinc y esta\u00f1o)"},"content":{"rendered":"<p><span style=\"font-family: arial, helvetica, sans-serif; font-size: 12pt;\">El objetivo de \u00f3xido de zinc y esta\u00f1o (ZTO) es un material de recubrimiento importante con una amplia gama de aplicaciones.<\/span><\/p>\n<p><span style=\"font-family: arial, helvetica, sans-serif; font-size: 12pt;\">VIMATERIAL puede suministrar el objetivo ZTO en varios paquetes y especificaciones, producido por nuestra empresa se caracteriza por una alta pureza y excelente calidad, y la respuesta de nuestros clientes a este producto es muy buena en t\u00e9rminos de calidad. Tiene buena conductividad el\u00e9ctrica y disipaci\u00f3n de calor, y tiene un papel indispensable en la producci\u00f3n industrial real.<\/span><\/p>\n<p><span style=\"color: #0000ff;\"><a style=\"color: #0000ff;\" href=\"https:\/\/vimaterial.de\/es\/contacto\/\">Cont\u00e1ctenos.<\/a><\/span><\/p>\n<h2><span style=\"font-family: arial, helvetica, sans-serif; font-size: 14pt;\">Propiedades f\u00edsicas:<\/span><\/h2>\n<p><span style=\"font-family: arial, helvetica, sans-serif; font-size: 12pt;\">F\u00f3rmula molecular: ZnSnO\u2083<\/span><\/p>\n<p><span style=\"font-family: arial, helvetica, sans-serif; font-size: 12pt;\">Peso molecular: 232.087<\/span><\/p>\n<p><span style=\"font-family: arial, helvetica, sans-serif; font-size: 12pt;\">Aspecto: Blanco a blanco blanquecino<\/span><\/p>\n<p><span style=\"font-family: arial, helvetica, sans-serif; font-size: 12pt;\">Densidad: 4,25 g\/cm\u00b3<\/span><\/p>\n<p><span style=\"font-family: arial, helvetica, sans-serif; font-size: 12pt;\">Estructura cristalina: Tiene una estructura cristalina de tipo calcogenuro, en la que los iones de zinc (Zn\u00b2\u207a) y los iones de esta\u00f1o (Sn\u2074\u207a) ocupan juntos el sitio B en la estructura de calcogenuro, y los iones de ox\u00edgeno (O\u00b2-) forman una red c\u00fabica centrada en las caras. <\/span><\/p>\n<h2><span style=\"font-family: arial, helvetica, sans-serif; font-size: 14pt;\">Aplicaci\u00f3n:<\/span><\/h2>\n<p><span style=\"font-family: arial, helvetica, sans-serif; font-size: 12pt;\">C\u00e9lulas solares: En las c\u00e9lulas solares, las pel\u00edculas ZTO se pueden utilizar como electrodos conductores transparentes que pueden recoger eficazmente la energ\u00eda solar y convertirla en electricidad. <\/span><\/p>\n<p><span style=\"font-family: arial, helvetica, sans-serif; font-size: 12pt;\">Pantallas planas: Debido a que las pel\u00edculas ZTO tienen una alta transmitancia y baja resistividad, se pueden usar en transistores de pel\u00edcula delgada (TFT) en pantallas planas para mejorar el rendimiento de la pantalla en t\u00e9rminos de resoluci\u00f3n, contraste y velocidad de respuesta.<\/span><\/p>\n<p><span style=\"font-family: arial, helvetica, sans-serif; font-size: 12pt;\">Pantalla t\u00e1ctil: En la tecnolog\u00eda de pantalla t\u00e1ctil, los objetivos se pueden usar para preparar la capa conductora de los sensores t\u00e1ctiles, para lograr una detecci\u00f3n precisa de la operaci\u00f3n t\u00e1ctil.<\/span><\/p>\n<p><span style=\"font-family: arial, helvetica, sans-serif; font-size: 12pt;\">Otros campos: los objetivos tambi\u00e9n se pueden utilizar en diodos emisores de luz (LED), papel electr\u00f3nico.<\/span><\/p>\n<h2><span style=\"font-family: arial, helvetica, sans-serif; font-size: 14pt;\">Embalaje y almacenamiento:<\/span><\/h2>\n<p>Los objetivos de pulverizaci\u00f3n cat\u00f3dica de zinc estannato se empaquetan en bolsas de vac\u00edo dobles y se empaquetan en cajas de cart\u00f3n exteriores.<\/p>\n<p>Los objetivos de pulverizaci\u00f3n cat\u00f3dica de estannato de zinc deben almacenarse en un ambiente seco, sellado y a prueba de humedad, mantenerse a temperatura ambiente y protegerse de la luz, almacenarse verticalmente y lejos de \u00e1cidos y \u00e1lcalis y otras fuentes de contaminaci\u00f3n.<\/p>\n<h2><span style=\"font-family: arial, helvetica, sans-serif; font-size: 14pt;\">Control de calidad:<\/span><\/h2>\n<p><span style=\"font-family: arial, helvetica, sans-serif; font-size: 12pt;\">Cada lote de productos tiene un COA adjunto y un informe de an\u00e1lisis, todos los productos est\u00e1n calificados, tenga la seguridad de que el pedido.<\/span><\/p>\n","protected":false},"excerpt":{"rendered":"<p><span style=\"font-family: arial, helvetica, sans-serif; font-size: 12pt;\">El objetivo de \u00f3xido de zinc y esta\u00f1o (ZTO) es un material de recubrimiento importante con una amplia gama de aplicaciones.<\/span><\/p>\n<p><span style=\"font-family: arial, helvetica, sans-serif; font-size: 12pt;\">VIMATERIAL puede suministrar el objetivo ZTO en varios paquetes y especificaciones, producido por nuestra empresa se caracteriza por una alta pureza y excelente calidad, y la respuesta de nuestros clientes a este producto es muy buena en t\u00e9rminos de calidad. Tiene buena conductividad el\u00e9ctrica y disipaci\u00f3n de calor, y tiene un papel indispensable en la producci\u00f3n industrial real.<\/span><\/p>\n","protected":false},"featured_media":1003802,"comment_status":"open","ping_status":"closed","template":"","meta":{"_acf_changed":false},"product_brand":[],"product_cat":[178],"product_tag":[],"class_list":{"0":"post-1017795","1":"product","2":"type-product","3":"status-publish","4":"has-post-thumbnail","6":"product_cat-catodos-para-sputtering-planar","8":"first","9":"instock","10":"shipping-taxable","11":"product-type-variable"},"acf":[],"_links":{"self":[{"href":"https:\/\/vimaterial.de\/es\/wp-json\/wp\/v2\/product\/1017795","targetHints":{"allow":["GET"]}}],"collection":[{"href":"https:\/\/vimaterial.de\/es\/wp-json\/wp\/v2\/product"}],"about":[{"href":"https:\/\/vimaterial.de\/es\/wp-json\/wp\/v2\/types\/product"}],"replies":[{"embeddable":true,"href":"https:\/\/vimaterial.de\/es\/wp-json\/wp\/v2\/comments?post=1017795"}],"wp:featuredmedia":[{"embeddable":true,"href":"https:\/\/vimaterial.de\/es\/wp-json\/wp\/v2\/media\/1003802"}],"wp:attachment":[{"href":"https:\/\/vimaterial.de\/es\/wp-json\/wp\/v2\/media?parent=1017795"}],"wp:term":[{"taxonomy":"product_brand","embeddable":true,"href":"https:\/\/vimaterial.de\/es\/wp-json\/wp\/v2\/product_brand?post=1017795"},{"taxonomy":"product_cat","embeddable":true,"href":"https:\/\/vimaterial.de\/es\/wp-json\/wp\/v2\/product_cat?post=1017795"},{"taxonomy":"product_tag","embeddable":true,"href":"https:\/\/vimaterial.de\/es\/wp-json\/wp\/v2\/product_tag?post=1017795"}],"curies":[{"name":"wp","href":"https:\/\/api.w.org\/{rel}","templated":true}]}}