{"id":1017772,"date":"2024-06-17T15:07:50","date_gmt":"2024-06-17T07:07:50","guid":{"rendered":"https:\/\/vimaterial.de\/product\/heptaidrato-de-sulfato-de-zinc\/"},"modified":"2024-07-12T11:57:05","modified_gmt":"2024-07-12T03:57:05","slug":"heptaidrato-de-sulfato-de-zinc","status":"publish","type":"product","link":"https:\/\/vimaterial.de\/es\/product\/heptaidrato-de-sulfato-de-zinc\/","title":{"rendered":"Sulfato de zinc heptaydrato"},"content":{"rendered":"<p>Caracter\u00edsticaEl sulfato de zinc es un compuesto inorg\u00e1nico y un suplemento diet\u00e9tico. Como suplemento, se utiliza para tratar la deficiencia de zinc y para prevenir la afecci\u00f3n en personas de alto riesgo. Los efectos secundarios del exceso de suplementos pueden incluir dolor abdominal, v\u00f3mitos, dolor de cabeza y cansancio. Tiene la f\u00f3rmula ZnSO4, as\u00ed como cualquiera de los tres hidratos. Hist\u00f3ricamente se le conoc\u00eda como vitriolo blanco. Todas las formas son s\u00f3lidos incoloros. La forma heptahidratada se encuentra com\u00fanmente. F\u00f3rmula qu\u00edmica:ZnSO4Masa molar: 161,47 g\/mol (anhidro); 179,47 g\/mol (monohidrato); 287,53 g\/mol (heptahidratado)Aspecto: polvo blancoOlor: inodoroDensidad: 3,54 g\/cm3 (anhidro); 2.072 g\/cm3 (hexahidratado)Punto de fusi\u00f3n: 680 \u00b0C (1.256 \u00b0F; 953 K) se descompone (anhidro); 100 \u00b0C (heptahidrato); 70 \u00b0C, se descompone (hexahidrato)Punto de ebullici\u00f3n: 740 \u00b0C (1.360 \u00b0F; 1.010 K) (anhidro); 280 \u00b0C, se descompone (heptahidrato)Solubilidad en agua:57,7 g\/100 mL, anhidro (20 \u00b0C) (En soluciones acuosas con un pH 5)Solubilidad alcoholesSusceptibilidad magn\u00e9tica (\u03c7):\u221245,0\u00b710\u22126 cm3\/mol\u00cdndice de refracci\u00f3n (nD):1,658 (anhidro), 1,4357 (heptahidratado)Aplicaci\u00f3nEl sulfato de zinc heptahidratado es ampliamente utilizado como coagulante en la producci\u00f3n de ray\u00f3n. Encuentra una aplicaci\u00f3n en la fabricaci\u00f3n de impresi\u00f3n de calic\u00f3, conservaci\u00f3n de madera y litop\u00f3n. Es la fuente de zinc que se suministra en alimentos para animales, fertilizantes y aerosoles agr\u00edcolas. Se utiliza como electrolitos para agentes de tratamiento de superficies y galvanizados. Tambi\u00e9n se utiliza como mordiente en tintes, conservante para la piel y el cuero y en medicina como astringente y em\u00e9tico.<\/p>\n","protected":false},"excerpt":{"rendered":"<p>Caracter\u00edsticaEl sulfato de zinc es un compuesto inorg\u00e1nico y un suplemento diet\u00e9tico. Como suplemento, se utiliza para tratar la deficiencia de zinc y para prevenir la afecci\u00f3n en personas de alto riesgo. Los efectos secundarios del exceso de suplementos pueden incluir dolor abdominal, v\u00f3mitos, dolor de cabeza y cansancio. Tiene la f\u00f3rmula ZnSO4, as\u00ed como [&hellip;]<\/p>\n","protected":false},"featured_media":1003813,"comment_status":"open","ping_status":"closed","template":"","meta":{"_acf_changed":false},"product_brand":[],"product_cat":[187],"product_tag":[],"class_list":{"0":"post-1017772","1":"product","2":"type-product","3":"status-publish","4":"has-post-thumbnail","6":"product_cat-otros-materiales","8":"first","9":"instock","10":"shipping-taxable","11":"purchasable","12":"product-type-variable"},"acf":[],"_links":{"self":[{"href":"https:\/\/vimaterial.de\/es\/wp-json\/wp\/v2\/product\/1017772","targetHints":{"allow":["GET"]}}],"collection":[{"href":"https:\/\/vimaterial.de\/es\/wp-json\/wp\/v2\/product"}],"about":[{"href":"https:\/\/vimaterial.de\/es\/wp-json\/wp\/v2\/types\/product"}],"replies":[{"embeddable":true,"href":"https:\/\/vimaterial.de\/es\/wp-json\/wp\/v2\/comments?post=1017772"}],"wp:featuredmedia":[{"embeddable":true,"href":"https:\/\/vimaterial.de\/es\/wp-json\/wp\/v2\/media\/1003813"}],"wp:attachment":[{"href":"https:\/\/vimaterial.de\/es\/wp-json\/wp\/v2\/media?parent=1017772"}],"wp:term":[{"taxonomy":"product_brand","embeddable":true,"href":"https:\/\/vimaterial.de\/es\/wp-json\/wp\/v2\/product_brand?post=1017772"},{"taxonomy":"product_cat","embeddable":true,"href":"https:\/\/vimaterial.de\/es\/wp-json\/wp\/v2\/product_cat?post=1017772"},{"taxonomy":"product_tag","embeddable":true,"href":"https:\/\/vimaterial.de\/es\/wp-json\/wp\/v2\/product_tag?post=1017772"}],"curies":[{"name":"wp","href":"https:\/\/api.w.org\/{rel}","templated":true}]}}