{"id":1017713,"date":"2024-06-17T15:07:52","date_gmt":"2024-06-17T07:07:52","guid":{"rendered":"https:\/\/vimaterial.de\/product\/telururo-de-zinc\/"},"modified":"2024-10-12T15:46:08","modified_gmt":"2024-10-12T07:46:08","slug":"telururo-de-zinc","status":"publish","type":"product","link":"https:\/\/vimaterial.de\/es\/product\/telururo-de-zinc\/","title":{"rendered":"Telururo de zinc"},"content":{"rendered":"<p>El objetivo de telururo de zinc (ZnTe) es un objetivo importante de material semiconductor.<\/p>\n<p>&nbsp;<\/p>\n<p>Informaci\u00f3n b\u00e1sica:<\/p>\n<p>&nbsp;<\/p>\n<p>F\u00f3rmula qu\u00edmica: ZnTe, compuesto por dos elementos: zinc (Zn) y telurio (Te).<\/p>\n<p>Aspecto: Suele aparecer como un s\u00f3lido cristalino de color marr\u00f3n rojizo.<\/p>\n<p>Densidad: La densidad te\u00f3rica es de unos 6,34 g\/cm\u00b3.<\/p>\n<p>Punto de fusi\u00f3n: 1238.5\u00b0C.<\/p>\n<p>&nbsp;<\/p>\n<p>Estructura cristalina: estructura c\u00fabica de esfalerita, similar a los materiales semiconductores comunes como el sulfuro de zinc, el seleniuro de zinc, etc. Esta estructura cristalina le da al telururo de zinc propiedades el\u00e9ctricas y \u00f3pticas \u00fanicas.<\/p>\n<p>&nbsp;<\/p>\n<p>M\u00e9todo de preparaci\u00f3n:<\/p>\n<p>&nbsp;<\/p>\n<p>M\u00e9todo de pulvimetalurgia: el polvo de zinc de alta pureza y el polvo de telurio se mezclan de acuerdo con una cierta proporci\u00f3n, despu\u00e9s de la molienda, el secado y otros tratamientos, se sinterizan a alta temperatura y alta presi\u00f3n para obtener un objetivo de teluro de zinc.<\/p>\n<p>&nbsp;<\/p>\n<p>M\u00e9todo de fusi\u00f3n al vac\u00edo: en un entorno de vac\u00edo, el zinc y el telurio se calientan por encima del punto de fusi\u00f3n, de modo que se funden y se mezclan completamente, y luego se enfr\u00edan y solidifican para obtener lingotes de teluro de zinc, y luego los lingotes se procesan en objetivos.<\/p>\n<p>&nbsp;<\/p>\n<p>Campo de aplicaci\u00f3n:<\/p>\n<p>&nbsp;<\/p>\n<p>Campo semiconductor: El telururo de zinc es un material semiconductor de banda prohibida ancha con una banda prohibida de aproximadamente 2,26 eV, que tiene una amplia gama de aplicaciones en dispositivos semiconductores.<\/p>\n<p>&nbsp;<\/p>\n<p>Campo de c\u00e9lulas solares: se puede utilizar como material de capa de absorci\u00f3n o material de capa amortiguadora de c\u00e9lulas solares de pel\u00edcula delgada, lo que puede mejorar la eficiencia de conversi\u00f3n fotoel\u00e9ctrica de las c\u00e9lulas solares.<\/p>\n<p>&nbsp;<\/p>\n<p>Campo \u00f3ptico: Debido a sus propiedades \u00f3pticas especiales, se puede utilizar para preparar recubrimientos \u00f3pticos, filtros \u00f3pticos, detectores infrarrojos y otros dispositivos \u00f3pticos.<\/p>\n","protected":false},"excerpt":{"rendered":"<p>El objetivo de telururo de zinc (ZnTe) es un objetivo importante de material semiconductor.<\/p>\n<p>Campo semiconductor: El telururo de zinc es un material semiconductor de banda prohibida ancha con una banda prohibida de aproximadamente 2,26 eV, que tiene una amplia gama de aplicaciones en dispositivos semiconductores.<\/p>\n<p>Campo de c\u00e9lulas solares: se puede utilizar como material de capa de absorci\u00f3n o material de capa amortiguadora de c\u00e9lulas solares de pel\u00edcula delgada, lo que puede mejorar la eficiencia de conversi\u00f3n fotoel\u00e9ctrica de las c\u00e9lulas solares.<\/p>\n","protected":false},"featured_media":1003837,"comment_status":"open","ping_status":"closed","template":"","meta":{"_acf_changed":false},"product_brand":[],"product_cat":[178],"product_tag":[],"class_list":{"0":"post-1017713","1":"product","2":"type-product","3":"status-publish","4":"has-post-thumbnail","6":"product_cat-catodos-para-sputtering-planar","8":"first","9":"instock","10":"shipping-taxable","11":"product-type-variable"},"acf":[],"_links":{"self":[{"href":"https:\/\/vimaterial.de\/es\/wp-json\/wp\/v2\/product\/1017713","targetHints":{"allow":["GET"]}}],"collection":[{"href":"https:\/\/vimaterial.de\/es\/wp-json\/wp\/v2\/product"}],"about":[{"href":"https:\/\/vimaterial.de\/es\/wp-json\/wp\/v2\/types\/product"}],"replies":[{"embeddable":true,"href":"https:\/\/vimaterial.de\/es\/wp-json\/wp\/v2\/comments?post=1017713"}],"wp:featuredmedia":[{"embeddable":true,"href":"https:\/\/vimaterial.de\/es\/wp-json\/wp\/v2\/media\/1003837"}],"wp:attachment":[{"href":"https:\/\/vimaterial.de\/es\/wp-json\/wp\/v2\/media?parent=1017713"}],"wp:term":[{"taxonomy":"product_brand","embeddable":true,"href":"https:\/\/vimaterial.de\/es\/wp-json\/wp\/v2\/product_brand?post=1017713"},{"taxonomy":"product_cat","embeddable":true,"href":"https:\/\/vimaterial.de\/es\/wp-json\/wp\/v2\/product_cat?post=1017713"},{"taxonomy":"product_tag","embeddable":true,"href":"https:\/\/vimaterial.de\/es\/wp-json\/wp\/v2\/product_tag?post=1017713"}],"curies":[{"name":"wp","href":"https:\/\/api.w.org\/{rel}","templated":true}]}}