{"id":1017638,"date":"2024-06-17T15:09:09","date_gmt":"2024-06-17T07:09:09","guid":{"rendered":"https:\/\/vimaterial.de\/product\/nitrato-de-galio\/"},"modified":"2024-07-12T11:57:38","modified_gmt":"2024-07-12T03:57:38","slug":"nitrato-de-galio","status":"publish","type":"product","link":"https:\/\/vimaterial.de\/es\/product\/nitrato-de-galio\/","title":{"rendered":"Nitrato de galio"},"content":{"rendered":"<p>Caracter\u00edsticaNitrato de galio (marca Ganite) es la sal de galio del \u00e1cido n\u00edtrico con la f\u00f3rmula qu\u00edmica Ga(NO3)3.F\u00f3rmula qu\u00edmica:Ga(NO3)3Masa molar:255,7377 g\/molAplicaci\u00f3nEs un f\u00e1rmaco utilizado para tratar la hipercalcemia sintom\u00e1tica secundaria al c\u00e1ncer. Act\u00faa previniendo la descomposici\u00f3n del hueso a trav\u00e9s de la inhibici\u00f3n de la actividad de los osteoclastos, disminuyendo as\u00ed la cantidad de calcio libre en la sangre. El nitrato de galio tambi\u00e9n se utiliza para sintetizar otros compuestos de galio.<\/p>\n","protected":false},"excerpt":{"rendered":"<p>Caracter\u00edsticaNitrato de galio (marca Ganite) es la sal de galio del \u00e1cido n\u00edtrico con la f\u00f3rmula qu\u00edmica Ga(NO3)3.F\u00f3rmula qu\u00edmica:Ga(NO3)3Masa molar:255,7377 g\/molAplicaci\u00f3nEs un f\u00e1rmaco utilizado para tratar la hipercalcemia sintom\u00e1tica secundaria al c\u00e1ncer. Act\u00faa previniendo la descomposici\u00f3n del hueso a trav\u00e9s de la inhibici\u00f3n de la actividad de los osteoclastos, disminuyendo as\u00ed la cantidad de calcio [&hellip;]<\/p>\n","protected":false},"featured_media":1003898,"comment_status":"open","ping_status":"closed","template":"","meta":{"_acf_changed":false},"product_brand":[],"product_cat":[187],"product_tag":[],"class_list":{"0":"post-1017638","1":"product","2":"type-product","3":"status-publish","4":"has-post-thumbnail","6":"product_cat-otros-materiales","8":"first","9":"instock","10":"shipping-taxable","11":"purchasable","12":"product-type-variable"},"acf":[],"_links":{"self":[{"href":"https:\/\/vimaterial.de\/es\/wp-json\/wp\/v2\/product\/1017638","targetHints":{"allow":["GET"]}}],"collection":[{"href":"https:\/\/vimaterial.de\/es\/wp-json\/wp\/v2\/product"}],"about":[{"href":"https:\/\/vimaterial.de\/es\/wp-json\/wp\/v2\/types\/product"}],"replies":[{"embeddable":true,"href":"https:\/\/vimaterial.de\/es\/wp-json\/wp\/v2\/comments?post=1017638"}],"wp:featuredmedia":[{"embeddable":true,"href":"https:\/\/vimaterial.de\/es\/wp-json\/wp\/v2\/media\/1003898"}],"wp:attachment":[{"href":"https:\/\/vimaterial.de\/es\/wp-json\/wp\/v2\/media?parent=1017638"}],"wp:term":[{"taxonomy":"product_brand","embeddable":true,"href":"https:\/\/vimaterial.de\/es\/wp-json\/wp\/v2\/product_brand?post=1017638"},{"taxonomy":"product_cat","embeddable":true,"href":"https:\/\/vimaterial.de\/es\/wp-json\/wp\/v2\/product_cat?post=1017638"},{"taxonomy":"product_tag","embeddable":true,"href":"https:\/\/vimaterial.de\/es\/wp-json\/wp\/v2\/product_tag?post=1017638"}],"curies":[{"name":"wp","href":"https:\/\/api.w.org\/{rel}","templated":true}]}}