{"id":1017631,"date":"2024-06-17T15:09:09","date_gmt":"2024-06-17T07:09:09","guid":{"rendered":"https:\/\/vimaterial.de\/product\/galio-metalico\/"},"modified":"2024-07-12T11:57:59","modified_gmt":"2024-07-12T03:57:59","slug":"galio-metalico","status":"publish","type":"product","link":"https:\/\/vimaterial.de\/es\/product\/galio-metalico\/","title":{"rendered":"Metal de galio"},"content":{"rendered":"<p>Debido a la peligrosidad de los materiales, la fecha de entrega no se puede garantizar por completo (puede extenderse). No dude en ponerse en contacto con nosotros para obtener m\u00e1s detalles. Caracter\u00edsticaEl galio es un elemento qu\u00edmico con el n\u00famero at\u00f3mico 31. El grupo 13 de la tabla peri\u00f3dica es un metal pobre con propiedades similares al aluminio, el indio y el talio. El galio es muy blando y maleable. Es de color gris azulado en estado s\u00f3lido y blanco plateado en estado l\u00edquido. Punto de fusi\u00f3n del galio a 29,78 \u00b0C, por lo que se coloca en la palma de la mano, se derretir\u00e1, pero el punto de ebullici\u00f3n del galio es alto. Ligeramente solubles en mercurio, forman amalgama de galio. El galio puede infiltrarse en el vidrio, por lo que no es adecuado utilizar recipientes de vidrio para el almacenamiento. Fase en STP:s\u00f3lidoApariencia:azul plateadoPunto de fusi\u00f3n:302.9146 K (29.7646 \u00b0C, 85.5763 \u00b0F)Punto de ebullici\u00f3n:2673 K (2400 \u00b0C, 4352 \u00b0F)Densidad (cerca de r.t.) :5.91 g\/cm3cuando l\u00edquido (a m.p.) :6.095 g\/cm3Calor de fusi\u00f3n:5.59 kJ\/molCalor de vaporizaci\u00f3n:256 kJ\/molCapacidad calor\u00edfica molar:25.86 J\/(mol\u00b7 K) Aplicaci\u00f3nUsos industrialesFabricaci\u00f3n de semiconductores de nitruro de galio, arseniuro de galio, fosfuro de galio, elemento dopante semiconductor de germanio; El galio puro y la aleaci\u00f3n de baja fusi\u00f3n se pueden utilizar como medio de intercambio de calor para la reacci\u00f3n nuclear. Llenadora para term\u00f3metros de alta temperatura; Catalizador para la diesterificaci\u00f3n en reacci\u00f3n org\u00e1nica. Aplicaciones m\u00e9dicasDespu\u00e9s de observar que el tejido canceroso era atractivo para el 67Ga, la sociedad nacional del c\u00e1ncer se\u00f1al\u00f3 que el galio estable era eficaz en los tumores de roedores. Esto se ha probado en pacientes con c\u00e1ncer. El galio es perjudicial para los ri\u00f1ones cuando se toma en dosis de 750 mg\/kg. La infusi\u00f3n continua de galio puede reducir la toxicidad del galio para los t\u00fabulos renales.<\/p>\n","protected":false},"excerpt":{"rendered":"<p>Debido a la peligrosidad de los materiales, la fecha de entrega no se puede garantizar por completo (puede extenderse). No dude en ponerse en contacto con nosotros para obtener m\u00e1s detalles. Caracter\u00edsticaEl galio es un elemento qu\u00edmico con el n\u00famero at\u00f3mico 31. El grupo 13 de la tabla peri\u00f3dica es un metal pobre con propiedades [&hellip;]<\/p>\n","protected":false},"featured_media":1003889,"comment_status":"open","ping_status":"closed","template":"","meta":{"_acf_changed":false},"product_brand":[],"product_cat":[188],"product_tag":[],"class_list":{"0":"post-1017631","1":"product","2":"type-product","3":"status-publish","4":"has-post-thumbnail","6":"product_cat-perfil","8":"first","9":"instock","10":"shipping-taxable","11":"purchasable","12":"product-type-variable"},"acf":[],"_links":{"self":[{"href":"https:\/\/vimaterial.de\/es\/wp-json\/wp\/v2\/product\/1017631","targetHints":{"allow":["GET"]}}],"collection":[{"href":"https:\/\/vimaterial.de\/es\/wp-json\/wp\/v2\/product"}],"about":[{"href":"https:\/\/vimaterial.de\/es\/wp-json\/wp\/v2\/types\/product"}],"replies":[{"embeddable":true,"href":"https:\/\/vimaterial.de\/es\/wp-json\/wp\/v2\/comments?post=1017631"}],"wp:featuredmedia":[{"embeddable":true,"href":"https:\/\/vimaterial.de\/es\/wp-json\/wp\/v2\/media\/1003889"}],"wp:attachment":[{"href":"https:\/\/vimaterial.de\/es\/wp-json\/wp\/v2\/media?parent=1017631"}],"wp:term":[{"taxonomy":"product_brand","embeddable":true,"href":"https:\/\/vimaterial.de\/es\/wp-json\/wp\/v2\/product_brand?post=1017631"},{"taxonomy":"product_cat","embeddable":true,"href":"https:\/\/vimaterial.de\/es\/wp-json\/wp\/v2\/product_cat?post=1017631"},{"taxonomy":"product_tag","embeddable":true,"href":"https:\/\/vimaterial.de\/es\/wp-json\/wp\/v2\/product_tag?post=1017631"}],"curies":[{"name":"wp","href":"https:\/\/api.w.org\/{rel}","templated":true}]}}