{"id":1017564,"date":"2024-06-17T15:09:11","date_gmt":"2024-06-17T07:09:11","guid":{"rendered":"https:\/\/vimaterial.de\/product\/oxido-de-galio-2\/"},"modified":"2024-07-12T11:58:11","modified_gmt":"2024-07-12T03:58:11","slug":"oxido-de-galio-2","status":"publish","type":"product","link":"https:\/\/vimaterial.de\/es\/product\/oxido-de-galio-2\/","title":{"rendered":"\u00d3xido de galio"},"content":{"rendered":"<p>Caracter\u00edsticaEl tri\u00f3xido de galio (III) es un compuesto inorg\u00e1nico con la f\u00f3rmula Ga2O3. Existe como varios polimorfos, todos los cuales son s\u00f3lidos blancos insolubles en agua. Aunque no existen aplicaciones comerciales, el Ga2O3 es un intermediario en la purificaci\u00f3n del galio, que se consume casi exclusivamente como arseniuro de galio. F\u00f3rmula qu\u00edmica:Ga2O3Masa molar:187.444 g\/molApariencia:polvo cristalino blancoDensidad:6.44 g\/cm3, alfa 5.88 g\/cm3, betaPunto de fusi\u00f3n:1.900 \u00b0C (3.450 \u00b0F; 2.170 K) alfa 1725 \u00b0C, betaSolubilidad en agua:insolubleSolubilidad:soluble en la mayor\u00eda de los \u00e1cidosAplicaci\u00f3nEl \u00f3xido de galio (III) se ha estudiado en el uso de l\u00e1seres, f\u00f3sforos y materiales luminiscentes. Tambi\u00e9n se ha utilizado como barrera aislante en uniones estrechas. El \u03b2-Ga2O3 monocl\u00ednico se utiliza en sensores de gas y f\u00f3sforos luminiscentes y se puede aplicar a recubrimientos diel\u00e9ctricos para c\u00e9lulas solares. Este \u00f3xido estable tambi\u00e9n ha mostrado potencial para aplicaciones de transistores, \u00f3xidos conductores transparentes y ultravioleta profundo.\u03b5-Ga2O3Las pel\u00edculas delgadas depositadas en zafiro muestran aplicaciones potenciales como fotodetector UV ciego al sol. Las pel\u00edculas delgadas de Ga2O3 son de inter\u00e9s comercial como materiales sensibles a los gases y Ga2O3. La elipsometr\u00eda es un procedimiento que se puede utilizar para determinar las funciones \u00f3pticas del \u03b2-Ga2O3.\u03b2-Ga2O3se utiliza en la producci\u00f3n de catalizador de Ga2O3-Al2O3.<\/p>\n","protected":false},"excerpt":{"rendered":"<p>Caracter\u00edsticaEl tri\u00f3xido de galio (III) es un compuesto inorg\u00e1nico con la f\u00f3rmula Ga2O3. Existe como varios polimorfos, todos los cuales son s\u00f3lidos blancos insolubles en agua. Aunque no existen aplicaciones comerciales, el Ga2O3 es un intermediario en la purificaci\u00f3n del galio, que se consume casi exclusivamente como arseniuro de galio. F\u00f3rmula qu\u00edmica:Ga2O3Masa molar:187.444 g\/molApariencia:polvo cristalino [&hellip;]<\/p>\n","protected":false},"featured_media":1003921,"comment_status":"open","ping_status":"closed","template":"","meta":{"_acf_changed":false},"product_brand":[],"product_cat":[178],"product_tag":[],"class_list":{"0":"post-1017564","1":"product","2":"type-product","3":"status-publish","4":"has-post-thumbnail","6":"product_cat-catodos-para-sputtering-planar","8":"first","9":"instock","10":"shipping-taxable","11":"product-type-variable"},"acf":[],"_links":{"self":[{"href":"https:\/\/vimaterial.de\/es\/wp-json\/wp\/v2\/product\/1017564","targetHints":{"allow":["GET"]}}],"collection":[{"href":"https:\/\/vimaterial.de\/es\/wp-json\/wp\/v2\/product"}],"about":[{"href":"https:\/\/vimaterial.de\/es\/wp-json\/wp\/v2\/types\/product"}],"replies":[{"embeddable":true,"href":"https:\/\/vimaterial.de\/es\/wp-json\/wp\/v2\/comments?post=1017564"}],"wp:featuredmedia":[{"embeddable":true,"href":"https:\/\/vimaterial.de\/es\/wp-json\/wp\/v2\/media\/1003921"}],"wp:attachment":[{"href":"https:\/\/vimaterial.de\/es\/wp-json\/wp\/v2\/media?parent=1017564"}],"wp:term":[{"taxonomy":"product_brand","embeddable":true,"href":"https:\/\/vimaterial.de\/es\/wp-json\/wp\/v2\/product_brand?post=1017564"},{"taxonomy":"product_cat","embeddable":true,"href":"https:\/\/vimaterial.de\/es\/wp-json\/wp\/v2\/product_cat?post=1017564"},{"taxonomy":"product_tag","embeddable":true,"href":"https:\/\/vimaterial.de\/es\/wp-json\/wp\/v2\/product_tag?post=1017564"}],"curies":[{"name":"wp","href":"https:\/\/api.w.org\/{rel}","templated":true}]}}