{"id":1017522,"date":"2024-06-17T15:10:33","date_gmt":"2024-06-17T07:10:33","guid":{"rendered":"https:\/\/vimaterial.de\/product\/arseniuro-de-galio-3\/"},"modified":"2024-07-12T11:59:17","modified_gmt":"2024-07-12T03:59:17","slug":"arseniuro-de-galio-3","status":"publish","type":"product","link":"https:\/\/vimaterial.de\/es\/product\/arseniuro-de-galio-3\/","title":{"rendered":"Arseniuro de galio"},"content":{"rendered":"<p>Debido a la peligrosidad de los materiales, la fecha de entrega no se puede garantizar por completo (puede extenderse). No dude en ponerse en contacto con nosotros para obtener m\u00e1s detalles. Caracter\u00edsticaEl arseniuro de galio (GaAs) es un compuesto de los elementos galio y ars\u00e9nico. Es un semiconductor de banda prohibida directa III-V con una estructura cristalina de zinc y blenda. F\u00f3rmula qu\u00edmica:GaAsMasa molar:144.645 g\/molApariencia:Cristales grisesOlor:parecido al ajo cuando se humedece)Densidad:5.3176 g\/cm3Punto de fusi\u00f3n:1.238 \u00b0C (2.260 \u00b0F; 1.511 K)Solubilidad en agua:insolubleSolubilidad:soluble en HCl, insoluble en etanol, metanol, acetonaBanda prohibida:1.441 eV (a 300 K)Movilidad electr\u00f3nica:9000 cm2\/(V\u00b7s) (a 300 K)Susceptibilidad magn\u00e9tica (\u03c7):-16.2\u00d710\u22126cgsConductividad t\u00e9rmica:0.56 W\/(cm\u00b7K) (a 300 K)\u00cdndice de refracci\u00f3n (nD):3.3Estructura cristalina:Blenda de zincAplicaci\u00f3nArseniuro de galio Se utiliza en la fabricaci\u00f3n de dispositivos como circuitos integrados de frecuencia de microondas, circuitos integrados monol\u00edticos de microondas, diodos emisores de luz infrarroja, diodos l\u00e1ser, c\u00e9lulas solares y ventanas \u00f3pticas. El GaAs se utiliza a menudo como material de sustrato para el crecimiento epitaxial de otros semiconductores III-V, como el arseniuro de indio y galio, el arseniuro de aluminio y galio, entre otros.<\/p>\n","protected":false},"excerpt":{"rendered":"<p>Debido a la peligrosidad de los materiales, la fecha de entrega no se puede garantizar por completo (puede extenderse). No dude en ponerse en contacto con nosotros para obtener m\u00e1s detalles. Caracter\u00edsticaEl arseniuro de galio (GaAs) es un compuesto de los elementos galio y ars\u00e9nico. Es un semiconductor de banda prohibida directa III-V con una [&hellip;]<\/p>\n","protected":false},"featured_media":1003989,"comment_status":"open","ping_status":"closed","template":"","meta":{"_acf_changed":false},"product_brand":[],"product_cat":[178],"product_tag":[],"class_list":{"0":"post-1017522","1":"product","2":"type-product","3":"status-publish","4":"has-post-thumbnail","6":"product_cat-catodos-para-sputtering-planar","8":"first","9":"instock","10":"shipping-taxable","11":"product-type-variable"},"acf":[],"_links":{"self":[{"href":"https:\/\/vimaterial.de\/es\/wp-json\/wp\/v2\/product\/1017522","targetHints":{"allow":["GET"]}}],"collection":[{"href":"https:\/\/vimaterial.de\/es\/wp-json\/wp\/v2\/product"}],"about":[{"href":"https:\/\/vimaterial.de\/es\/wp-json\/wp\/v2\/types\/product"}],"replies":[{"embeddable":true,"href":"https:\/\/vimaterial.de\/es\/wp-json\/wp\/v2\/comments?post=1017522"}],"wp:featuredmedia":[{"embeddable":true,"href":"https:\/\/vimaterial.de\/es\/wp-json\/wp\/v2\/media\/1003989"}],"wp:attachment":[{"href":"https:\/\/vimaterial.de\/es\/wp-json\/wp\/v2\/media?parent=1017522"}],"wp:term":[{"taxonomy":"product_brand","embeddable":true,"href":"https:\/\/vimaterial.de\/es\/wp-json\/wp\/v2\/product_brand?post=1017522"},{"taxonomy":"product_cat","embeddable":true,"href":"https:\/\/vimaterial.de\/es\/wp-json\/wp\/v2\/product_cat?post=1017522"},{"taxonomy":"product_tag","embeddable":true,"href":"https:\/\/vimaterial.de\/es\/wp-json\/wp\/v2\/product_tag?post=1017522"}],"curies":[{"name":"wp","href":"https:\/\/api.w.org\/{rel}","templated":true}]}}