{"id":1017482,"date":"2024-06-17T15:10:37","date_gmt":"2024-06-17T07:10:37","guid":{"rendered":"https:\/\/vimaterial.de\/product\/fluoruro-de-galio\/"},"modified":"2024-07-12T11:59:48","modified_gmt":"2024-07-12T03:59:48","slug":"fluoruro-de-galio","status":"publish","type":"product","link":"https:\/\/vimaterial.de\/es\/product\/fluoruro-de-galio\/","title":{"rendered":"Fluoruro de galio"},"content":{"rendered":"<p>Caracter\u00edsticaEl fluoruro de galio (III) (GaF3) es un compuesto qu\u00edmico. Es un s\u00f3lido blanco que se funde a presi\u00f3n por encima de los 1000 \u00b0C, pero se sublima alrededor de los 950 \u00b0C. Tiene la estructura FeF3 donde los \u00e1tomos de galio est\u00e1n en coordenadas 6. El GaF3 es pr\u00e1cticamente insoluble en agua. Las soluciones de GaF3 en HF se pueden evaporar para formar el trihidrato, GaF3\u00b73H2O, que al calentarse da una forma hidratada de GaF2(OH).<\/p>\n","protected":false},"excerpt":{"rendered":"<p>Caracter\u00edsticaEl fluoruro de galio (III) (GaF3) es un compuesto qu\u00edmico. Es un s\u00f3lido blanco que se funde a presi\u00f3n por encima de los 1000 \u00b0C, pero se sublima alrededor de los 950 \u00b0C. Tiene la estructura FeF3 donde los \u00e1tomos de galio est\u00e1n en coordenadas 6. El GaF3 es pr\u00e1cticamente insoluble en agua. Las soluciones [&hellip;]<\/p>\n","protected":false},"featured_media":1004015,"comment_status":"open","ping_status":"closed","template":"","meta":{"_acf_changed":false},"product_brand":[],"product_cat":[182],"product_tag":[],"class_list":{"0":"post-1017482","1":"product","2":"type-product","3":"status-publish","4":"has-post-thumbnail","6":"product_cat-materiales-halogenados","8":"first","9":"instock","10":"shipping-taxable","11":"product-type-variable"},"acf":[],"_links":{"self":[{"href":"https:\/\/vimaterial.de\/es\/wp-json\/wp\/v2\/product\/1017482","targetHints":{"allow":["GET"]}}],"collection":[{"href":"https:\/\/vimaterial.de\/es\/wp-json\/wp\/v2\/product"}],"about":[{"href":"https:\/\/vimaterial.de\/es\/wp-json\/wp\/v2\/types\/product"}],"replies":[{"embeddable":true,"href":"https:\/\/vimaterial.de\/es\/wp-json\/wp\/v2\/comments?post=1017482"}],"wp:featuredmedia":[{"embeddable":true,"href":"https:\/\/vimaterial.de\/es\/wp-json\/wp\/v2\/media\/1004015"}],"wp:attachment":[{"href":"https:\/\/vimaterial.de\/es\/wp-json\/wp\/v2\/media?parent=1017482"}],"wp:term":[{"taxonomy":"product_brand","embeddable":true,"href":"https:\/\/vimaterial.de\/es\/wp-json\/wp\/v2\/product_brand?post=1017482"},{"taxonomy":"product_cat","embeddable":true,"href":"https:\/\/vimaterial.de\/es\/wp-json\/wp\/v2\/product_cat?post=1017482"},{"taxonomy":"product_tag","embeddable":true,"href":"https:\/\/vimaterial.de\/es\/wp-json\/wp\/v2\/product_tag?post=1017482"}],"curies":[{"name":"wp","href":"https:\/\/api.w.org\/{rel}","templated":true}]}}