{"id":1017460,"date":"2024-06-17T15:09:13","date_gmt":"2024-06-17T07:09:13","guid":{"rendered":"https:\/\/vimaterial.de\/product\/teluro-de-galio-2\/"},"modified":"2024-07-12T11:58:46","modified_gmt":"2024-07-12T03:58:46","slug":"teluro-de-galio-2","status":"publish","type":"product","link":"https:\/\/vimaterial.de\/es\/product\/teluro-de-galio-2\/","title":{"rendered":"Teluro de galio"},"content":{"rendered":"<p>Caracter\u00edsticaEl teluro de galio (II), GaTe, es un compuesto qu\u00edmico de galio y telurio. F\u00f3rmula qu\u00edmica:GaTeMasa molar:197,32 g\/molApariencia:piezas negrasDensidad:5,44 g\/cm3, s\u00f3lidoPunto de fusi\u00f3n:824 \u00b0C (1.515 \u00b0F; 1.097 K)Estructura cristalina:hexagonal, hP8<\/p>\n","protected":false},"excerpt":{"rendered":"<p>Caracter\u00edsticaEl teluro de galio (II), GaTe, es un compuesto qu\u00edmico de galio y telurio. F\u00f3rmula qu\u00edmica:GaTeMasa molar:197,32 g\/molApariencia:piezas negrasDensidad:5,44 g\/cm3, s\u00f3lidoPunto de fusi\u00f3n:824 \u00b0C (1.515 \u00b0F; 1.097 K)Estructura cristalina:hexagonal, hP8<\/p>\n","protected":false},"featured_media":1004103,"comment_status":"open","ping_status":"closed","template":"","meta":{"_acf_changed":false},"product_brand":[],"product_cat":[181],"product_tag":[],"class_list":{"0":"post-1017460","1":"product","2":"type-product","3":"status-publish","4":"has-post-thumbnail","6":"product_cat-materiales-calcogenuros","8":"first","9":"instock","10":"shipping-taxable","11":"product-type-variable"},"acf":[],"_links":{"self":[{"href":"https:\/\/vimaterial.de\/es\/wp-json\/wp\/v2\/product\/1017460","targetHints":{"allow":["GET"]}}],"collection":[{"href":"https:\/\/vimaterial.de\/es\/wp-json\/wp\/v2\/product"}],"about":[{"href":"https:\/\/vimaterial.de\/es\/wp-json\/wp\/v2\/types\/product"}],"replies":[{"embeddable":true,"href":"https:\/\/vimaterial.de\/es\/wp-json\/wp\/v2\/comments?post=1017460"}],"wp:featuredmedia":[{"embeddable":true,"href":"https:\/\/vimaterial.de\/es\/wp-json\/wp\/v2\/media\/1004103"}],"wp:attachment":[{"href":"https:\/\/vimaterial.de\/es\/wp-json\/wp\/v2\/media?parent=1017460"}],"wp:term":[{"taxonomy":"product_brand","embeddable":true,"href":"https:\/\/vimaterial.de\/es\/wp-json\/wp\/v2\/product_brand?post=1017460"},{"taxonomy":"product_cat","embeddable":true,"href":"https:\/\/vimaterial.de\/es\/wp-json\/wp\/v2\/product_cat?post=1017460"},{"taxonomy":"product_tag","embeddable":true,"href":"https:\/\/vimaterial.de\/es\/wp-json\/wp\/v2\/product_tag?post=1017460"}],"curies":[{"name":"wp","href":"https:\/\/api.w.org\/{rel}","templated":true}]}}