{"id":1017442,"date":"2024-06-17T15:13:02","date_gmt":"2024-06-17T07:13:02","guid":{"rendered":"https:\/\/vimaterial.de\/product\/germanio-metalico-4\/"},"modified":"2024-09-30T17:31:26","modified_gmt":"2024-09-30T09:31:26","slug":"germanio-metalico-4","status":"publish","type":"product","link":"https:\/\/vimaterial.de\/es\/product\/germanio-metalico-4\/","title":{"rendered":"Metal de germanio"},"content":{"rendered":"<p>La varilla de metal de germanio es un material similar a una varilla compuesto de elemento germanio.<\/p>\n<p>Propiedades b\u00e1sicas:<\/p>\n<p>Aspecto: Por lo general, s\u00f3lido en forma de varilla de color gris plateado con un brillo met\u00e1lico.<br \/>\nPunto de fusi\u00f3n: 937,4 \u00b0C<\/p>\n<p>Punto de ebullici\u00f3n: 2830 \u00b0C, con un alto punto de ebullici\u00f3n de fusi\u00f3n.<\/p>\n<p>Como tipo de material semiconductor, la conductividad de la varilla de metal de germanio se encuentra entre el conductor y el aislante, y muestra buenas caracter\u00edsticas semiconductoras a baja temperatura.<\/p>\n<p>Campo de aplicaci\u00f3n:<\/p>\n<p>Industria de semiconductores: se puede utilizar para fabricar dispositivos semiconductores, como transistores, rectificadores, fotodetectores, etc.<\/p>\n<p>Campo \u00f3ptico infrarrojo: El germanio se puede utilizar para fabricar dispositivos \u00f3pticos infrarrojos debido a su buena transmisi\u00f3n al infrarrojo.<\/p>\n<p>Campo de c\u00e9lulas solares: La varilla de matal de germanio se puede utilizar como material para c\u00e9lulas solares para mejorar la eficiencia de conversi\u00f3n fotoel\u00e9ctrica de las bater\u00edas, especialmente en la investigaci\u00f3n y desarrollo de algunas c\u00e9lulas solares de alta eficiencia, el germanio tiene un importante valor de aplicaci\u00f3n.<\/p>\n<p>Comunicaci\u00f3n por fibra \u00f3ptica: En la comunicaci\u00f3n por fibra \u00f3ptica, el germanio se puede utilizar como dopante para mejorar el \u00edndice de refracci\u00f3n y la distancia de transmisi\u00f3n de la fibra \u00f3ptica, y reducir la p\u00e9rdida de transmisi\u00f3n de la se\u00f1al.<\/p>\n","protected":false},"excerpt":{"rendered":"<p>La varilla de germanio es un material similar a una varilla compuesto de elemento germanio.<\/p>\n<p>Industria de semiconductores: Metal de germaniose puede utilizar para fabricar dispositivos semiconductores, como transistores, rectificadores, fotodetectores, etc.<\/p>\n<p>Campo \u00f3ptico infrarrojo: Metal de germanio se puede utilizar para fabricar dispositivos \u00f3pticos infrarrojos debido a su buena transmisi\u00f3n al infrarrojo.<\/p>\n<p>Campo de c\u00e9lulas solares: Metal de germanio se puede utilizar como material para c\u00e9lulas solares para mejorar la eficiencia de conversi\u00f3n fotoel\u00e9ctrica de las bater\u00edas, especialmente en la investigaci\u00f3n y desarrollo de algunas c\u00e9lulas solares de alta eficiencia, el germanio tiene un importante valor de aplicaci\u00f3n.<\/p>\n","protected":false},"featured_media":1004120,"comment_status":"open","ping_status":"closed","template":"","meta":{"_acf_changed":false},"product_brand":[],"product_cat":[188],"product_tag":[],"class_list":{"0":"post-1017442","1":"product","2":"type-product","3":"status-publish","4":"has-post-thumbnail","6":"product_cat-perfil","8":"first","9":"instock","10":"shipping-taxable","11":"purchasable","12":"product-type-variable"},"acf":[],"_links":{"self":[{"href":"https:\/\/vimaterial.de\/es\/wp-json\/wp\/v2\/product\/1017442","targetHints":{"allow":["GET"]}}],"collection":[{"href":"https:\/\/vimaterial.de\/es\/wp-json\/wp\/v2\/product"}],"about":[{"href":"https:\/\/vimaterial.de\/es\/wp-json\/wp\/v2\/types\/product"}],"replies":[{"embeddable":true,"href":"https:\/\/vimaterial.de\/es\/wp-json\/wp\/v2\/comments?post=1017442"}],"wp:featuredmedia":[{"embeddable":true,"href":"https:\/\/vimaterial.de\/es\/wp-json\/wp\/v2\/media\/1004120"}],"wp:attachment":[{"href":"https:\/\/vimaterial.de\/es\/wp-json\/wp\/v2\/media?parent=1017442"}],"wp:term":[{"taxonomy":"product_brand","embeddable":true,"href":"https:\/\/vimaterial.de\/es\/wp-json\/wp\/v2\/product_brand?post=1017442"},{"taxonomy":"product_cat","embeddable":true,"href":"https:\/\/vimaterial.de\/es\/wp-json\/wp\/v2\/product_cat?post=1017442"},{"taxonomy":"product_tag","embeddable":true,"href":"https:\/\/vimaterial.de\/es\/wp-json\/wp\/v2\/product_tag?post=1017442"}],"curies":[{"name":"wp","href":"https:\/\/api.w.org\/{rel}","templated":true}]}}