{"id":1017382,"date":"2024-06-17T15:13:03","date_gmt":"2024-06-17T07:13:03","guid":{"rendered":"https:\/\/vimaterial.de\/product\/germanio-metalico\/"},"modified":"2024-09-30T16:10:12","modified_gmt":"2024-09-30T08:10:12","slug":"germanio-metalico-metal-de-germanio","status":"publish","type":"product","link":"https:\/\/vimaterial.de\/es\/product\/germanio-metalico-metal-de-germanio\/","title":{"rendered":"Metal de germanio"},"content":{"rendered":"<p>El objetivo de germanio es un tipo de objetivo hecho de elemento de germanio, que tiene una aplicaci\u00f3n importante en muchos campos.<\/p>\n<p>Caracter\u00edsticas de los elementos: \u00a0 El germanio (Ge) es un elemento qu\u00edmico con un n\u00famero at\u00f3mico de 32 perteneciente al grupo IVA.<br \/>\nNormalmente es un cuasi-metal de color blanquecino, brillante y duro.<br \/>\nPunto de fusi\u00f3n: 938,25 \u00b0C<\/p>\n<p>Punto de ebullici\u00f3n: 2830 \u00b0C<\/p>\n<p>Dureza de Mohs: 6<\/p>\n<p>Caracter\u00edsticas y ventajas:<\/p>\n<p>Alta densidad: puede proporcionar una gran cantidad de \u00e1tomos de germanio en el proceso de deposici\u00f3n de la pel\u00edcula, lo que ayuda a mejorar la calidad y el rendimiento de la pel\u00edcula.<br \/>\nExcelente conductividad t\u00e9rmica: Cuando se calienta, el calor se puede transferir r\u00e1pida y uniformemente, lo que puede mejorar la eficiencia de la deposici\u00f3n de la pel\u00edcula.<br \/>\nAlto punto de fusi\u00f3n: puede soportar altas temperaturas durante la deposici\u00f3n de la pel\u00edcula y mantener propiedades f\u00edsicas y qu\u00edmicas estables.<\/p>\n<p>Buena conductividad: la pel\u00edcula de germanio depositada por el material objetivo de germanio tiene excelentes propiedades el\u00e9ctricas.<br \/>\nFuerte capacidad antioxidante: estable en ambientes de alta temperatura y ox\u00edgeno, no es f\u00e1cil de oxidar.<\/p>\n<p>Campo de aplicaci\u00f3n:<\/p>\n<p>Industria de semiconductores: \u00a0 Metal de germanio para la preparaci\u00f3n de pel\u00edcula delgada de germanio y pel\u00edcula delgada compuesta de germanio, aplicada en dispositivos semiconductores, circuitos integrados, dispositivos optoelectr\u00f3nicos y otros aspectos.<\/p>\n<p>Industria optoelectr\u00f3nica: Objetivo met\u00e1lico de germanio utilizado principalmente en la preparaci\u00f3n de dispositivos fotoelectr\u00f3nicos infrarrojos, porque el germanio tiene buenas propiedades \u00f3pticas en la banda infrarroja, por lo que es ampliamente utilizado en detectores infrarrojos, sistemas de im\u00e1genes infrarrojas y otros equipos.<\/p>\n<p>C\u00e9lulas solares: Objetivo met\u00e1lico de germanio utilizado para preparar c\u00e9lulas solares de uni\u00f3n m\u00faltiple de alta eficiencia, las pel\u00edculas delgadas de germanio se pueden utilizar como capa de celda inferior de c\u00e9lulas solares de uni\u00f3n m\u00faltiple, absorbiendo la parte de onda larga del espectro solar y mejorando la eficiencia de conversi\u00f3n fotoel\u00e9ctrica de las c\u00e9lulas solares.<\/p>\n<p>Comunicaci\u00f3n de fibra \u00f3ptica: Metal de germanio el objetivo de metal de germanio utilizado para preparar amplificadores \u00f3pticos, los amplificadores \u00f3pticos dopados con germanio pueden amplificar eficazmente las se\u00f1ales \u00f3pticas, mejorar la distancia de transmisi\u00f3n y la tasa de comunicaci\u00f3n de fibra \u00f3ptica.<\/p>\n","protected":false},"excerpt":{"rendered":"<p>El objetivo met\u00e1lico de germanio es un tipo de objetivo hecho de elemento de germanio, que tiene una aplicaci\u00f3n importante en muchos campos.<\/p>\n<p>Industria de semiconductores: Metal de germanio para la preparaci\u00f3n de pel\u00edcula delgada de germanio y pel\u00edcula delgada compuesta de germanio, aplicada en dispositivos semiconductores, circuitos integrados, dispositivos optoelectr\u00f3nicos y otros aspectos.<\/p>\n<p>Industria optoelectr\u00f3nica: Metal de germanio se utiliza principalmente en la preparaci\u00f3n de dispositivos fotoelectr\u00f3nicos infrarrojos, debido a que el germanio tiene buenas propiedades \u00f3pticas en la banda infrarroja, por lo que es ampliamente utilizado en detectores infrarrojos, sistemas de im\u00e1genes infrarrojas y otros equipos.<\/p>\n","protected":false},"featured_media":1004138,"comment_status":"open","ping_status":"closed","template":"","meta":{"_acf_changed":false},"product_brand":[],"product_cat":[178],"product_tag":[],"class_list":{"0":"post-1017382","1":"product","2":"type-product","3":"status-publish","4":"has-post-thumbnail","6":"product_cat-catodos-para-sputtering-planar","8":"first","9":"instock","10":"shipping-taxable","11":"product-type-variable"},"acf":[],"_links":{"self":[{"href":"https:\/\/vimaterial.de\/es\/wp-json\/wp\/v2\/product\/1017382","targetHints":{"allow":["GET"]}}],"collection":[{"href":"https:\/\/vimaterial.de\/es\/wp-json\/wp\/v2\/product"}],"about":[{"href":"https:\/\/vimaterial.de\/es\/wp-json\/wp\/v2\/types\/product"}],"replies":[{"embeddable":true,"href":"https:\/\/vimaterial.de\/es\/wp-json\/wp\/v2\/comments?post=1017382"}],"wp:featuredmedia":[{"embeddable":true,"href":"https:\/\/vimaterial.de\/es\/wp-json\/wp\/v2\/media\/1004138"}],"wp:attachment":[{"href":"https:\/\/vimaterial.de\/es\/wp-json\/wp\/v2\/media?parent=1017382"}],"wp:term":[{"taxonomy":"product_brand","embeddable":true,"href":"https:\/\/vimaterial.de\/es\/wp-json\/wp\/v2\/product_brand?post=1017382"},{"taxonomy":"product_cat","embeddable":true,"href":"https:\/\/vimaterial.de\/es\/wp-json\/wp\/v2\/product_cat?post=1017382"},{"taxonomy":"product_tag","embeddable":true,"href":"https:\/\/vimaterial.de\/es\/wp-json\/wp\/v2\/product_tag?post=1017382"}],"curies":[{"name":"wp","href":"https:\/\/api.w.org\/{rel}","templated":true}]}}