{"id":1017367,"date":"2024-06-17T15:13:07","date_gmt":"2024-06-17T07:13:07","guid":{"rendered":"https:\/\/vimaterial.de\/product\/yoduro-de-germanio-2\/"},"modified":"2024-07-12T11:50:48","modified_gmt":"2024-07-12T03:50:48","slug":"yoduro-de-germanio-2","status":"publish","type":"product","link":"https:\/\/vimaterial.de\/es\/product\/yoduro-de-germanio-2\/","title":{"rendered":"Yoduro de germanio"},"content":{"rendered":"<p>Caracter\u00edsticaEl yoduro de germanio (II) es un s\u00f3lido cristalino amarillo que se descompone al fundirse. Su densidad espec\u00edfica es de 5,37 y se puede sublimar a 240 \u00b0C en el vac\u00edo.<\/p>\n","protected":false},"excerpt":{"rendered":"<p>Caracter\u00edsticaEl yoduro de germanio (II) es un s\u00f3lido cristalino amarillo que se descompone al fundirse. Su densidad espec\u00edfica es de 5,37 y se puede sublimar a 240 \u00b0C en el vac\u00edo.<\/p>\n","protected":false},"featured_media":1004159,"comment_status":"open","ping_status":"closed","template":"","meta":{"_acf_changed":false},"product_brand":[],"product_cat":[182],"product_tag":[],"class_list":{"0":"post-1017367","1":"product","2":"type-product","3":"status-publish","4":"has-post-thumbnail","6":"product_cat-materiales-halogenados","8":"first","9":"instock","10":"shipping-taxable","11":"purchasable","12":"product-type-variable"},"acf":[],"_links":{"self":[{"href":"https:\/\/vimaterial.de\/es\/wp-json\/wp\/v2\/product\/1017367","targetHints":{"allow":["GET"]}}],"collection":[{"href":"https:\/\/vimaterial.de\/es\/wp-json\/wp\/v2\/product"}],"about":[{"href":"https:\/\/vimaterial.de\/es\/wp-json\/wp\/v2\/types\/product"}],"replies":[{"embeddable":true,"href":"https:\/\/vimaterial.de\/es\/wp-json\/wp\/v2\/comments?post=1017367"}],"wp:featuredmedia":[{"embeddable":true,"href":"https:\/\/vimaterial.de\/es\/wp-json\/wp\/v2\/media\/1004159"}],"wp:attachment":[{"href":"https:\/\/vimaterial.de\/es\/wp-json\/wp\/v2\/media?parent=1017367"}],"wp:term":[{"taxonomy":"product_brand","embeddable":true,"href":"https:\/\/vimaterial.de\/es\/wp-json\/wp\/v2\/product_brand?post=1017367"},{"taxonomy":"product_cat","embeddable":true,"href":"https:\/\/vimaterial.de\/es\/wp-json\/wp\/v2\/product_cat?post=1017367"},{"taxonomy":"product_tag","embeddable":true,"href":"https:\/\/vimaterial.de\/es\/wp-json\/wp\/v2\/product_tag?post=1017367"}],"curies":[{"name":"wp","href":"https:\/\/api.w.org\/{rel}","templated":true}]}}