{"id":1017348,"date":"2024-06-17T15:13:10","date_gmt":"2024-06-17T07:13:10","guid":{"rendered":"https:\/\/vimaterial.de\/product\/yoduro-de-germanio\/"},"modified":"2024-07-12T11:50:57","modified_gmt":"2024-07-12T03:50:57","slug":"yoduro-de-germanio","status":"publish","type":"product","link":"https:\/\/vimaterial.de\/es\/product\/yoduro-de-germanio\/","title":{"rendered":"Yoduro de germanio"},"content":{"rendered":"<p>Caracter\u00edsticaEl yoduro de germanio es un compuesto qu\u00edmico de germanio y yodo. Existen dos de estos compuestos: yoduro de germanio (II) GeI2 y yoduro de germanio (IV) GeI4.F\u00f3rmula qu\u00edmica:GeI4Peso molecular: 580.26Apariencia: polvoPunto de fusi\u00f3n: 146 \u00b0C (295 \u00b0F)Punto de ebullici\u00f3n: 350 \u00b0C (662 \u00b0F)Densidad: 4,32 g\/cm3Aplicaci\u00f3nEl yoduro de germanio (IV) es un bioqu\u00edmico para la investigaci\u00f3n prote\u00f3mica. Tambi\u00e9n se utiliza como intermediario primario y secundario.<\/p>\n","protected":false},"excerpt":{"rendered":"<p>Caracter\u00edsticaEl yoduro de germanio es un compuesto qu\u00edmico de germanio y yodo. Existen dos de estos compuestos: yoduro de germanio (II) GeI2 y yoduro de germanio (IV) GeI4.F\u00f3rmula qu\u00edmica:GeI4Peso molecular: 580.26Apariencia: polvoPunto de fusi\u00f3n: 146 \u00b0C (295 \u00b0F)Punto de ebullici\u00f3n: 350 \u00b0C (662 \u00b0F)Densidad: 4,32 g\/cm3Aplicaci\u00f3nEl yoduro de germanio (IV) es un bioqu\u00edmico para la [&hellip;]<\/p>\n","protected":false},"featured_media":1004166,"comment_status":"open","ping_status":"closed","template":"","meta":{"_acf_changed":false},"product_brand":[],"product_cat":[182],"product_tag":[],"class_list":{"0":"post-1017348","1":"product","2":"type-product","3":"status-publish","4":"has-post-thumbnail","6":"product_cat-materiales-halogenados","8":"first","9":"instock","10":"shipping-taxable","11":"product-type-variable"},"acf":[],"_links":{"self":[{"href":"https:\/\/vimaterial.de\/es\/wp-json\/wp\/v2\/product\/1017348","targetHints":{"allow":["GET"]}}],"collection":[{"href":"https:\/\/vimaterial.de\/es\/wp-json\/wp\/v2\/product"}],"about":[{"href":"https:\/\/vimaterial.de\/es\/wp-json\/wp\/v2\/types\/product"}],"replies":[{"embeddable":true,"href":"https:\/\/vimaterial.de\/es\/wp-json\/wp\/v2\/comments?post=1017348"}],"wp:featuredmedia":[{"embeddable":true,"href":"https:\/\/vimaterial.de\/es\/wp-json\/wp\/v2\/media\/1004166"}],"wp:attachment":[{"href":"https:\/\/vimaterial.de\/es\/wp-json\/wp\/v2\/media?parent=1017348"}],"wp:term":[{"taxonomy":"product_brand","embeddable":true,"href":"https:\/\/vimaterial.de\/es\/wp-json\/wp\/v2\/product_brand?post=1017348"},{"taxonomy":"product_cat","embeddable":true,"href":"https:\/\/vimaterial.de\/es\/wp-json\/wp\/v2\/product_cat?post=1017348"},{"taxonomy":"product_tag","embeddable":true,"href":"https:\/\/vimaterial.de\/es\/wp-json\/wp\/v2\/product_tag?post=1017348"}],"curies":[{"name":"wp","href":"https:\/\/api.w.org\/{rel}","templated":true}]}}