{"id":1017320,"date":"2024-06-17T15:14:01","date_gmt":"2024-06-17T07:14:01","guid":{"rendered":"https:\/\/vimaterial.de\/product\/oxido-de-germanio\/"},"modified":"2024-07-12T11:50:56","modified_gmt":"2024-07-12T03:50:56","slug":"oxido-de-germanio","status":"publish","type":"product","link":"https:\/\/vimaterial.de\/es\/product\/oxido-de-germanio\/","title":{"rendered":"\u00d3xido de germanio"},"content":{"rendered":"<p>Caracter\u00edsticaEl di\u00f3xido de germanio, tambi\u00e9n llamado \u00f3xido de germanio, germania y sal de germanio, es un compuesto inorg\u00e1nico con la f\u00f3rmula qu\u00edmica GeO2. Es la principal fuente comercial de germanio. Tambi\u00e9n se forma como una capa de pasivaci\u00f3n sobre el germanio puro en contacto con el ox\u00edgeno atmosf\u00e9rico. F\u00f3rmula qu\u00edmica:GeO2Masa molar:104.6388 g\/molApariencia:polvo blanco o cristales incolorosDensidad:4.228 g\/cm3Punto de fusi\u00f3n:1.115 \u00b0C (2.039 \u00b0F; 1.388 K)Solubilidad en agua:4.47 g\/L (25 \u00b0C) 10.7 g\/L (100 \u00b0C)Solubilidad:soluble en HF, insoluble en otros \u00e1cidos y \u00e1lcalisSusceptibilidad magn\u00e9tica (\u03c7):\u221234.3\u00b710\u22126 cm3\/mol\u00cdndice de refracci\u00f3n (nD):1.650Estructura cristalina:hexagonalAplicaci\u00f3nUtilizado como materia prima para la fabricaci\u00f3n de germanio met\u00e1lico y otros compuestos de germanio,  como catalizadores para la fabricaci\u00f3n de resinas de tereftalato de polietileno, as\u00ed como para an\u00e1lisis espectral y materiales semiconductores.<\/p>\n","protected":false},"excerpt":{"rendered":"<p>Caracter\u00edsticaEl di\u00f3xido de germanio, tambi\u00e9n llamado \u00f3xido de germanio, germania y sal de germanio, es un compuesto inorg\u00e1nico con la f\u00f3rmula qu\u00edmica GeO2. Es la principal fuente comercial de germanio. Tambi\u00e9n se forma como una capa de pasivaci\u00f3n sobre el germanio puro en contacto con el ox\u00edgeno atmosf\u00e9rico. F\u00f3rmula qu\u00edmica:GeO2Masa molar:104.6388 g\/molApariencia:polvo blanco o cristales [&hellip;]<\/p>\n","protected":false},"featured_media":1004181,"comment_status":"open","ping_status":"closed","template":"","meta":{"_acf_changed":false},"product_brand":[],"product_cat":[186],"product_tag":[],"class_list":{"0":"post-1017320","1":"product","2":"type-product","3":"status-publish","4":"has-post-thumbnail","6":"product_cat-materiales-de-oxido-hidroxido","8":"first","9":"instock","10":"shipping-taxable","11":"purchasable","12":"product-type-variable"},"acf":[],"_links":{"self":[{"href":"https:\/\/vimaterial.de\/es\/wp-json\/wp\/v2\/product\/1017320","targetHints":{"allow":["GET"]}}],"collection":[{"href":"https:\/\/vimaterial.de\/es\/wp-json\/wp\/v2\/product"}],"about":[{"href":"https:\/\/vimaterial.de\/es\/wp-json\/wp\/v2\/types\/product"}],"replies":[{"embeddable":true,"href":"https:\/\/vimaterial.de\/es\/wp-json\/wp\/v2\/comments?post=1017320"}],"wp:featuredmedia":[{"embeddable":true,"href":"https:\/\/vimaterial.de\/es\/wp-json\/wp\/v2\/media\/1004181"}],"wp:attachment":[{"href":"https:\/\/vimaterial.de\/es\/wp-json\/wp\/v2\/media?parent=1017320"}],"wp:term":[{"taxonomy":"product_brand","embeddable":true,"href":"https:\/\/vimaterial.de\/es\/wp-json\/wp\/v2\/product_brand?post=1017320"},{"taxonomy":"product_cat","embeddable":true,"href":"https:\/\/vimaterial.de\/es\/wp-json\/wp\/v2\/product_cat?post=1017320"},{"taxonomy":"product_tag","embeddable":true,"href":"https:\/\/vimaterial.de\/es\/wp-json\/wp\/v2\/product_tag?post=1017320"}],"curies":[{"name":"wp","href":"https:\/\/api.w.org\/{rel}","templated":true}]}}