{"id":1017277,"date":"2024-06-17T15:14:10","date_gmt":"2024-06-17T07:14:10","guid":{"rendered":"https:\/\/vimaterial.de\/product\/sulfuro-de-germanio-2\/"},"modified":"2024-10-11T13:46:13","modified_gmt":"2024-10-11T05:46:13","slug":"sulfuro-de-germanio-2","status":"publish","type":"product","link":"https:\/\/vimaterial.de\/es\/product\/sulfuro-de-germanio-2\/","title":{"rendered":"Sulfuro de germanio"},"content":{"rendered":"<p>El polvo de GeS es polvo de sulfuro de germanio.<\/p>\n<p>&nbsp;<\/p>\n<p>Informaci\u00f3n b\u00e1sica:<\/p>\n<p>&nbsp;<\/p>\n<p>F\u00f3rmula qu\u00edmica: GeS<\/p>\n<p>Peso molecular: 105.67<\/p>\n<p>Aspecto: Generalmente polvo negro o gris oscuro.<\/p>\n<p>Estructura cristalina: Tiene una estructura en capas, similar a la estructura de pliegue at\u00f3mico del f\u00f3sforo negro.<\/p>\n<p>Banda prohibida: es un material semiconductor con una banda prohibida en la regi\u00f3n de luz visible (alrededor de 1,65-1,8 eV).<\/p>\n<p>&nbsp;<\/p>\n<p>Punto de fusi\u00f3n y punto de ebullici\u00f3n: El punto de fusi\u00f3n es relativamente alto y el valor espec\u00edfico puede variar debido a factores como el m\u00e9todo de preparaci\u00f3n y la pureza; Los datos sobre los puntos de ebullici\u00f3n son relativamente raros.<\/p>\n<p>&nbsp;<\/p>\n<p>Propiedades qu\u00edmicas:<\/p>\n<p>&nbsp;<\/p>\n<p>Estabilidad: Relativamente estable a temperatura ambiente, pero pueden producirse reacciones qu\u00edmicas a alta temperatura, aire h\u00famedo o entornos qu\u00edmicos espec\u00edficos. Por ejemplo, cuando se calienta en el aire, puede oxidarse para producir sustancias como los \u00f3xidos de germanio y di\u00f3xido de azufre.<\/p>\n<p>&nbsp;<\/p>\n<p>Reactividad: puede reaccionar con algunos oxidantes fuertes, agentes reductores o productos qu\u00edmicos espec\u00edficos, la reacci\u00f3n espec\u00edfica depende de las condiciones de reacci\u00f3n y la naturaleza de los reactivos.<\/p>\n<p>&nbsp;<\/p>\n<p>M\u00e9todo de preparaci\u00f3n:<\/p>\n<p>&nbsp;<\/p>\n<p>M\u00e9todo de s\u00edntesis directa: el polvo de GeS se puede preparar mezclando polvo de germanio y polvo de azufre en una cierta proporci\u00f3n y reaccionando a alta temperatura y alta presi\u00f3n. Durante el proceso de reacci\u00f3n, par\u00e1metros como la temperatura, la presi\u00f3n y el tiempo de reacci\u00f3n deben controlarse estrictamente para garantizar la pureza y la calidad del producto.<\/p>\n<p>&nbsp;<\/p>\n<p>M\u00e9todo de deposici\u00f3n qu\u00edmica de vapor: utilizando compuestos de germanio y compuestos de azufre como precursores, las pel\u00edculas o polvos de GeS se cultivan en el sustrato mediante deposici\u00f3n qu\u00edmica de vapor bajo ciertas condiciones de temperatura y atm\u00f3sfera.<\/p>\n<p>&nbsp;<\/p>\n<p>Campo de aplicaci\u00f3n:<\/p>\n<p>&nbsp;<\/p>\n<p>Campo semiconductor: Debido a sus propiedades semiconductoras, el polvo de sulfuro de germanio se puede utilizar para preparar varios dispositivos semiconductores, como fotodetectores, c\u00e9lulas solares, etc.<\/p>\n<p>&nbsp;<\/p>\n<p>Investigaci\u00f3n en ciencia de materiales: Como un nuevo tipo de material en capas, el polvo de sulfuro de germanio est\u00e1 recibiendo atenci\u00f3n en la investigaci\u00f3n de ciencia de materiales, con investigadores que trabajan para explorar sus propiedades f\u00edsicas y qu\u00edmicas \u00fanicas, as\u00ed como sus posibles aplicaciones.<\/p>\n<p>&nbsp;<\/p>\n<p>Campo de almacenamiento de energ\u00eda: en bater\u00edas de iones de litio, bater\u00edas de iones de sodio y otros dispositivos de almacenamiento de energ\u00eda, el GeS como material de electrodo tiene cierto potencial de aplicaci\u00f3n y su estructura en capas puede proporcionar espacio para la inserci\u00f3n y eliminaci\u00f3n de iones, a fin de lograr el almacenamiento y la liberaci\u00f3n de carga.<\/p>\n","protected":false},"excerpt":{"rendered":"<p>El polvo de GeS es polvo de sulfuro de germanio.<\/p>\n<p>Campo semiconductor: Debido a sus propiedades semiconductoras, el polvo de sulfuro de germanio se puede utilizar para preparar varios dispositivos semiconductores, como fotodetectores, c\u00e9lulas solares, etc.<\/p>\n<p>Investigaci\u00f3n en ciencia de materiales: Como un nuevo tipo de material en capas, GeS est\u00e1 recibiendo atenci\u00f3n en la investigaci\u00f3n de ciencia de materiales, con investigadores que trabajan para explorar sus propiedades f\u00edsicas y qu\u00edmicas \u00fanicas, as\u00ed como sus posibles aplicaciones.<\/p>\n<p>&nbsp;<\/p>\n","protected":false},"featured_media":1004210,"comment_status":"open","ping_status":"closed","template":"","meta":{"_acf_changed":false},"product_brand":[],"product_cat":[181],"product_tag":[],"class_list":{"0":"post-1017277","1":"product","2":"type-product","3":"status-publish","4":"has-post-thumbnail","6":"product_cat-materiales-calcogenuros","8":"first","9":"instock","10":"shipping-taxable","11":"purchasable","12":"product-type-variable"},"acf":[],"_links":{"self":[{"href":"https:\/\/vimaterial.de\/es\/wp-json\/wp\/v2\/product\/1017277","targetHints":{"allow":["GET"]}}],"collection":[{"href":"https:\/\/vimaterial.de\/es\/wp-json\/wp\/v2\/product"}],"about":[{"href":"https:\/\/vimaterial.de\/es\/wp-json\/wp\/v2\/types\/product"}],"replies":[{"embeddable":true,"href":"https:\/\/vimaterial.de\/es\/wp-json\/wp\/v2\/comments?post=1017277"}],"wp:featuredmedia":[{"embeddable":true,"href":"https:\/\/vimaterial.de\/es\/wp-json\/wp\/v2\/media\/1004210"}],"wp:attachment":[{"href":"https:\/\/vimaterial.de\/es\/wp-json\/wp\/v2\/media?parent=1017277"}],"wp:term":[{"taxonomy":"product_brand","embeddable":true,"href":"https:\/\/vimaterial.de\/es\/wp-json\/wp\/v2\/product_brand?post=1017277"},{"taxonomy":"product_cat","embeddable":true,"href":"https:\/\/vimaterial.de\/es\/wp-json\/wp\/v2\/product_cat?post=1017277"},{"taxonomy":"product_tag","embeddable":true,"href":"https:\/\/vimaterial.de\/es\/wp-json\/wp\/v2\/product_tag?post=1017277"}],"curies":[{"name":"wp","href":"https:\/\/api.w.org\/{rel}","templated":true}]}}