{"id":1017270,"date":"2024-06-17T15:14:06","date_gmt":"2024-06-17T07:14:06","guid":{"rendered":"https:\/\/vimaterial.de\/product\/sulfuro-de-germanio\/"},"modified":"2024-10-11T13:25:36","modified_gmt":"2024-10-11T05:25:36","slug":"sulfuro-de-germanio","status":"publish","type":"product","link":"https:\/\/vimaterial.de\/es\/product\/sulfuro-de-germanio\/","title":{"rendered":"Sulfuro de germanio"},"content":{"rendered":"<p>Las part\u00edculas de sulfuro de germanio son part\u00edculas compuestas por elementos de germanio y azufre.<\/p>\n<p>&nbsp;<\/p>\n<p>Propiedades f\u00edsicas:<\/p>\n<p>&nbsp;<\/p>\n<p>Aspecto: Cristal generalmente de color marr\u00f3n rojizo. Densidad: Relativamente grande, alrededor de 3,78 g\/cm\u00b3 (25 \u00b0 C). Punto de fusi\u00f3n: alto, entre 625\u00b0C-665\u00b0C.<\/p>\n<p>&nbsp;<\/p>\n<p>Propiedades qu\u00edmicas:<\/p>\n<p>&nbsp;<\/p>\n<p>Estabilidad: Relativamente estable a temperatura ambiente, pero f\u00e1cil de cambiar a altas temperaturas, como la sublimaci\u00f3n y la oxidaci\u00f3n. Es insoluble en agua y \u00e1cidos inorg\u00e1nicos (incluidos los \u00e1cidos fuertes), pero es f\u00e1cilmente soluble en bases calientes y tambi\u00e9n puede disolverse en amon\u00edaco o sulfuro de diamina para formar germanioimida.<\/p>\n<p>&nbsp;<\/p>\n<p>Estructura cristalina: El sulfuro de germanio tiene una variedad de estructuras cristalinas, que pueden ser cristales monocl\u00ednicos, cristales ortogonales, etc. Esta estructura cristalina determina sus propiedades el\u00e9ctricas y \u00f3pticas.<\/p>\n<p>&nbsp;<\/p>\n<p>M\u00e9todo de preparaci\u00f3n: Principalmente a trav\u00e9s de la reacci\u00f3n de polvo de germanio y vapor de azufre o mezcla de sulfuro de hidr\u00f3geno y azufre. Las condiciones de reacci\u00f3n, como la temperatura y la proporci\u00f3n de gases, tienen efectos importantes en la calidad y las propiedades de las part\u00edculas de sulfuro de germanio.<\/p>\n<p>&nbsp;<\/p>\n<p>Campo de aplicaci\u00f3n:<\/p>\n<p>&nbsp;<\/p>\n<p>Campo semiconductor: Como material semiconductor, se puede utilizar para fabricar dispositivos semiconductores y tiene cierto potencial de aplicaci\u00f3n en sensores fotoel\u00e9ctricos, detectores infrarrojos, etc.<\/p>\n<p>&nbsp;<\/p>\n<p>Campo de la bater\u00eda: Debido a su cierto rendimiento electroqu\u00edmico, puede desempe\u00f1ar un papel en la expansi\u00f3n de la capacidad y el aumento del almacenamiento en dispositivos de almacenamiento de energ\u00eda como bater\u00edas de iones de litio y supercondensadores.<\/p>\n<p>&nbsp;<\/p>\n<p>Campo catalizador: se puede utilizar como catalizador en algunas reacciones qu\u00edmicas, como craqueo catal\u00edtico, hidrocraqueo y otras reacciones, y tiene un buen rendimiento antienvenenamiento.<\/p>\n","protected":false},"excerpt":{"rendered":"<p>Las part\u00edculas de sulfuro de germanio son part\u00edculas compuestas por elementos de germanio y azufre.<\/p>\n<p>Campo semiconductor: Como material semiconductor, se puede utilizar para fabricar dispositivos semiconductores y tiene cierto potencial de aplicaci\u00f3n en sensores fotoel\u00e9ctricos, detectores infrarrojos, etc.<\/p>\n<p>Campo de la bater\u00eda: Debido a su cierto rendimiento electroqu\u00edmico, puede desempe\u00f1ar un papel en la expansi\u00f3n de la capacidad y el aumento del almacenamiento en dispositivos de almacenamiento de energ\u00eda como bater\u00edas de iones de litio y supercondensadores.<\/p>\n","protected":false},"featured_media":1004210,"comment_status":"open","ping_status":"closed","template":"","meta":{"_acf_changed":false},"product_brand":[],"product_cat":[179],"product_tag":[],"class_list":{"0":"post-1017270","1":"product","2":"type-product","3":"status-publish","4":"has-post-thumbnail","6":"product_cat-materiales-de-evaporacion","8":"first","9":"instock","10":"shipping-taxable","11":"product-type-variable"},"acf":[],"_links":{"self":[{"href":"https:\/\/vimaterial.de\/es\/wp-json\/wp\/v2\/product\/1017270","targetHints":{"allow":["GET"]}}],"collection":[{"href":"https:\/\/vimaterial.de\/es\/wp-json\/wp\/v2\/product"}],"about":[{"href":"https:\/\/vimaterial.de\/es\/wp-json\/wp\/v2\/types\/product"}],"replies":[{"embeddable":true,"href":"https:\/\/vimaterial.de\/es\/wp-json\/wp\/v2\/comments?post=1017270"}],"wp:featuredmedia":[{"embeddable":true,"href":"https:\/\/vimaterial.de\/es\/wp-json\/wp\/v2\/media\/1004210"}],"wp:attachment":[{"href":"https:\/\/vimaterial.de\/es\/wp-json\/wp\/v2\/media?parent=1017270"}],"wp:term":[{"taxonomy":"product_brand","embeddable":true,"href":"https:\/\/vimaterial.de\/es\/wp-json\/wp\/v2\/product_brand?post=1017270"},{"taxonomy":"product_cat","embeddable":true,"href":"https:\/\/vimaterial.de\/es\/wp-json\/wp\/v2\/product_cat?post=1017270"},{"taxonomy":"product_tag","embeddable":true,"href":"https:\/\/vimaterial.de\/es\/wp-json\/wp\/v2\/product_tag?post=1017270"}],"curies":[{"name":"wp","href":"https:\/\/api.w.org\/{rel}","templated":true}]}}