{"id":1017264,"date":"2024-06-17T15:10:41","date_gmt":"2024-06-17T07:10:41","guid":{"rendered":"https:\/\/vimaterial.de\/product\/yoduro-de-galio\/"},"modified":"2024-07-12T11:59:56","modified_gmt":"2024-07-12T03:59:56","slug":"yoduro-de-galio","status":"publish","type":"product","link":"https:\/\/vimaterial.de\/es\/product\/yoduro-de-galio\/","title":{"rendered":"Yoduro de galio"},"content":{"rendered":"<p>Caracter\u00edsticaEl yoduro de galio (III) es el compuesto qu\u00edmico con la f\u00f3rmula GaI3. Es el yoduro m\u00e1s com\u00fan de galio. En el m\u00e9todo de transporte qu\u00edmico de vapor para cultivar cristales de arseniuro de galio utiliza yodo como agente transportador. F\u00f3rmula qu\u00edmica:GaI3Masa molar:450.436 g\/molApariencia:polvo amarillo claroDensidad:4.15 g\/cm3Punto de fusi\u00f3n:212 \u00b0C (414 \u00b0F; 485 K)Punto de ebullici\u00f3n:345 \u00b0C (653 \u00b0F; 618 K)Solubilidad en agua:descomponeSusceptibilidad magn\u00e9tica (\u03c7):\u2212149.0\u00b710\u22126cm3\/mol<\/p>\n","protected":false},"excerpt":{"rendered":"<p>Caracter\u00edsticaEl yoduro de galio (III) es el compuesto qu\u00edmico con la f\u00f3rmula GaI3. Es el yoduro m\u00e1s com\u00fan de galio. En el m\u00e9todo de transporte qu\u00edmico de vapor para cultivar cristales de arseniuro de galio utiliza yodo como agente transportador. F\u00f3rmula qu\u00edmica:GaI3Masa molar:450.436 g\/molApariencia:polvo amarillo claroDensidad:4.15 g\/cm3Punto de fusi\u00f3n:212 \u00b0C (414 \u00b0F; 485 K)Punto de [&hellip;]<\/p>\n","protected":false},"featured_media":1004029,"comment_status":"open","ping_status":"closed","template":"","meta":{"_acf_changed":false},"product_brand":[],"product_cat":[182],"product_tag":[],"class_list":{"0":"post-1017264","1":"product","2":"type-product","3":"status-publish","4":"has-post-thumbnail","6":"product_cat-materiales-halogenados","8":"first","9":"instock","10":"shipping-taxable","11":"purchasable","12":"product-type-variable"},"acf":[],"_links":{"self":[{"href":"https:\/\/vimaterial.de\/es\/wp-json\/wp\/v2\/product\/1017264","targetHints":{"allow":["GET"]}}],"collection":[{"href":"https:\/\/vimaterial.de\/es\/wp-json\/wp\/v2\/product"}],"about":[{"href":"https:\/\/vimaterial.de\/es\/wp-json\/wp\/v2\/types\/product"}],"replies":[{"embeddable":true,"href":"https:\/\/vimaterial.de\/es\/wp-json\/wp\/v2\/comments?post=1017264"}],"wp:featuredmedia":[{"embeddable":true,"href":"https:\/\/vimaterial.de\/es\/wp-json\/wp\/v2\/media\/1004029"}],"wp:attachment":[{"href":"https:\/\/vimaterial.de\/es\/wp-json\/wp\/v2\/media?parent=1017264"}],"wp:term":[{"taxonomy":"product_brand","embeddable":true,"href":"https:\/\/vimaterial.de\/es\/wp-json\/wp\/v2\/product_brand?post=1017264"},{"taxonomy":"product_cat","embeddable":true,"href":"https:\/\/vimaterial.de\/es\/wp-json\/wp\/v2\/product_cat?post=1017264"},{"taxonomy":"product_tag","embeddable":true,"href":"https:\/\/vimaterial.de\/es\/wp-json\/wp\/v2\/product_tag?post=1017264"}],"curies":[{"name":"wp","href":"https:\/\/api.w.org\/{rel}","templated":true}]}}