{"id":1017200,"date":"2024-06-17T15:11:32","date_gmt":"2024-06-17T07:11:32","guid":{"rendered":"https:\/\/vimaterial.de\/product\/fosfuro-de-galio-3\/"},"modified":"2024-07-12T11:49:44","modified_gmt":"2024-07-12T03:49:44","slug":"fosfuro-de-galio-3","status":"publish","type":"product","link":"https:\/\/vimaterial.de\/es\/product\/fosfuro-de-galio-3\/","title":{"rendered":"Fosfuro de galio"},"content":{"rendered":"<p>Caracter\u00edsticaEl fosfuro de galio (GaP), un fosfuro de galio, es un material semiconductor compuesto con una banda prohibida indirecta de 2,24 eV a temperatura ambiente. El material policristalino impuro tiene la apariencia de piezas de color naranja p\u00e1lido o gris\u00e1ceo. Los monocristales no dopados son de color naranja, pero las obleas fuertemente dopadas parecen m\u00e1s oscuras debido a la absorci\u00f3n de portadores libres. Es inodoro e insoluble en agua. F\u00f3rmula qu\u00edmica:GaPMombra olar:100.697 g \/ molApariencia:s\u00f3lido naranja p\u00e1lidoOlor:inodoroDensidad:4.138 g\/cm3Punto de fusi\u00f3n:1.457 \u00b0C (2.655 \u00b0F; 1.730 K)Solubilidad en agua:insolubleBanda prohibida:2.24 eV (indirecta, 300 K)Movilidad electr\u00f3nica:300 cm2\/(V\u00b7s) (300 K)Susceptibilidad magn\u00e9tica (\u03c7):-13.8\u00d710\u22126 cgsConductividad t\u00e9rmica:0.752 W\/(cm\u00b7K) (300 K)\u00cdndice de refracci\u00f3n (nD):2.964 (10 \u03bcm), 3.209 (775 nm), 3.590 (500 nm), 5.05 (354 nm)Estructura cristalina:Blenda de zincAplicaci\u00f3nEl azufre o el telurio se utilizan como dopantes para Producir semiconductores de tipo n. El zinc se utiliza como dopante para el semiconductor de tipo p.<\/p>\n","protected":false},"excerpt":{"rendered":"<p>Caracter\u00edsticaEl fosfuro de galio (GaP), un fosfuro de galio, es un material semiconductor compuesto con una banda prohibida indirecta de 2,24 eV a temperatura ambiente. El material policristalino impuro tiene la apariencia de piezas de color naranja p\u00e1lido o gris\u00e1ceo. Los monocristales no dopados son de color naranja, pero las obleas fuertemente dopadas parecen m\u00e1s [&hellip;]<\/p>\n","protected":false},"featured_media":1004064,"comment_status":"open","ping_status":"closed","template":"","meta":{"_acf_changed":false},"product_brand":[],"product_cat":[194],"product_tag":[],"class_list":{"0":"post-1017200","1":"product","2":"type-product","3":"status-publish","4":"has-post-thumbnail","6":"product_cat-materiales-fosforados","8":"first","9":"instock","10":"shipping-taxable","11":"purchasable","12":"product-type-variable"},"acf":[],"_links":{"self":[{"href":"https:\/\/vimaterial.de\/es\/wp-json\/wp\/v2\/product\/1017200","targetHints":{"allow":["GET"]}}],"collection":[{"href":"https:\/\/vimaterial.de\/es\/wp-json\/wp\/v2\/product"}],"about":[{"href":"https:\/\/vimaterial.de\/es\/wp-json\/wp\/v2\/types\/product"}],"replies":[{"embeddable":true,"href":"https:\/\/vimaterial.de\/es\/wp-json\/wp\/v2\/comments?post=1017200"}],"wp:featuredmedia":[{"embeddable":true,"href":"https:\/\/vimaterial.de\/es\/wp-json\/wp\/v2\/media\/1004064"}],"wp:attachment":[{"href":"https:\/\/vimaterial.de\/es\/wp-json\/wp\/v2\/media?parent=1017200"}],"wp:term":[{"taxonomy":"product_brand","embeddable":true,"href":"https:\/\/vimaterial.de\/es\/wp-json\/wp\/v2\/product_brand?post=1017200"},{"taxonomy":"product_cat","embeddable":true,"href":"https:\/\/vimaterial.de\/es\/wp-json\/wp\/v2\/product_cat?post=1017200"},{"taxonomy":"product_tag","embeddable":true,"href":"https:\/\/vimaterial.de\/es\/wp-json\/wp\/v2\/product_tag?post=1017200"}],"curies":[{"name":"wp","href":"https:\/\/api.w.org\/{rel}","templated":true}]}}