{"id":1017170,"date":"2024-06-17T14:56:34","date_gmt":"2024-06-17T06:56:34","guid":{"rendered":"https:\/\/vimaterial.de\/product\/cobre-telluride-6\/"},"modified":"2025-04-11T17:06:38","modified_gmt":"2025-04-11T09:06:38","slug":"cobre-telluride-6","status":"publish","type":"product","link":"https:\/\/vimaterial.de\/es\/product\/cobre-telluride-6\/","title":{"rendered":"Telururo de cobre"},"content":{"rendered":"<p>Los terrones <span style=\"color: #0000ff;\"><a style=\"color: #0000ff;\" href=\"https:\/\/vimaterial.de\/es\/product\/cobre-telluride-5\/\">de telururo de cobre<\/a><\/span> son compuestos grumosos formados por cobre y telurio, generalmente de apariencia negra o gris, con propiedades semiconductoras, que tienen aplicaciones potenciales en los campos de materiales termoel\u00e9ctricos, materiales fotovoltaicos y dispositivos electr\u00f3nicos, y deben almacenarse en un entorno adecuado para mantener sus propiedades estables.<\/p>\n<p>VIMATERIAL suministra terrones de telururo de cobre de alta pureza, suministramos terrones de telururo de cobre con un rendimiento estable y un bajo contenido de impurezas, contamos con un equipo t\u00e9cnico profesional, <span style=\"color: #0000ff;\"><a style=\"color: #0000ff;\" href=\"https:\/\/vimaterial.de\/es\/contacto\/\">cont\u00e1ctenos<\/a><\/span> si lo necesita.<\/p>\n<h2><span style=\"font-size: 14pt;\">Propiedades f\u00edsicas<\/span><\/h2>\n<p>F\u00f3rmula anal\u00edtica: Cu\u2082Te<\/p>\n<p>Peso molecular: 254.692g\/mol<\/p>\n<p>Aspecto: generalmente grumoso, el color puede ser gris-negro, con cierto brillo met\u00e1lico.<\/p>\n<p>Densidad: aprox. 7,27 g\/cm\u00b3.<\/p>\n<p>Punto de fusi\u00f3n: 900 \u00b0C<\/p>\n<p>Estructura cristalina: El Cu\u2082Te tiene una estructura cristalina espec\u00edfica, perteneciente al sistema cristalino tetragonal. Los \u00e1tomos de cobre y telurio en la estructura cristalina est\u00e1n dispuestos de acuerdo con un cierto patr\u00f3n, y los \u00e1tomos de cobre y telurio interact\u00faan entre s\u00ed a trav\u00e9s de enlaces qu\u00edmicos para formar una estructura cristalina estable, lo que le da al Cu\u2082Te ciertas propiedades f\u00edsicas y qu\u00edmicas, y hace que muestre propiedades \u00fanicas en electricidad, \u00f3ptica y otros aspectos.<\/p>\n<h2><span style=\"font-size: 14pt;\">Aplicaciones<\/span><\/h2>\n<p>Campo de c\u00e9lulas solares: se puede utilizar como una materia prima importante para la preparaci\u00f3n de c\u00e9lulas solares de pel\u00edcula delgada de alto rendimiento, como las c\u00e9lulas solares de seleniuro de cobre, indio y galio, que ayudan a mejorar la eficiencia de conversi\u00f3n fotoel\u00e9ctrica de la bater\u00eda.<\/p>\n<p>Materiales termoel\u00e9ctricos: En los materiales termoel\u00e9ctricos, las propiedades termoel\u00e9ctricas se pueden optimizar mediante la formaci\u00f3n de nanocristales, etc., para lograr una interconversi\u00f3n eficiente de calor y electricidad.<\/p>\n<p>Dispositivos nanoelectr\u00f3nicos: Debido a su alta conductividad el\u00e9ctrica y fotorreactividad, CuTe se puede utilizar para fabricar dispositivos nanoelectr\u00f3nicos, como fotodetectores de alto rendimiento.<\/p>\n<p>Fabricaci\u00f3n industrial: El telurio en terrones de Cu\u2082Te puede mejorar la trabajabilidad del cobre, por lo que los terrones de Cu\u2082Te se pueden utilizar como materia prima industrial para mejorar la trabajabilidad de los productos de cobre.<\/p>\n<h2><span style=\"font-size: 14pt;\">Control de calidad<\/span><\/h2>\n<p><span style=\"color: #0000ff;\"><a style=\"color: #0000ff;\" href=\"https:\/\/vimaterial.de\/es\/control-de-calidad\/\">Cada lote<\/a><\/span> de productos implementa el sistema de control de calidad m\u00e1s estricto, hemos completado los registros de productos, la trazabilidad del producto con una estricta garant\u00eda de calidad. Tenemos un proceso completo para el manejo de productos no conformes, y no fluiremos los productos no conformes al siguiente proceso. Proporcionamos muestras para la reinspecci\u00f3n de los clientes, y tambi\u00e9n apoyamos a las organizaciones de inspecci\u00f3n de terceros designadas por los clientes.<\/p>\n<h2><span style=\"font-size: 14pt;\">Embalaje y almacenamiento<\/span><\/h2>\n<p>Los trozos de telururo de cobre se envasan en bolsas de vac\u00edo dobles o bolsas dobles y luego en botellas. La unidad m\u00ednima de envasado es de 100 g\/botella.<\/p>\n<p>Los terrones de telururo de cobre deben almacenarse en un ambiente seco, fresco, bien ventilado y sellado, evitando el contacto con aire h\u00famedo, \u00e1cidos fuertes, bases fuertes y sustancias oxidantes, y evitando impactos f\u00edsicos violentos para mantener la estabilidad de sus propiedades f\u00edsicas y qu\u00edmicas.<\/p>\n","protected":false},"excerpt":{"rendered":"<p>Los terrones <span style=\"color: #0000ff;\"><a style=\"color: #0000ff;\" href=\"https:\/\/vimaterial.de\/es\/product\/cobre-telluride-5\/\">de telururo de cobre<\/a><\/span> son compuestos grumosos formados por cobre y telurio, generalmente de apariencia negra o gris, con propiedades semiconductoras, que tienen aplicaciones potenciales en los campos de materiales termoel\u00e9ctricos, materiales fotovoltaicos y dispositivos electr\u00f3nicos, y deben almacenarse en un entorno adecuado para mantener sus propiedades estables.<\/p>\n","protected":false},"featured_media":1003018,"comment_status":"open","ping_status":"closed","template":"","meta":{"_acf_changed":false},"product_brand":[],"product_cat":[179],"product_tag":[],"class_list":{"0":"post-1017170","1":"product","2":"type-product","3":"status-publish","4":"has-post-thumbnail","6":"product_cat-materiales-de-evaporacion","8":"first","9":"instock","10":"shipping-taxable","11":"product-type-variable"},"acf":[],"_links":{"self":[{"href":"https:\/\/vimaterial.de\/es\/wp-json\/wp\/v2\/product\/1017170","targetHints":{"allow":["GET"]}}],"collection":[{"href":"https:\/\/vimaterial.de\/es\/wp-json\/wp\/v2\/product"}],"about":[{"href":"https:\/\/vimaterial.de\/es\/wp-json\/wp\/v2\/types\/product"}],"replies":[{"embeddable":true,"href":"https:\/\/vimaterial.de\/es\/wp-json\/wp\/v2\/comments?post=1017170"}],"wp:featuredmedia":[{"embeddable":true,"href":"https:\/\/vimaterial.de\/es\/wp-json\/wp\/v2\/media\/1003018"}],"wp:attachment":[{"href":"https:\/\/vimaterial.de\/es\/wp-json\/wp\/v2\/media?parent=1017170"}],"wp:term":[{"taxonomy":"product_brand","embeddable":true,"href":"https:\/\/vimaterial.de\/es\/wp-json\/wp\/v2\/product_brand?post=1017170"},{"taxonomy":"product_cat","embeddable":true,"href":"https:\/\/vimaterial.de\/es\/wp-json\/wp\/v2\/product_cat?post=1017170"},{"taxonomy":"product_tag","embeddable":true,"href":"https:\/\/vimaterial.de\/es\/wp-json\/wp\/v2\/product_tag?post=1017170"}],"curies":[{"name":"wp","href":"https:\/\/api.w.org\/{rel}","templated":true}]}}