{"id":1017161,"date":"2024-06-17T14:56:30","date_gmt":"2024-06-17T06:56:30","guid":{"rendered":"https:\/\/vimaterial.de\/product\/cobre-telluride-5\/"},"modified":"2025-04-11T17:19:30","modified_gmt":"2025-04-11T09:19:30","slug":"cobre-telluride-5","status":"publish","type":"product","link":"https:\/\/vimaterial.de\/es\/product\/cobre-telluride-5\/","title":{"rendered":"Telururo de cobre"},"content":{"rendered":"<p>Los gr\u00e1nulos <span style=\"color: #0000ff;\"><a style=\"color: #0000ff;\" href=\"https:\/\/vimaterial.de\/es\/product\/seleniuro-de-cobre\/\">de teluro de cobre<\/a><\/span> son part\u00edculas s\u00f3lidas compuestas de cobre y telurio, a menudo de apariencia negra o gris, con una cierta estructura cristalina, que tiene aplicaciones potenciales en termoelectricidad, optoelectr\u00f3nica y otros campos.<\/p>\n<p>VIMATERIAL suministra gr\u00e1nulos de telururo de cobre con varias purezas, nuestros productos son baratos, en stock, tiempo de entrega corto, rendimiento estable, alta pureza, baja impureza, alta tasa de repedido. Contamos con un equipo profesional de investigaci\u00f3n y desarrollo de tecnolog\u00eda, si tiene alguna pregunta, <span style=\"color: #3366ff;\"><a style=\"color: #3366ff;\" href=\"https:\/\/vimaterial.de\/es\/contacto\/\">cont\u00e1ctenos.<\/a><\/span><\/p>\n<h2><span style=\"font-size: 14pt;\">Propiedades f\u00edsicas<\/span><\/h2>\n<p>F\u00f3rmula molecular: Cu\u2082Te<\/p>\n<p>Peso molecular: 254.692 g\/mol<\/p>\n<p>Aspecto: generalmente gr\u00e1nulos azules<\/p>\n<p>Punto de fusi\u00f3n: alrededor de 900 \u00b0C<\/p>\n<p>Estructura cristalina: Sistema cristalino hexagonal<\/p>\n<h2><span style=\"font-size: 14pt;\">Aplicaciones<\/span><\/h2>\n<p>Campo de semiconductores: Se puede utilizar en la fabricaci\u00f3n de dispositivos semiconductores de alto rendimiento para mejorar el rendimiento el\u00e9ctrico de los dispositivos.<\/p>\n<p>Materiales optoelectr\u00f3nicos: Las part\u00edculas de Cu\u2082Te se pueden utilizar para mejorar la eficiencia de conversi\u00f3n fotoel\u00e9ctrica de los materiales optoelectr\u00f3nicos y se pueden utilizar en la preparaci\u00f3n de dispositivos optoelectr\u00f3nicos.<\/p>\n<p>Materiales termoel\u00e9ctricos: como parte importante de los materiales termoel\u00e9ctricos, puede lograr la conversi\u00f3n mutua de energ\u00eda t\u00e9rmica y energ\u00eda el\u00e9ctrica, y tiene perspectivas de aplicaci\u00f3n en la generaci\u00f3n de energ\u00eda por diferencia de temperatura y refrigeraci\u00f3n.<\/p>\n<p>C\u00e9lulas solares: Las part\u00edculas de Cu\u2082Te aleadas con CdTe pueden formar heterouniones, que pueden utilizarse en las c\u00e9lulas solares para mejorar el rendimiento y la eficiencia de las c\u00e9lulas.<\/p>\n<h2><span style=\"font-size: 14pt;\">Control de calidad<\/span><\/h2>\n<p><span style=\"color: #3366ff;\"><a style=\"color: #3366ff;\" href=\"https:\/\/vimaterial.de\/es\/control-de-calidad\/\">Cada lote<\/a><\/span> de productos implementa el sistema de control de calidad m\u00e1s estricto, hemos completado los registros de productos, la trazabilidad del producto con una estricta garant\u00eda de calidad. Tenemos un proceso completo para el manejo de productos no conformes, y no fluiremos los productos no conformes al siguiente proceso. Proporcionamos muestras para la reinspecci\u00f3n de los clientes, y tambi\u00e9n apoyamos a las organizaciones de inspecci\u00f3n de terceros designadas por los clientes.<\/p>\n<h2><span style=\"font-size: 14pt;\">Embalaje y almacenamiento<\/span><\/h2>\n<p>Los gr\u00e1nulos de telururo de cobre se envasan en bolsas de doble vac\u00edo o botellas de doble vac\u00edo con una unidad de embalaje m\u00ednima de 100 g\/botella.<\/p>\n<p>Los gr\u00e1nulos de telururo de cobre deben almacenarse en un ambiente seco, fresco y bien ventilado, sellados y preferiblemente protegidos por gas inerte, evitando el contacto con el aire, la humedad, los \u00e1cidos fuertes y los agentes oxidantes fuertes para evitar cambios en las propiedades debido a la oxidaci\u00f3n, delicuescencia o reacciones qu\u00edmicas.<\/p>\n","protected":false},"excerpt":{"rendered":"<p>Los gr\u00e1nulos <span style=\"color: #0000ff;\"><a style=\"color: #0000ff;\" href=\"https:\/\/vimaterial.de\/es\/product\/seleniuro-de-cobre\/\">de teluro de cobre<\/a><\/span> son part\u00edculas s\u00f3lidas compuestas de cobre y telurio, a menudo de apariencia negra o gris, con una cierta estructura cristalina, que tiene aplicaciones potenciales en termoelectricidad, optoelectr\u00f3nica y otros campos.<\/p>\n<p>VIMATERIAL suministra gr\u00e1nulos de telururo de cobre con varias purezas, nuestros productos son baratos, en stock, tiempo de entrega corto, rendimiento estable, alta pureza, baja impureza, alta tasa de repedido. Contamos con un equipo profesional de investigaci\u00f3n y desarrollo de tecnolog\u00eda, si tiene alguna pregunta, <span style=\"color: #3366ff;\"><a style=\"color: #3366ff;\" href=\"https:\/\/vimaterial.de\/es\/contacto\/\">cont\u00e1ctenos.<\/a><\/span><\/p>\n","protected":false},"featured_media":1003018,"comment_status":"open","ping_status":"closed","template":"","meta":{"_acf_changed":false},"product_brand":[],"product_cat":[179],"product_tag":[],"class_list":{"0":"post-1017161","1":"product","2":"type-product","3":"status-publish","4":"has-post-thumbnail","6":"product_cat-materiales-de-evaporacion","8":"first","9":"instock","10":"shipping-taxable","11":"product-type-variable"},"acf":[],"_links":{"self":[{"href":"https:\/\/vimaterial.de\/es\/wp-json\/wp\/v2\/product\/1017161","targetHints":{"allow":["GET"]}}],"collection":[{"href":"https:\/\/vimaterial.de\/es\/wp-json\/wp\/v2\/product"}],"about":[{"href":"https:\/\/vimaterial.de\/es\/wp-json\/wp\/v2\/types\/product"}],"replies":[{"embeddable":true,"href":"https:\/\/vimaterial.de\/es\/wp-json\/wp\/v2\/comments?post=1017161"}],"wp:featuredmedia":[{"embeddable":true,"href":"https:\/\/vimaterial.de\/es\/wp-json\/wp\/v2\/media\/1003018"}],"wp:attachment":[{"href":"https:\/\/vimaterial.de\/es\/wp-json\/wp\/v2\/media?parent=1017161"}],"wp:term":[{"taxonomy":"product_brand","embeddable":true,"href":"https:\/\/vimaterial.de\/es\/wp-json\/wp\/v2\/product_brand?post=1017161"},{"taxonomy":"product_cat","embeddable":true,"href":"https:\/\/vimaterial.de\/es\/wp-json\/wp\/v2\/product_cat?post=1017161"},{"taxonomy":"product_tag","embeddable":true,"href":"https:\/\/vimaterial.de\/es\/wp-json\/wp\/v2\/product_tag?post=1017161"}],"curies":[{"name":"wp","href":"https:\/\/api.w.org\/{rel}","templated":true}]}}