{"id":1017146,"date":"2024-06-17T14:56:34","date_gmt":"2024-06-17T06:56:34","guid":{"rendered":"https:\/\/vimaterial.de\/product\/cobre-telluride-4\/"},"modified":"2025-04-11T16:59:04","modified_gmt":"2025-04-11T08:59:04","slug":"cobre-telluride-4","status":"publish","type":"product","link":"https:\/\/vimaterial.de\/es\/product\/cobre-telluride-4\/","title":{"rendered":"Telururo de cobre"},"content":{"rendered":"<p><span style=\"color: #0000ff;\"><a style=\"color: #0000ff;\" href=\"https:\/\/vimaterial.de\/es\/product\/cobre-telluride-6\/\">Telururo de cobre<\/a><\/span> El polvo es un polvo compuesto formado por cobre y telurio, generalmente de color negro o gris-negro, con propiedades semiconductoras y tama\u00f1o de part\u00edcula fino, que desempe\u00f1a un papel importante en los campos de la optoelectr\u00f3nica, la termoel\u00e9ctrica y los materiales electr\u00f3nicos.<\/p>\n<p>VIMATERIAL suministra polvo de telururo de cobre en una amplia gama de pureza, nuestro tama\u00f1o de part\u00edcula de polvo de telururo de cobre se puede personalizar y se puede pedir en peque\u00f1as cantidades. Nuestros productos son baratos y estables, tenemos suficiente suministro y stock, corto plazo de ejecuci\u00f3n, <span style=\"color: #0000ff;\"><a style=\"color: #0000ff;\" href=\"https:\/\/vimaterial.de\/es\/contacto\/\">cont\u00e1ctenos<\/a><\/span> si lo necesita.<\/p>\n<h2><span style=\"font-size: 14pt;\">Propiedades f\u00edsicas<\/span><\/h2>\n<p>F\u00f3rmula molecular: Cu\u2082Te<\/p>\n<p>Peso molecular: 254.692<\/p>\n<p>Aspecto: generalmente polvo o cristal negro o azul-negro<\/p>\n<p>Densidad: aprox. 7,27 g\/cm\u00b3.<\/p>\n<p>Estructura cristalina: Su estructura cristalina es complicada, generalmente pertenece al sistema cristalino hexagonal o al sistema cristalino c\u00fabico.<\/p>\n<h2><span style=\"font-size: 14pt;\">Aplicaciones<\/span><\/h2>\n<p>Campo optoelectr\u00f3nico: se puede utilizar para preparar fotodetectores, que pueden convertir de manera eficiente las se\u00f1ales \u00f3pticas en se\u00f1ales el\u00e9ctricas para mejorar la sensibilidad y la velocidad de respuesta de la detecci\u00f3n en virtud de sus propiedades fotoel\u00e9ctricas \u00fanicas.<\/p>\n<p>Campo termoel\u00e9ctrico: En la aplicaci\u00f3n de materiales termoel\u00e9ctricos, los elementos termoel\u00e9ctricos se pueden fabricar optimizando formulaciones y procesos, logrando una conversi\u00f3n efectiva de calor y electricidad y ayudando al reciclaje del calor residual.<\/p>\n<p>Campo de semiconductores: Como componente importante de los materiales semiconductores, puede participar en la fabricaci\u00f3n de dispositivos semiconductores, como en una estructura de heterouni\u00f3n espec\u00edfica, ajustando las caracter\u00edsticas de transporte del portador para mejorar el rendimiento del dispositivo.<\/p>\n<p>En el campo de los materiales electr\u00f3nicos, se puede utilizar en la formulaci\u00f3n de pastas electr\u00f3nicas y en el proceso de fabricaci\u00f3n de componentes electr\u00f3nicos como circuitos de pel\u00edcula gruesa, proporciona una garant\u00eda para lograr una buena conductividad y rendimiento de soldadura.<\/p>\n<h2><span style=\"font-size: 14pt;\">Control de calidad<\/span><\/h2>\n<p><a href=\"https:\/\/vimaterial.de\/es\/control-de-calidad\/\"><span style=\"color: #0000ff;\">Cada lote<\/span><\/a> de productos implementa el sistema de control de calidad m\u00e1s estricto, hemos completado los registros de productos, la trazabilidad del producto con una estricta garant\u00eda de calidad. Tenemos un proceso completo para el manejo de productos no conformes, y no fluiremos los productos no conformes al siguiente proceso. Proporcionamos muestras para la reinspecci\u00f3n de los clientes, y tambi\u00e9n apoyamos a las organizaciones de inspecci\u00f3n de terceros designadas por los clientes.<\/p>\n<h2><span style=\"font-size: 14pt;\">Embalaje y almacenamiento<\/span><\/h2>\n<p>El polvo de telururo de cobre se envasa en bolsas o botellas de doble vac\u00edo despu\u00e9s de la doble bolsa. La unidad m\u00ednima de envasado es de 100 g\/botella.<\/p>\n<p>Los polvos de teluro de cobre deben almacenarse en un ambiente seco, fresco y bien sellado, evitando el contacto con el aire, la humedad, los agentes oxidantes fuertes y los \u00e1cidos, y evitando da\u00f1os f\u00edsicos al polvo o aglomeraci\u00f3n debido a la electricidad est\u00e1tica para mantener su estabilidad qu\u00edmica y propiedades f\u00edsicas.<\/p>\n","protected":false},"excerpt":{"rendered":"<p><span style=\"color: #0000ff;\"><a style=\"color: #0000ff;\" href=\"https:\/\/vimaterial.de\/en\/product\/copper-telluride-2\/\">Telururo de cobre<\/a><\/span> El polvo es un polvo compuesto formado por cobre y telurio, generalmente de color negro o gris-negro, con propiedades semiconductoras y tama\u00f1o de part\u00edcula fino, que desempe\u00f1a un papel importante en los campos de la optoelectr\u00f3nica, la termoel\u00e9ctrica y los materiales electr\u00f3nicos.<\/p>\n","protected":false},"featured_media":1003018,"comment_status":"open","ping_status":"closed","template":"","meta":{"_acf_changed":false},"product_brand":[],"product_cat":[181],"product_tag":[],"class_list":{"0":"post-1017146","1":"product","2":"type-product","3":"status-publish","4":"has-post-thumbnail","6":"product_cat-materiales-calcogenuros","8":"first","9":"instock","10":"shipping-taxable","11":"product-type-variable"},"acf":[],"_links":{"self":[{"href":"https:\/\/vimaterial.de\/es\/wp-json\/wp\/v2\/product\/1017146","targetHints":{"allow":["GET"]}}],"collection":[{"href":"https:\/\/vimaterial.de\/es\/wp-json\/wp\/v2\/product"}],"about":[{"href":"https:\/\/vimaterial.de\/es\/wp-json\/wp\/v2\/types\/product"}],"replies":[{"embeddable":true,"href":"https:\/\/vimaterial.de\/es\/wp-json\/wp\/v2\/comments?post=1017146"}],"wp:featuredmedia":[{"embeddable":true,"href":"https:\/\/vimaterial.de\/es\/wp-json\/wp\/v2\/media\/1003018"}],"wp:attachment":[{"href":"https:\/\/vimaterial.de\/es\/wp-json\/wp\/v2\/media?parent=1017146"}],"wp:term":[{"taxonomy":"product_brand","embeddable":true,"href":"https:\/\/vimaterial.de\/es\/wp-json\/wp\/v2\/product_brand?post=1017146"},{"taxonomy":"product_cat","embeddable":true,"href":"https:\/\/vimaterial.de\/es\/wp-json\/wp\/v2\/product_cat?post=1017146"},{"taxonomy":"product_tag","embeddable":true,"href":"https:\/\/vimaterial.de\/es\/wp-json\/wp\/v2\/product_tag?post=1017146"}],"curies":[{"name":"wp","href":"https:\/\/api.w.org\/{rel}","templated":true}]}}