{"id":1017131,"date":"2024-06-17T14:56:34","date_gmt":"2024-06-17T06:56:34","guid":{"rendered":"https:\/\/vimaterial.de\/product\/sulfuro-de-cobre-zinc-y-estano-czts-3\/"},"modified":"2025-04-11T16:21:16","modified_gmt":"2025-04-11T08:21:16","slug":"sulfuro-de-cobre-zinc-y-estano-czts-3","status":"publish","type":"product","link":"https:\/\/vimaterial.de\/es\/product\/sulfuro-de-cobre-zinc-y-estano-czts-3\/","title":{"rendered":"Sulfuro de cobre, zinc y esta\u00f1o (CZTS)"},"content":{"rendered":"<p>Los gr\u00e1nulos <span style=\"color: #0000ff;\"><a style=\"color: #0000ff;\" href=\"https:\/\/vimaterial.de\/es\/product\/sulfuro-de-cobre-zinc-y-estano-czts-2\/\">de sulfuro de cobre, zinc y esta\u00f1o<\/a><\/span> son un tipo de part\u00edculas compuestas tetr\u00e1meras, compuestas principalmente por los elementos de cobre, zinc, esta\u00f1o y azufre, que tienen buenas propiedades fotoel\u00e9ctricas y tienen un gran potencial para su aplicaci\u00f3n en el campo de las c\u00e9lulas solares y otros dispositivos fotoel\u00e9ctricos.<\/p>\n<p>VIMATERIAL suministra gr\u00e1nulos de sulfuro de cobre y zinc y esta\u00f1o, tenemos un suministro abundante, un tiempo de entrega corto, un precio barato y apoyamos pedidos de peque\u00f1as cantidades, sin necesidad de mantener existencias, compre a medida que lo use. Si tiene alguna demanda, p\u00f3ngase en <span style=\"color: #0000ff;\"><a style=\"color: #0000ff;\" href=\"https:\/\/vimaterial.de\/es\/contacto\/\">contacto con nosotros<\/a><\/span> a tiempo.<\/p>\n<h2><span style=\"font-size: 14pt;\">Propiedades f\u00edsicas<\/span><\/h2>\n<p>F\u00f3rmula molecular: Cu\u2082ZnSnS\u2084<\/p>\n<p>Peso molecular: 439.471<\/p>\n<p>Aspecto: generalmente gr\u00e1nulos negros<\/p>\n<p>Densidad: aprox. 4,56 g\/cm\u00b3.<\/p>\n<p>Punto de fusi\u00f3n: 990 \u00b0C<\/p>\n<p>Estructura cristalina: Sistema cristalino tetragonal<\/p>\n<h2><span style=\"font-size: 14pt;\">Aplicaciones<\/span><\/h2>\n<p>Campo fotovoltaico: se puede utilizar para preparar la capa absorbente de las c\u00e9lulas solares de pel\u00edcula delgada, que pueden absorber eficazmente la luz solar y convertir la energ\u00eda luminosa en electricidad en virtud de su ancho de banda prohibido adecuado y su alto coeficiente de absorci\u00f3n, que se espera que reduzca el costo de las c\u00e9lulas solares y aumente la eficiencia de conversi\u00f3n.<\/p>\n<p>Campo fotodetector: En los fotodetectores, estas part\u00edculas pueden producir un efecto fotoel\u00e9ctrico en condiciones de luz para detectar se\u00f1ales de luz, y se pueden utilizar como materiales absorbentes para convertir las se\u00f1ales de luz en se\u00f1ales el\u00e9ctricas, realizando la detecci\u00f3n de la intensidad de la luz, la longitud de onda y otros par\u00e1metros, y desempe\u00f1ando un papel en la comunicaci\u00f3n \u00f3ptica y la detecci\u00f3n \u00f3ptica.<\/p>\n<p>Campo de fotocat\u00e1lisis: Se puede utilizar como fotocatalizador para degradar contaminantes org\u00e1nicos o realizar la descomposici\u00f3n fotocatal\u00edtica del agua para la reacci\u00f3n de producci\u00f3n de hidr\u00f3geno. Bajo la luz, sus pares electr\u00f3n-cavidad pueden participar en reacciones redox, provocando la descomposici\u00f3n de contaminantes org\u00e1nicos o la descomposici\u00f3n del agua en hidr\u00f3geno y ox\u00edgeno.<\/p>\n<h2><span style=\"font-size: 14pt;\">Control de calidad<\/span><\/h2>\n<p><span style=\"color: #0000ff;\"><a style=\"color: #0000ff;\" href=\"https:\/\/vimaterial.de\/es\/control-de-calidad\/\">Cada lote<\/a><\/span> de productos implementa el sistema de control de calidad m\u00e1s estricto, hemos completado los registros de productos, la trazabilidad del producto con una estricta garant\u00eda de calidad. Tenemos un proceso completo para el manejo de productos no conformes, y no fluiremos los productos no conformes al siguiente proceso. Proporcionamos muestras para la reinspecci\u00f3n de los clientes, y tambi\u00e9n apoyamos a las organizaciones de inspecci\u00f3n de terceros designadas por los clientes.<\/p>\n<h2><span style=\"font-size: 14pt;\">Embalaje y almacenamiento<\/span><\/h2>\n<p>Los gr\u00e1nulos de sulfuro de cobre, zinc y esta\u00f1o se envasan en bolsas de vac\u00edo dobles o botellas de vac\u00edo dobles, y la unidad de embalaje m\u00ednima es de 100 g \/ botella.<\/p>\n<p>Los gr\u00e1nulos de sulfuro de cobre, zinc y esta\u00f1o deben almacenarse en un ambiente seco, fresco y sellado, evitando la humedad y la oxidaci\u00f3n, y lejos de fuentes de calor y otras sustancias que puedan producir reacciones qu\u00edmicas, para mantener la estabilidad qu\u00edmica y las propiedades f\u00edsicas de los pellets.<\/p>\n","protected":false},"excerpt":{"rendered":"<p>Los gr\u00e1nulos <span style=\"color: #0000ff;\"><a style=\"color: #0000ff;\" href=\"https:\/\/vimaterial.de\/es\/product\/sulfuro-de-cobre-zinc-y-estano-czts-2\/\">de sulfuro de cobre, zinc y esta\u00f1o<\/a><\/span> son un tipo de part\u00edculas compuestas tetr\u00e1meras, compuestas principalmente por los elementos de cobre, zinc, esta\u00f1o y azufre, que tienen buenas propiedades fotoel\u00e9ctricas y tienen un gran potencial para su aplicaci\u00f3n en el campo de las c\u00e9lulas solares y otros dispositivos fotoel\u00e9ctricos.<\/p>\n<p>VIMATERIAL suministra gr\u00e1nulos de sulfuro de cobre y zinc y esta\u00f1o, tenemos un suministro abundante, un tiempo de entrega corto, un precio barato y apoyamos pedidos de peque\u00f1as cantidades, sin necesidad de mantener existencias, compre a medida que lo use. Si tiene alguna demanda, p\u00f3ngase en <span style=\"color: #0000ff;\"><a style=\"color: #0000ff;\" href=\"https:\/\/vimaterial.de\/es\/contacto\/\">contacto con nosotros<\/a><\/span> a tiempo.<\/p>\n","protected":false},"featured_media":1003034,"comment_status":"open","ping_status":"closed","template":"","meta":{"_acf_changed":false},"product_brand":[],"product_cat":[179],"product_tag":[],"class_list":{"0":"post-1017131","1":"product","2":"type-product","3":"status-publish","4":"has-post-thumbnail","6":"product_cat-materiales-de-evaporacion","8":"first","9":"instock","10":"shipping-taxable","11":"product-type-variable"},"acf":[],"_links":{"self":[{"href":"https:\/\/vimaterial.de\/es\/wp-json\/wp\/v2\/product\/1017131","targetHints":{"allow":["GET"]}}],"collection":[{"href":"https:\/\/vimaterial.de\/es\/wp-json\/wp\/v2\/product"}],"about":[{"href":"https:\/\/vimaterial.de\/es\/wp-json\/wp\/v2\/types\/product"}],"replies":[{"embeddable":true,"href":"https:\/\/vimaterial.de\/es\/wp-json\/wp\/v2\/comments?post=1017131"}],"wp:featuredmedia":[{"embeddable":true,"href":"https:\/\/vimaterial.de\/es\/wp-json\/wp\/v2\/media\/1003034"}],"wp:attachment":[{"href":"https:\/\/vimaterial.de\/es\/wp-json\/wp\/v2\/media?parent=1017131"}],"wp:term":[{"taxonomy":"product_brand","embeddable":true,"href":"https:\/\/vimaterial.de\/es\/wp-json\/wp\/v2\/product_brand?post=1017131"},{"taxonomy":"product_cat","embeddable":true,"href":"https:\/\/vimaterial.de\/es\/wp-json\/wp\/v2\/product_cat?post=1017131"},{"taxonomy":"product_tag","embeddable":true,"href":"https:\/\/vimaterial.de\/es\/wp-json\/wp\/v2\/product_tag?post=1017131"}],"curies":[{"name":"wp","href":"https:\/\/api.w.org\/{rel}","templated":true}]}}