{"id":1017108,"date":"2024-06-17T14:57:38","date_gmt":"2024-06-17T06:57:38","guid":{"rendered":"https:\/\/vimaterial.de\/product\/sulfuro-de-cobre-zinc-y-estano-czts-2\/"},"modified":"2025-04-11T15:57:27","modified_gmt":"2025-04-11T07:57:27","slug":"sulfuro-de-cobre-zinc-y-estano-czts-2","status":"publish","type":"product","link":"https:\/\/vimaterial.de\/es\/product\/sulfuro-de-cobre-zinc-y-estano-czts-2\/","title":{"rendered":"Sulfuro de cobre, zinc y esta\u00f1o (CZTS)"},"content":{"rendered":"<p>El objetivo de pulverizaci\u00f3n <span style=\"color: #0000ff;\"><a style=\"color: #0000ff;\" href=\"https:\/\/vimaterial.de\/es\/product\/sulfuro-de-cobre-zinc-y-estano-czts\/\">cat\u00f3dica de sulfuro de cobre, zinc y esta\u00f1o<\/a> <\/span>es un material utilizado en la tecnolog\u00eda de deposici\u00f3n de pel\u00edcula delgada, que se compone principalmente de elementos de cobre, zinc, esta\u00f1o y azufre. A trav\u00e9s del proceso de pulverizaci\u00f3n cat\u00f3dica, se puede formar una pel\u00edcula de CZTS en el sustrato, lo que es potencialmente aplicable en el campo de las aplicaciones fotovoltaicas, como las c\u00e9lulas solares.<\/p>\n<p>VIMATERIAL suministra objetivos de pulverizaci\u00f3n cat\u00f3dica de sulfuro de cobre, zinc y esta\u00f1o de alta pureza, nuestros objetivos de pulverizaci\u00f3n cat\u00f3dica de sulfuro de cobre, zinc y esta\u00f1o admiten tama\u00f1os y proporciones personalizados, y tambi\u00e9n contamos con servicio de uni\u00f3n de objetivos, contamos con t\u00e9cnicos profesionales que han estado en el campo durante m\u00e1s de 20 a\u00f1os, <span style=\"color: #0000ff;\"><a style=\"color: #0000ff;\" href=\"https:\/\/vimaterial.de\/es\/contacto\/\">cont\u00e1ctenos<\/a><\/span> si lo necesita.<\/p>\n<h2><span style=\"font-size: 14pt;\">Propiedades f\u00edsicas<i class=\"otgs-ico-refresh js-otgs-popover-tooltip tippy-active\" tabindex=\"0\" data-original-title=\"Update French translation\" aria-describedby=\"tippy-2\"><\/i><\/span><\/h2>\n<p>F\u00f3rmula molecular: Cu2ZnSnS4<\/p>\n<p>Peso molecular: alrededor de 439,47 g \/ mol<\/p>\n<p>Aspecto: generalmente blanco negro<\/p>\n<p>Densidad: La densidad te\u00f3rica es de unos 4,56 g\/cm3.<\/p>\n<p>Punto de fusi\u00f3n: alrededor de 990 \u00b0C<\/p>\n<p>Estructura cristalina: Sistema cristalino tetragonal<\/p>\n<h2><span style=\"font-size: 14pt;\">Aplicaciones<\/span><\/h2>\n<p>Campo de energ\u00eda solar: utilizado en la preparaci\u00f3n de c\u00e9lulas solares de pel\u00edcula delgada, como material de capa de absorci\u00f3n, puede absorber eficazmente la luz solar y convertirla en electricidad.<\/p>\n<p>Campo optoelectr\u00f3nico: desempe\u00f1a un papel en la investigaci\u00f3n y el desarrollo de dispositivos optoelectr\u00f3nicos como fotodetectores y l\u00e1seres, utilizando sus propiedades semiconductoras para lograr la conversi\u00f3n fotoel\u00e9ctrica y otras funciones.<\/p>\n<p>Campo de semiconductores: se puede utilizar en la investigaci\u00f3n y desarrollo de materiales semiconductores, proporcionando materiales b\u00e1sicos para el desarrollo de nuevos dispositivos semiconductores y ayudando a mejorar el rendimiento de los dispositivos semiconductores.<\/p>\n<h2><span style=\"font-size: 14pt;\">Control de calidad<\/span><\/h2>\n<p><span style=\"color: #0000ff;\"><a style=\"color: #0000ff;\" href=\"https:\/\/vimaterial.de\/es\/control-de-calidad\/\">Cada lote<\/a><\/span> de productos implementa el sistema de control de calidad m\u00e1s estricto, hemos completado los registros de productos, la trazabilidad del producto con una estricta garant\u00eda de calidad. Tenemos un proceso completo para el manejo de productos no conformes, y no fluiremos los productos no conformes al siguiente proceso. Proporcionamos muestras para la reinspecci\u00f3n de los clientes, y tambi\u00e9n apoyamos a las organizaciones de inspecci\u00f3n de terceros designadas por los clientes.<\/p>\n<h2><span style=\"font-size: 14pt;\">Embalaje y almacenamiento<\/span><\/h2>\n<p>Los objetivos de pulverizaci\u00f3n cat\u00f3dica de sulfuro de cobre, zinc y esta\u00f1o se empaquetan en bolsas de vac\u00edo dobles y luego se empaquetan.<\/p>\n<p>Los objetivos de pulverizaci\u00f3n cat\u00f3dica de sulfuro de cobre, zinc y esta\u00f1o deben almacenarse en un ambiente seco, fresco y bien ventilado, evitando la humedad, la oxidaci\u00f3n y el contacto con sustancias corrosivas, y al mismo tiempo evitando da\u00f1os f\u00edsicos, preferiblemente en paquetes sellados para garantizar que su rendimiento y calidad no se vean afectados.<\/p>\n","protected":false},"excerpt":{"rendered":"<p>El objetivo de pulverizaci\u00f3n <span style=\"color: #0000ff;\"><a style=\"color: #0000ff;\" href=\"https:\/\/vimaterial.de\/es\/product\/sulfuro-de-cobre-zinc-y-estano-czts\/\">cat\u00f3dica de sulfuro de cobre, zinc y esta\u00f1o<\/a> <\/span>es un material utilizado en la tecnolog\u00eda de deposici\u00f3n de pel\u00edcula delgada, que se compone principalmente de elementos de cobre, zinc, esta\u00f1o y azufre. A trav\u00e9s del proceso de pulverizaci\u00f3n cat\u00f3dica, se puede formar una pel\u00edcula de CZTS en el sustrato, lo que es potencialmente aplicable en el campo de las aplicaciones fotovoltaicas, como las c\u00e9lulas solares.<\/p>\n","protected":false},"featured_media":1003034,"comment_status":"open","ping_status":"closed","template":"","meta":{"_acf_changed":false},"product_brand":[],"product_cat":[178],"product_tag":[],"class_list":{"0":"post-1017108","1":"product","2":"type-product","3":"status-publish","4":"has-post-thumbnail","6":"product_cat-catodos-para-sputtering-planar","8":"first","9":"instock","10":"shipping-taxable","11":"product-type-variable"},"acf":[],"_links":{"self":[{"href":"https:\/\/vimaterial.de\/es\/wp-json\/wp\/v2\/product\/1017108","targetHints":{"allow":["GET"]}}],"collection":[{"href":"https:\/\/vimaterial.de\/es\/wp-json\/wp\/v2\/product"}],"about":[{"href":"https:\/\/vimaterial.de\/es\/wp-json\/wp\/v2\/types\/product"}],"replies":[{"embeddable":true,"href":"https:\/\/vimaterial.de\/es\/wp-json\/wp\/v2\/comments?post=1017108"}],"wp:featuredmedia":[{"embeddable":true,"href":"https:\/\/vimaterial.de\/es\/wp-json\/wp\/v2\/media\/1003034"}],"wp:attachment":[{"href":"https:\/\/vimaterial.de\/es\/wp-json\/wp\/v2\/media?parent=1017108"}],"wp:term":[{"taxonomy":"product_brand","embeddable":true,"href":"https:\/\/vimaterial.de\/es\/wp-json\/wp\/v2\/product_brand?post=1017108"},{"taxonomy":"product_cat","embeddable":true,"href":"https:\/\/vimaterial.de\/es\/wp-json\/wp\/v2\/product_cat?post=1017108"},{"taxonomy":"product_tag","embeddable":true,"href":"https:\/\/vimaterial.de\/es\/wp-json\/wp\/v2\/product_tag?post=1017108"}],"curies":[{"name":"wp","href":"https:\/\/api.w.org\/{rel}","templated":true}]}}