{"id":1017106,"date":"2024-06-17T14:57:38","date_gmt":"2024-06-17T06:57:38","guid":{"rendered":"https:\/\/vimaterial.de\/product\/sulfuro-de-cobre-zinc-y-estano-czts\/"},"modified":"2025-04-11T16:10:53","modified_gmt":"2025-04-11T08:10:53","slug":"sulfuro-de-cobre-zinc-y-estano-czts","status":"publish","type":"product","link":"https:\/\/vimaterial.de\/es\/product\/sulfuro-de-cobre-zinc-y-estano-czts\/","title":{"rendered":"Sulfuro de cobre, zinc y esta\u00f1o (CZTS)"},"content":{"rendered":"<p><a href=\"https:\/\/vimaterial.de\/es\/product\/sulfuro-de-cobre-zinc-y-estano-czts-2\/\"><span style=\"color: #0000ff;\">Cobre, zinc, esta\u00f1o sulfuro<\/span><\/a> El polvo es un compuesto tetr\u00e1mero compuesto por cobre, zinc, esta\u00f1o y azufre, que tiene aplicaciones potenciales en campos fotovoltaicos como las c\u00e9lulas solares.<\/p>\n<p>VIMATERIAL suministra polvo de sulfuro de cobre, zinc y esta\u00f1o de alta pureza. El polvo de sulfuro de cobre, zinc y esta\u00f1o que suministramos se caracteriza por una composici\u00f3n controlada, estabilidad del producto, alta pureza y bajas impurezas. Apoyamos pedidos de lotes peque\u00f1os y productos personalizados, \u00a1 <span style=\"color: #0000ff;\"><a style=\"color: #0000ff;\" href=\"https:\/\/vimaterial.de\/es\/contacto\/\">cont\u00e1ctenos!<\/a><\/span><\/p>\n<h2><span style=\"font-size: 14pt;\">Propiedades f\u00edsicas<\/span><\/h2>\n<p>F\u00f3rmula molecular: Cu2ZnSnS4<\/p>\n<p>Peso molecular: alrededor de 439,47 g \/ mol<\/p>\n<p>Aspecto: generalmente p\u00f3lvora negra<\/p>\n<p>Densidad: La densidad te\u00f3rica es de unos 4,56 g\/cm3.<\/p>\n<p>Punto de fusi\u00f3n: alrededor de 990 \u00b0C<\/p>\n<p>Estructura cristalina: Sistema cristalino tetragonal<\/p>\n<h2><span style=\"font-size: 14pt;\">Aplicaciones<\/span><\/h2>\n<p>Campo de c\u00e9lulas solares: utilizado como material de capa absorbente en c\u00e9lulas solares de pel\u00edcula delgada, puede reemplazar CIGS, reducir costos y mejorar el respeto al medio ambiente.<\/p>\n<p>Optoelectr\u00f3nica: Debido a sus excelentes propiedades fotoel\u00e9ctricas, se puede utilizar para preparar fotodetectores de alto rendimiento para detectar y convertir se\u00f1ales luminosas de diferentes longitudes de onda. Adecuado para la fabricaci\u00f3n de dispositivos optoelectr\u00f3nicos como LED, l\u00e1seres, etc., utilizando sus propiedades \u00f3pticas y el\u00e9ctricas para lograr la emisi\u00f3n y el control de la luz.<\/p>\n<p>Sensores: Se pueden utilizar como materiales sensibles para la preparaci\u00f3n de sensores para detectar y detectar sustancias espec\u00edficas o cantidades f\u00edsicas, como sensores de gas y sensores de presi\u00f3n.<\/p>\n<p>Campo de chip de memoria: se puede aplicar al desarrollo y producci\u00f3n de chips de memoria, utilizando sus propiedades el\u00e9ctricas para lograr el almacenamiento y la lectura de datos y otras funciones.<\/p>\n<h2><span style=\"font-size: 14pt;\">Control de calidad<\/span><\/h2>\n<p><span style=\"color: #0000ff;\"><a style=\"color: #0000ff;\" href=\"https:\/\/vimaterial.de\/es\/control-de-calidad\/\">Cada lote<\/a> <\/span>de productos implementa el sistema de control de calidad m\u00e1s estricto, hemos completado los registros de productos, la trazabilidad del producto con una estricta garant\u00eda de calidad. Tenemos un proceso completo para el manejo de productos no conformes, y no fluiremos los productos no conformes al siguiente proceso. Proporcionamos muestras para la reinspecci\u00f3n de los clientes, y tambi\u00e9n apoyamos a las organizaciones de inspecci\u00f3n de terceros designadas por los clientes.<\/p>\n<h2><span style=\"font-size: 14pt;\">Embalaje y almacenamiento<\/span><\/h2>\n<p>El polvo de sulfuro de cobre, zinc y esta\u00f1o se envasa en bolsas o botellas dobles al vac\u00edo con una unidad de embalaje m\u00ednima de 100 g \/ botella.<\/p>\n<p>Los polvos de sulfuro de cobre, zinc y esta\u00f1o deben almacenarse en un ambiente seco, fresco y bien ventilado, protegidos de la humedad, la oxidaci\u00f3n y la luz directa, y lejos de fuentes de ignici\u00f3n y sustancias corrosivas, y preferiblemente en recipientes herm\u00e9ticos para evitar cambios en sus propiedades f\u00edsicas y qu\u00edmicas.<\/p>\n","protected":false},"excerpt":{"rendered":"<p><a href=\"https:\/\/vimaterial.de\/es\/product\/sulfuro-de-cobre-zinc-y-estano-czts-2\/\"><span style=\"color: #0000ff;\">Cobre, zinc, esta\u00f1o sulfuro<\/span><\/a> El polvo es un compuesto tetr\u00e1mero compuesto por cobre, zinc, esta\u00f1o y azufre, que tiene aplicaciones potenciales en campos fotovoltaicos como las c\u00e9lulas solares.<\/p>\n<p>VIMATERIAL suministra polvo de sulfuro de cobre, zinc y esta\u00f1o de alta pureza. El polvo de sulfuro de cobre, zinc y esta\u00f1o que suministramos se caracteriza por una composici\u00f3n controlada, estabilidad del producto, alta pureza y bajas impurezas. Apoyamos pedidos de lotes peque\u00f1os y productos personalizados, \u00a1 <span style=\"color: #0000ff;\"><a style=\"color: #0000ff;\" href=\"https:\/\/vimaterial.de\/es\/contacto\/\">cont\u00e1ctenos!<\/a><\/span><\/p>\n","protected":false},"featured_media":1003034,"comment_status":"open","ping_status":"closed","template":"","meta":{"_acf_changed":false},"product_brand":[],"product_cat":[181],"product_tag":[],"class_list":{"0":"post-1017106","1":"product","2":"type-product","3":"status-publish","4":"has-post-thumbnail","6":"product_cat-materiales-calcogenuros","8":"first","9":"instock","10":"shipping-taxable","11":"product-type-variable"},"acf":[],"_links":{"self":[{"href":"https:\/\/vimaterial.de\/es\/wp-json\/wp\/v2\/product\/1017106","targetHints":{"allow":["GET"]}}],"collection":[{"href":"https:\/\/vimaterial.de\/es\/wp-json\/wp\/v2\/product"}],"about":[{"href":"https:\/\/vimaterial.de\/es\/wp-json\/wp\/v2\/types\/product"}],"replies":[{"embeddable":true,"href":"https:\/\/vimaterial.de\/es\/wp-json\/wp\/v2\/comments?post=1017106"}],"wp:featuredmedia":[{"embeddable":true,"href":"https:\/\/vimaterial.de\/es\/wp-json\/wp\/v2\/media\/1003034"}],"wp:attachment":[{"href":"https:\/\/vimaterial.de\/es\/wp-json\/wp\/v2\/media?parent=1017106"}],"wp:term":[{"taxonomy":"product_brand","embeddable":true,"href":"https:\/\/vimaterial.de\/es\/wp-json\/wp\/v2\/product_brand?post=1017106"},{"taxonomy":"product_cat","embeddable":true,"href":"https:\/\/vimaterial.de\/es\/wp-json\/wp\/v2\/product_cat?post=1017106"},{"taxonomy":"product_tag","embeddable":true,"href":"https:\/\/vimaterial.de\/es\/wp-json\/wp\/v2\/product_tag?post=1017106"}],"curies":[{"name":"wp","href":"https:\/\/api.w.org\/{rel}","templated":true}]}}