{"id":1017081,"date":"2024-06-17T14:57:38","date_gmt":"2024-06-17T06:57:38","guid":{"rendered":"https:\/\/vimaterial.de\/product\/seleniuro-de-cobre-zinc-y-estano\/"},"modified":"2025-04-11T13:50:45","modified_gmt":"2025-04-11T05:50:45","slug":"seleniuro-de-cobre-zinc-y-estano","status":"publish","type":"product","link":"https:\/\/vimaterial.de\/es\/product\/seleniuro-de-cobre-zinc-y-estano\/","title":{"rendered":"Selenide de cobre y zinc esta\u00f1o"},"content":{"rendered":"<p>El objetivo de pulverizaci\u00f3n<a href=\"https:\/\/vimaterial.de\/es\/product\/sulfuro-de-cobre-zinc-y-estano-czts-3\/\"> <span style=\"color: #0000ff;\">Selenide de cobre y zinc esta\u00f1o<\/span><\/a> es un material compuesto que consta de cobre, zinc, esta\u00f1o y selenio, que se utiliza principalmente para la deposici\u00f3n de pel\u00edculas delgadas. La pel\u00edcula delgada CZTSe se puede formar en el sustrato mediante tecnolog\u00eda de pulverizaci\u00f3n cat\u00f3dica y muestra una buena aplicaci\u00f3n en el campo de los convertidores fotovoltaicos, como las c\u00e9lulas solares.<\/p>\n<p>VIMATERIAL suministra objetivos de pulverizaci\u00f3n cat\u00f3dica de seleniuro de cobre, zinc y esta\u00f1o de alta pureza, nuestros objetivos de pulverizaci\u00f3n cat\u00f3dica de sulfuro de cobre, zinc y esta\u00f1o admiten tama\u00f1os y proporciones personalizados, y tambi\u00e9n contamos con servicio de uni\u00f3n de objetivos, contamos con t\u00e9cnicos profesionales que han estado en el campo durante m\u00e1s de 20 a\u00f1os, <span style=\"color: #0000ff;\"><a style=\"color: #0000ff;\" href=\"https:\/\/vimaterial.de\/es\/contacto\/\">cont\u00e1ctenos<\/a><\/span> si lo necesita.<\/p>\n<h2><span style=\"font-size: 14pt;\">Propiedades f\u00edsicas<\/span><\/h2>\n<p>F\u00f3rmula molecular: Cu\u2082ZnSnSe\u2084<\/p>\n<p>Peso molecular: alrededor de 674,88 g\/mol<\/p>\n<p>Aspecto: Generalmente negro o gris-negro<\/p>\n<p>Densidad: La densidad es de aproximadamente 5,5-5,8 g \/ cm\u00b3.<\/p>\n<p>Punto de fusi\u00f3n: punto de fusi\u00f3n en el rango de 900-950 \u00b0C<\/p>\n<p>Estructura cristalina: Tetragonal<\/p>\n<h2><span style=\"font-size: 14pt;\">Aplicaciones<\/span><\/h2>\n<p>Campo solar fotovoltaico: Se puede utilizar como capa absorbente en c\u00e9lulas solares de pel\u00edcula delgada. Con su excelente coeficiente de absorci\u00f3n de luz, puede absorber eficazmente la luz solar y convertirla en electricidad, mejorando as\u00ed la eficiencia de conversi\u00f3n fotoel\u00e9ctrica de las c\u00e9lulas solares.<\/p>\n<p>Campo de fotodetectores: en la fabricaci\u00f3n de fotodetectores, debido a la banda prohibida y las propiedades fotoel\u00e9ctricas adecuadas, pueden responder r\u00e1pidamente a las se\u00f1ales \u00f3pticas, convertir las se\u00f1ales \u00f3pticas en se\u00f1ales el\u00e9ctricas y se utilizan para detectar par\u00e1metros como la intensidad y la frecuencia de la luz.<\/p>\n<p>Campo de dispositivos semiconductores: Como un nuevo tipo de material semiconductor utilizado en la fabricaci\u00f3n de dispositivos semiconductores, como transistores, su estructura cristalina especial y sus propiedades el\u00e9ctricas ayudan a mejorar el rendimiento del dispositivo, como la movilidad del portador y la velocidad de conmutaci\u00f3n.<\/p>\n<p>Campo l\u00e1ser: En la investigaci\u00f3n de materiales l\u00e1ser, es posible utilizarlo en la fabricaci\u00f3n de medios de ganancia l\u00e1ser para lograr la generaci\u00f3n y amplificaci\u00f3n de l\u00e1ser aprovechando sus propiedades de absorci\u00f3n y emisi\u00f3n de luz de longitudes de onda espec\u00edficas.<\/p>\n<h2><span style=\"font-size: 14pt;\">Control de calidad<\/span><\/h2>\n<p><span style=\"color: #0000ff;\"><a style=\"color: #0000ff;\" href=\"https:\/\/vimaterial.de\/es\/control-de-calidad\/\">Cada lote<\/a><\/span> de productos implementa el sistema de control de calidad m\u00e1s estricto, hemos completado los registros de productos, la trazabilidad del producto con una estricta garant\u00eda de calidad. Tenemos un proceso completo para el manejo de productos no conformes, y no fluiremos los productos no conformes al siguiente proceso. Proporcionamos muestras para la reinspecci\u00f3n de los clientes, y tambi\u00e9n apoyamos a las organizaciones de inspecci\u00f3n de terceros designadas por los clientes.<\/p>\n<h2><span style=\"font-size: 14pt;\">Embalaje y almacenamiento<\/span><\/h2>\n<p>Los objetivos de pulverizaci\u00f3n cat\u00f3dica de cobre, zinc, esta\u00f1o, selenuro se empaquetan en bolsas de vac\u00edo dobles y luego se empaquetan.<\/p>\n<p>Los objetivos de pulverizaci\u00f3n cat\u00f3dica de cobre, zinc y esta\u00f1o seleniuro deben almacenarse en un ambiente seco, a baja temperatura, a prueba de luz y bien sellado, evitando el contacto con el aire, la humedad y las sustancias corrosivas, as\u00ed como evitando la colisi\u00f3n f\u00edsica y la extrusi\u00f3n, para mantener su estabilidad qu\u00edmica y propiedades f\u00edsicas.<\/p>\n","protected":false},"excerpt":{"rendered":"<p>El objetivo de pulverizaci\u00f3n<a href=\"https:\/\/vimaterial.de\/es\/product\/sulfuro-de-cobre-zinc-y-estano-czts-3\/\"> <span style=\"color: #0000ff;\">Selenide de cobre y zinc esta\u00f1o<\/span><\/a> es un material compuesto que consta de cobre, zinc, esta\u00f1o y selenio, que se utiliza principalmente para la deposici\u00f3n de pel\u00edculas delgadas. La pel\u00edcula delgada CZTSe se puede formar en el sustrato mediante tecnolog\u00eda de pulverizaci\u00f3n cat\u00f3dica y muestra una buena aplicaci\u00f3n en el campo de los convertidores fotovoltaicos, como las c\u00e9lulas solares.<\/p>\n","protected":false},"featured_media":1003050,"comment_status":"open","ping_status":"closed","template":"","meta":{"_acf_changed":false},"product_brand":[],"product_cat":[178],"product_tag":[],"class_list":{"0":"post-1017081","1":"product","2":"type-product","3":"status-publish","4":"has-post-thumbnail","6":"product_cat-catodos-para-sputtering-planar","8":"first","9":"instock","10":"shipping-taxable","11":"product-type-variable"},"acf":[],"_links":{"self":[{"href":"https:\/\/vimaterial.de\/es\/wp-json\/wp\/v2\/product\/1017081","targetHints":{"allow":["GET"]}}],"collection":[{"href":"https:\/\/vimaterial.de\/es\/wp-json\/wp\/v2\/product"}],"about":[{"href":"https:\/\/vimaterial.de\/es\/wp-json\/wp\/v2\/types\/product"}],"replies":[{"embeddable":true,"href":"https:\/\/vimaterial.de\/es\/wp-json\/wp\/v2\/comments?post=1017081"}],"wp:featuredmedia":[{"embeddable":true,"href":"https:\/\/vimaterial.de\/es\/wp-json\/wp\/v2\/media\/1003050"}],"wp:attachment":[{"href":"https:\/\/vimaterial.de\/es\/wp-json\/wp\/v2\/media?parent=1017081"}],"wp:term":[{"taxonomy":"product_brand","embeddable":true,"href":"https:\/\/vimaterial.de\/es\/wp-json\/wp\/v2\/product_brand?post=1017081"},{"taxonomy":"product_cat","embeddable":true,"href":"https:\/\/vimaterial.de\/es\/wp-json\/wp\/v2\/product_cat?post=1017081"},{"taxonomy":"product_tag","embeddable":true,"href":"https:\/\/vimaterial.de\/es\/wp-json\/wp\/v2\/product_tag?post=1017081"}],"curies":[{"name":"wp","href":"https:\/\/api.w.org\/{rel}","templated":true}]}}